{"id":10007,"date":"2025-02-18T12:14:24","date_gmt":"2025-02-18T11:14:24","guid":{"rendered":"https:\/\/wiejskieprzysmaki.estima.site\/produkt\/herbatka-ajurwedyjska-star-salutation-bio-17-x-19-g-323-g-yogi-tea-edycja-limitowana\/"},"modified":"2025-02-18T12:14:25","modified_gmt":"2025-02-18T11:14:25","slug":"herbatka-ajurwedyjska-star-salutation-bio-17-x-19-g-323-g-yogi-tea-edycja-limitowana","status":"publish","type":"product","link":"https:\/\/wiejskieprzysmaki.estima.site\/en\/product\/herbatka-ajurwedyjska-star-salutation-bio-17-x-19-g-323-g-yogi-tea-edycja-limitowana\/","title":{"rendered":"HERBATKA AJURWEDYJSKA STAR SALUTATION BIO (17 x 1,9 g) 32,3 g &#8211; YOGI TEA (EDYCJA LIMITOWANA)"},"content":{"rendered":"<p>SK\u0141ADNIKI<br \/>trawa cytrynowa* (25 %), mi\u0119ta pieprzowa* (23 %), sza\u0142wia*, imbir*, tulsi* (7 %), rozmaryn*, bazylia*, lukrecja*, tymianek*, kwiat lawendy*, olejek z r\u00f3\u017cowego grejpfruta* (1,4 %), kardamon*. (*certyfikowany sk\u0142adnik ekologiczny)<\/p>\n<p>OPIS<br \/>Ajurwedyjska herbatka z zi\u00f3\u0142 i przypraw korzennych. <br \/>Idealny towarzysz Twojej codziennej Yogi, kt\u00f3ry pozwoli Ci otworzy\u0107 cia\u0142o i umys\u0142. Zio\u0142owe nuty tulsi \u0142\u0105cz\u0105 si\u0119 ze \u015bwie\u017co\u015bci\u0105 mi\u0119ty i trawy cytrynowej oraz lekkimi, owocowymi nutami olejku z r\u00f3\u017cowego grejpfruta. Chwila spokoju przy fili\u017cance pysznej herbaty z tej \u0142agodnej mieszanki pobudza, daje uczucie po\u0142\u0105czenia i pozwala skoncentrowa\u0107 si\u0119 na tym, co istotne.<\/p>\n<p>SPOS\u00d3B PRZYGOTOWANIA<br \/>Zalej torebk\u0119 250 ml \u015bwie\u017co przegotowanej wody i pozostaw do zaparzenia na oko\u0142o 5 minut lub d\u0142u\u017cej &#8211; dla uzyskania g\u0142\u0119bszego aromatu.<\/p>\n<p>ZALECANE WARUNKI PRZECHOWYWANIA<br \/>Przechowywa\u0107 w suchym i ch\u0142odnym miejscu. <\/p>","protected":false},"excerpt":{"rendered":"<p>SK\u0141ADNIKItrawa cytrynowa* (25 %), mi\u0119ta pieprzowa* (23 %), sza\u0142wia*, imbir*, tulsi* (7 %), rozmaryn*, bazylia*, lukrecja*, tymianek*, kwiat lawendy*, olejek z r\u00f3\u017cowego grejpfruta* (1,4 %), kardamon*. (*certyfikowany sk\u0142adnik ekologiczny) OPISAjurwedyjska herbatka z zi\u00f3\u0142 i przypraw korzennych. Idealny towarzysz Twojej codziennej Yogi, kt\u00f3ry pozwoli Ci otworzy\u0107 cia\u0142o i umys\u0142. Zio\u0142owe nuty tulsi \u0142\u0105cz\u0105 si\u0119 ze \u015bwie\u017co\u015bci\u0105 [&hellip;]<\/p>","protected":false},"featured_media":10008,"comment_status":"closed","ping_status":"open","template":"","meta":{"_acf_changed":false},"product_brand":[],"product_cat":[282,478],"product_tag":[],"class_list":{"0":"post-10007","1":"product","2":"type-product","3":"status-publish","4":"has-post-thumbnail","6":"product_cat-herbaty-i-ziola","7":"product_cat-ziolowe-owocowe-mieszanki","8":"pa_ean-matka-7608","9":"pa_gwarancja-przydatnosci-522","10":"pa_ilosc-w-opakowaniu-298","11":"pa_jednostka-podstawowa-szt","12":"pa_kod-cn-2106-90-98","13":"pa_masa-netto-2302","14":"pa_objetosc-brutto-5391","15":"pa_producent-yogi-tea-herbaty-i-herbatki","16":"pa_producent-nazwa-adres-yogi-tea-gmbh-burchardstr-24-d-20095-hamburg","17":"pa_tagi-bez-cukru-w-skladnikach","18":"pa_tagi-bez-glutenu-w-skladnikach","19":"pa_tagi-certyfikat-bio","20":"pa_tagi-weganski","21":"pa_tagi-wegetarianski","23":"first","24":"instock","25":"taxable","26":"shipping-taxable","27":"purchasable","28":"product-type-simple"},"acf":[],"_links":{"self":[{"href":"https:\/\/wiejskieprzysmaki.estima.site\/en\/wp-json\/wp\/v2\/product\/10007","targetHints":{"allow":["GET"]}}],"collection":[{"href":"https:\/\/wiejskieprzysmaki.estima.site\/en\/wp-json\/wp\/v2\/product"}],"about":[{"href":"https:\/\/wiejskieprzysmaki.estima.site\/en\/wp-json\/wp\/v2\/types\/product"}],"replies":[{"embeddable":true,"href":"https:\/\/wiejskieprzysmaki.estima.site\/en\/wp-json\/wp\/v2\/comments?post=10007"}],"wp:featuredmedia":[{"embeddable":true,"href":"https:\/\/wiejskieprzysmaki.estima.site\/en\/wp-json\/wp\/v2\/media\/10008"}],"wp:attachment":[{"href":"https:\/\/wiejskieprzysmaki.estima.site\/en\/wp-json\/wp\/v2\/media?parent=10007"}],"wp:term":[{"taxonomy":"product_brand","embeddable":true,"href":"https:\/\/wiejskieprzysmaki.estima.site\/en\/wp-json\/wp\/v2\/product_brand?post=10007"},{"taxonomy":"product_cat","embeddable":true,"href":"https:\/\/wiejskieprzysmaki.estima.site\/en\/wp-json\/wp\/v2\/product_cat?post=10007"},{"taxonomy":"product_tag","embeddable":true,"href":"https:\/\/wiejskieprzysmaki.estima.site\/en\/wp-json\/wp\/v2\/product_tag?post=10007"}],"curies":[{"name":"wp","href":"https:\/\/api.w.org\/{rel}","templated":true}]}}