{"id":10017,"date":"2025-02-18T12:14:24","date_gmt":"2025-02-18T11:14:24","guid":{"rendered":"https:\/\/wiejskieprzysmaki.estima.site\/produkt\/pierniki-bio-250-g-juchowo\/"},"modified":"2025-02-18T12:14:29","modified_gmt":"2025-02-18T11:14:29","slug":"pierniki-bio-250-g-juchowo","status":"publish","type":"product","link":"https:\/\/wiejskieprzysmaki.estima.site\/en\/product\/pierniki-bio-250-g-juchowo\/","title":{"rendered":"PIERNIKI BIO 250 g &#8211; JUCHOWO"},"content":{"rendered":"<p>SK\u0141ADNIKI<br \/>m\u0105ka PSZENNA* typ 650, cukier trzcinowy*, t\u0142uszcz kokosowy*, mi\u00f3d*, JAJA \u015bwie\u017ce**, MLEKO \u015bwie\u017ce**, przyprawa do piernika* (cynamon*, imbir*, go\u017adziki*, ga\u0142ka muszkato\u0142owa*, kolendra*, kardamon zielony*, pieprz czarny*, any\u017c*, cynamon cejlo\u0144ski*), substancja spulchniaj\u0105ca: wodorow\u0119glan sodu, s\u00f3l morska. (*certyfikowany sk\u0142adnik ekologiczny, **produkt rolnictwa biodynamicznego)<\/p>\n<p>WARTO\u015a\u0106 OD\u017bYWCZA W 100 g<br \/>Warto\u015b\u0107 energetyczna: 1554 kJ\/370 kcal<br \/>T\u0142uszcz: 12,5 g<br \/>w tym kwasy nasycone: 11,3 g<br \/>W\u0119glowodany: 62,8 g<br \/>w tym cukry: 24,7 g<br \/>Bia\u0142ko: 1,0 g<br \/>S\u00f3l: 0,11 g<\/p>\n<p>ZALECANE WARUNKI PRZECHOWYWANIA<br \/>Przechowywa\u0107 w suchym i ch\u0142odnym miejscu.<\/p>","protected":false},"excerpt":{"rendered":"<p>SK\u0141ADNIKIm\u0105ka PSZENNA* typ 650, cukier trzcinowy*, t\u0142uszcz kokosowy*, mi\u00f3d*, JAJA \u015bwie\u017ce**, MLEKO \u015bwie\u017ce**, przyprawa do piernika* (cynamon*, imbir*, go\u017adziki*, ga\u0142ka muszkato\u0142owa*, kolendra*, kardamon zielony*, pieprz czarny*, any\u017c*, cynamon cejlo\u0144ski*), substancja spulchniaj\u0105ca: wodorow\u0119glan sodu, s\u00f3l morska. (*certyfikowany sk\u0142adnik ekologiczny, **produkt rolnictwa biodynamicznego) WARTO\u015a\u0106 OD\u017bYWCZA W 100 gWarto\u015b\u0107 energetyczna: 1554 kJ\/370 kcalT\u0142uszcz: 12,5 gw tym kwasy nasycone: [&hellip;]<\/p>","protected":false},"featured_media":10018,"comment_status":"closed","ping_status":"open","template":"","meta":{"_acf_changed":false},"product_brand":[],"product_cat":[1434,139],"product_tag":[],"class_list":{"0":"post-10017","1":"product","2":"type-product","3":"status-publish","4":"has-post-thumbnail","6":"product_cat-ciastka","7":"product_cat-slodycze-i-przekaski","8":"pa_ean-matka-7614","9":"pa_gwarancja-przydatnosci-535","10":"pa_ilosc-w-opakowaniu-543","11":"pa_jednostka-podstawowa-szt","12":"pa_kod-cn-1905-20-10","13":"pa_masa-netto-480","14":"pa_objetosc-brutto-2763","15":"pa_producent-juchowo-farm-maki-syrop","16":"pa_producent-nazwa-adres-spolka-rolnicza-sp-z-o-o-juchowo-54-a-78-446-silnowo","17":"pa_tagi-certyfikat-bio","18":"pa_tagi-wegetarianski","20":"first","21":"instock","22":"taxable","23":"shipping-taxable","24":"purchasable","25":"product-type-simple"},"acf":[],"_links":{"self":[{"href":"https:\/\/wiejskieprzysmaki.estima.site\/en\/wp-json\/wp\/v2\/product\/10017","targetHints":{"allow":["GET"]}}],"collection":[{"href":"https:\/\/wiejskieprzysmaki.estima.site\/en\/wp-json\/wp\/v2\/product"}],"about":[{"href":"https:\/\/wiejskieprzysmaki.estima.site\/en\/wp-json\/wp\/v2\/types\/product"}],"replies":[{"embeddable":true,"href":"https:\/\/wiejskieprzysmaki.estima.site\/en\/wp-json\/wp\/v2\/comments?post=10017"}],"wp:featuredmedia":[{"embeddable":true,"href":"https:\/\/wiejskieprzysmaki.estima.site\/en\/wp-json\/wp\/v2\/media\/10018"}],"wp:attachment":[{"href":"https:\/\/wiejskieprzysmaki.estima.site\/en\/wp-json\/wp\/v2\/media?parent=10017"}],"wp:term":[{"taxonomy":"product_brand","embeddable":true,"href":"https:\/\/wiejskieprzysmaki.estima.site\/en\/wp-json\/wp\/v2\/product_brand?post=10017"},{"taxonomy":"product_cat","embeddable":true,"href":"https:\/\/wiejskieprzysmaki.estima.site\/en\/wp-json\/wp\/v2\/product_cat?post=10017"},{"taxonomy":"product_tag","embeddable":true,"href":"https:\/\/wiejskieprzysmaki.estima.site\/en\/wp-json\/wp\/v2\/product_tag?post=10017"}],"curies":[{"name":"wp","href":"https:\/\/api.w.org\/{rel}","templated":true}]}}