{"id":10027,"date":"2025-02-18T12:14:35","date_gmt":"2025-02-18T11:14:35","guid":{"rendered":"https:\/\/wiejskieprzysmaki.estima.site\/produkt\/mango-suszone-bio-800-g-bio-planet\/"},"modified":"2025-02-18T12:14:36","modified_gmt":"2025-02-18T11:14:36","slug":"mango-suszone-bio-800-g-bio-planet","status":"publish","type":"product","link":"https:\/\/wiejskieprzysmaki.estima.site\/en\/product\/mango-suszone-bio-800-g-bio-planet\/","title":{"rendered":"MANGO SUSZONE BIO 800 g &#8211; BIO PLANET"},"content":{"rendered":"<p>SK\u0141ADNIKI<br \/>ekologiczne mango suszone 100 %.<\/p>\n<p>OPIS<br \/>Bez dodatku cukr\u00f3w. Zawiera naturalnie wyst\u0119puj\u0105ce cukry.<br \/>Ekologiczne mango suszone to zar\u00f3wno po\u017cywna przek\u0105ska, jak r\u00f3wnie\u017c \u015bwietny dodatek do r\u00f3\u017cnych potraw np. do porannej owsianki lub innych kasz, kompot\u00f3w, deser\u00f3w, sa\u0142atek, ciast, powide\u0142 oraz do nadziewania mi\u0119s. <br \/>Barwa i smak mog\u0105 si\u0119 r\u00f3\u017cni\u0107 w zale\u017cno\u015bci od partii. Na suszonym mango mo\u017ce wyst\u0119powa\u0107 bia\u0142y nalot. Jest to zjawisko naturalne, zwi\u0105zane z wytr\u0105caniem si\u0119 fruktozy, kt\u00f3re nie wp\u0142ywa na jako\u015b\u0107 produktu.<\/p>\n<p>WARTO\u015a\u0106 OD\u017bYWCZA W 100 g<br \/>Warto\u015b\u0107 energetyczna \t1450 kJ\/343 kcal<br \/>T\u0142uszcz \t2,1 g<br \/>w tym kwasy t\u0142uszczowe nasycone \t0,5 g<br \/>W\u0119glowodany \t72 g<br \/>w tym cukry \t72 g<br \/>B\u0142onnik \t8,6 g<br \/>Bia\u0142ko \t4,4 g<br \/>S\u00f3l \t0,07 g<\/p>\n<p>ZALECANE WARUNKI PRZECHOWYWANIA<br \/>Przechowywa\u0107 w suchym i ch\u0142odnym miejscu.<\/p>","protected":false},"excerpt":{"rendered":"<p>SK\u0141ADNIKIekologiczne mango suszone 100 %. OPISBez dodatku cukr\u00f3w. Zawiera naturalnie wyst\u0119puj\u0105ce cukry.Ekologiczne mango suszone to zar\u00f3wno po\u017cywna przek\u0105ska, jak r\u00f3wnie\u017c \u015bwietny dodatek do r\u00f3\u017cnych potraw np. do porannej owsianki lub innych kasz, kompot\u00f3w, deser\u00f3w, sa\u0142atek, ciast, powide\u0142 oraz do nadziewania mi\u0119s. Barwa i smak mog\u0105 si\u0119 r\u00f3\u017cni\u0107 w zale\u017cno\u015bci od partii. Na suszonym mango mo\u017ce [&hellip;]<\/p>","protected":false},"featured_media":10028,"comment_status":"closed","ping_status":"open","template":"","meta":{"_acf_changed":false},"product_brand":[],"product_cat":[830],"product_tag":[],"class_list":{"0":"post-10027","1":"product","2":"type-product","3":"status-publish","4":"has-post-thumbnail","6":"product_cat-orzechy-i-owoce-suszone","7":"pa_ean-matka-7622","8":"pa_ean-matka-1824","9":"pa_gwarancja-przydatnosci-320","10":"pa_ilosc-w-opakowaniu-543","11":"pa_jednostka-podstawowa-szt","12":"pa_kod-cn-0804-50-00","13":"pa_kraj-pochodzenia-skladnikow-burkina-faso","14":"pa_masa-netto-551","15":"pa_objetosc-brutto-3387","16":"pa_producent-bio-planet-seria-fioletowa-owoce-suszone","17":"pa_producent-nazwa-adres-bio-planet-s-a-wilkowa-wies-7-05-084-leszno","18":"pa_tagi-bez-cukru-w-skladnikach","19":"pa_tagi-bez-glutenu-w-skladnikach","20":"pa_tagi-certyfikat-bio","21":"pa_tagi-weganski","22":"pa_tagi-wegetarianski","24":"first","25":"instock","26":"taxable","27":"shipping-taxable","28":"purchasable","29":"product-type-simple"},"acf":[],"_links":{"self":[{"href":"https:\/\/wiejskieprzysmaki.estima.site\/en\/wp-json\/wp\/v2\/product\/10027","targetHints":{"allow":["GET"]}}],"collection":[{"href":"https:\/\/wiejskieprzysmaki.estima.site\/en\/wp-json\/wp\/v2\/product"}],"about":[{"href":"https:\/\/wiejskieprzysmaki.estima.site\/en\/wp-json\/wp\/v2\/types\/product"}],"replies":[{"embeddable":true,"href":"https:\/\/wiejskieprzysmaki.estima.site\/en\/wp-json\/wp\/v2\/comments?post=10027"}],"wp:featuredmedia":[{"embeddable":true,"href":"https:\/\/wiejskieprzysmaki.estima.site\/en\/wp-json\/wp\/v2\/media\/10028"}],"wp:attachment":[{"href":"https:\/\/wiejskieprzysmaki.estima.site\/en\/wp-json\/wp\/v2\/media?parent=10027"}],"wp:term":[{"taxonomy":"product_brand","embeddable":true,"href":"https:\/\/wiejskieprzysmaki.estima.site\/en\/wp-json\/wp\/v2\/product_brand?post=10027"},{"taxonomy":"product_cat","embeddable":true,"href":"https:\/\/wiejskieprzysmaki.estima.site\/en\/wp-json\/wp\/v2\/product_cat?post=10027"},{"taxonomy":"product_tag","embeddable":true,"href":"https:\/\/wiejskieprzysmaki.estima.site\/en\/wp-json\/wp\/v2\/product_tag?post=10027"}],"curies":[{"name":"wp","href":"https:\/\/api.w.org\/{rel}","templated":true}]}}