{"id":10033,"date":"2025-02-18T12:14:35","date_gmt":"2025-02-18T11:14:35","guid":{"rendered":"https:\/\/wiejskieprzysmaki.estima.site\/produkt\/chleb-kanapkowy-krojony-bezglutenowy-2-x-200-g-400-g-glutenex\/"},"modified":"2025-02-18T12:14:41","modified_gmt":"2025-02-18T11:14:41","slug":"chleb-kanapkowy-krojony-bezglutenowy-2-x-200-g-400-g-glutenex","status":"publish","type":"product","link":"https:\/\/wiejskieprzysmaki.estima.site\/en\/product\/chleb-kanapkowy-krojony-bezglutenowy-2-x-200-g-400-g-glutenex\/","title":{"rendered":"CHLEB KANAPKOWY KROJONY BEZGLUTENOWY (2 x 200 g) 400 g &#8211; GLUTENEX"},"content":{"rendered":"<p>SK\u0141ADNIKI <br \/>skrobia kukurydziana, woda, skrobia PSZENNA bezglutenowa, cukier, olej rzepakowy, dro\u017cd\u017ce, b\u0142onnik ro\u015blinny, s\u00f3l, substancja zag\u0119szczaj\u0105ca: hydroksypropylometyloceluloza, emulgator: mono- i diglicerydy kwas\u00f3w t\u0142uszczowych.<\/p>\n<p>OPIS<br \/>Pakowany w atmosferze ochronnej. <br \/>Aby przywr\u00f3ci\u0107 \u015bwie\u017co\u015b\u0107 nale\u017cy podgrza\u0107 na parze lub w piekarniku.<\/p>\n<p>WARTO\u015a\u0106 OD\u017bYWCZA W 100 g <br \/>Warto\u015b\u0107 energetyczna: 1256 kJ\/297 kcal<br \/>T\u0142uszcz: 4,5 g <br \/>w tym kwasy t\u0142uszczowe nasycone: 0,8 g <br \/>W\u0119glowodany: 62 g <br \/>w tym cukry: 5,8 g <br \/>Bia\u0142ko: 0,5 g <br \/>S\u00f3l: 1,8 g <\/p>\n<p>INFORMACJA ALERGENNA<br \/>Mo\u017ce zawiera\u0107 JAJA, MLEKO, SOJ\u0118, ORZECHY, ORZESZKI ZIEMNE i sezam.<\/p>\n<p>ZALECANE WARUNKI PRZECHOWYWANIA<br \/>Przechowywa\u0107 w suchym i ch\u0142odnym miejscu. Po otwarciu przechowywa\u0107 w temperaturze 0-8\u00b0C, spo\u017cy\u0107 w ci\u0105gu 48 h. <\/p>","protected":false},"excerpt":{"rendered":"<p>SK\u0141ADNIKI skrobia kukurydziana, woda, skrobia PSZENNA bezglutenowa, cukier, olej rzepakowy, dro\u017cd\u017ce, b\u0142onnik ro\u015blinny, s\u00f3l, substancja zag\u0119szczaj\u0105ca: hydroksypropylometyloceluloza, emulgator: mono- i diglicerydy kwas\u00f3w t\u0142uszczowych. OPISPakowany w atmosferze ochronnej. Aby przywr\u00f3ci\u0107 \u015bwie\u017co\u015b\u0107 nale\u017cy podgrza\u0107 na parze lub w piekarniku. WARTO\u015a\u0106 OD\u017bYWCZA W 100 g Warto\u015b\u0107 energetyczna: 1256 kJ\/297 kcalT\u0142uszcz: 4,5 g w tym kwasy t\u0142uszczowe nasycone: 0,8 [&hellip;]<\/p>","protected":false},"featured_media":10034,"comment_status":"closed","ping_status":"open","template":"","meta":{"_acf_changed":false},"product_brand":[],"product_cat":[1437,64],"product_tag":[],"class_list":{"0":"post-10033","1":"product","2":"type-product","3":"status-publish","4":"has-post-thumbnail","6":"product_cat-chleby-bulki","7":"product_cat-pieczywo","8":"pa_ean-matka-7628","9":"pa_gwarancja-przydatnosci-1171","10":"pa_ilosc-w-opakowaniu-401","11":"pa_jednostka-podstawowa-szt","12":"pa_kod-cn-1905-90-80","13":"pa_masa-netto-268","14":"pa_objetosc-brutto-7626","15":"pa_producent-glutenex-chleby-ciastka-makarony","16":"pa_producent-nazwa-adres-glutenex-sp-z-o-o-sady-ul-ludowa-6-62-080-tarnowo-podgorne","17":"pa_tagi-bez-glutenu-deklaracja","18":"pa_tagi-bez-glutenu-w-skladnikach","19":"pa_tagi-weganski","20":"pa_tagi-wegetarianski","22":"first","23":"instock","24":"taxable","25":"shipping-taxable","26":"purchasable","27":"product-type-simple"},"acf":[],"_links":{"self":[{"href":"https:\/\/wiejskieprzysmaki.estima.site\/en\/wp-json\/wp\/v2\/product\/10033","targetHints":{"allow":["GET"]}}],"collection":[{"href":"https:\/\/wiejskieprzysmaki.estima.site\/en\/wp-json\/wp\/v2\/product"}],"about":[{"href":"https:\/\/wiejskieprzysmaki.estima.site\/en\/wp-json\/wp\/v2\/types\/product"}],"replies":[{"embeddable":true,"href":"https:\/\/wiejskieprzysmaki.estima.site\/en\/wp-json\/wp\/v2\/comments?post=10033"}],"wp:featuredmedia":[{"embeddable":true,"href":"https:\/\/wiejskieprzysmaki.estima.site\/en\/wp-json\/wp\/v2\/media\/10034"}],"wp:attachment":[{"href":"https:\/\/wiejskieprzysmaki.estima.site\/en\/wp-json\/wp\/v2\/media?parent=10033"}],"wp:term":[{"taxonomy":"product_brand","embeddable":true,"href":"https:\/\/wiejskieprzysmaki.estima.site\/en\/wp-json\/wp\/v2\/product_brand?post=10033"},{"taxonomy":"product_cat","embeddable":true,"href":"https:\/\/wiejskieprzysmaki.estima.site\/en\/wp-json\/wp\/v2\/product_cat?post=10033"},{"taxonomy":"product_tag","embeddable":true,"href":"https:\/\/wiejskieprzysmaki.estima.site\/en\/wp-json\/wp\/v2\/product_tag?post=10033"}],"curies":[{"name":"wp","href":"https:\/\/api.w.org\/{rel}","templated":true}]}}