{"id":10043,"date":"2025-02-18T12:14:35","date_gmt":"2025-02-18T11:14:35","guid":{"rendered":"https:\/\/wiejskieprzysmaki.estima.site\/produkt\/biszkopty-mini-bez-dodatku-cukrow-bezglutenowe-85-g-glutenex\/"},"modified":"2025-02-18T12:14:51","modified_gmt":"2025-02-18T11:14:51","slug":"biszkopty-mini-bez-dodatku-cukrow-bezglutenowe-85-g-glutenex","status":"publish","type":"product","link":"https:\/\/wiejskieprzysmaki.estima.site\/en\/product\/biszkopty-mini-bez-dodatku-cukrow-bezglutenowe-85-g-glutenex\/","title":{"rendered":"BISZKOPTY MINI BEZ DODATKU CUKR\u00d3W BEZGLUTENOWE 85 g &#8211; GLUTENEX"},"content":{"rendered":"<p>SK\u0141ADNIKI <br \/>JAJA, skrobia kukurydziana, substancja s\u0142odz\u0105ca: maltitol, skrobia PSZENNA bezglutenowa, skrobia ry\u017cowa, emulgatory: estry kwas\u00f3w t\u0142uszczowych i poliglicerolu, mono- i diglicerydy kwas\u00f3w t\u0142uszczowych; proszek do pieczenia bezglutenowy (regulator kwasowo\u015bci: difosforany, substancja spulchniaj\u0105ca: w\u0119glany sodu, skrobia ziemniaczana, skrobia kukurydziana), substancja zag\u0119szczaj\u0105ca: s\u00f3l sodowa karboksymetylocelulozy, guma celulozowa.<\/p>\n<p>OPIS<br \/>Zawiera naturalnie wyst\u0119puj\u0105ce cukry. Zawiera substancj\u0119 s\u0142odz\u0105c\u0105. Spo\u017cycie w nadmiernych ilo\u015bciach mo\u017ce mie\u0107 efekt przeczyszczaj\u0105cy. <\/p>\n<p>WARTO\u015a\u0106 OD\u017bYWCZA W 100 g<br \/>Warto\u015b\u0107 energetyczna: 1531 kJ\/364 kcal <br \/>T\u0142uszcz: 6,3 g <br \/>w tym kwasy t\u0142uszczowe nasycone: 3,3 g <br \/>W\u0119glowodany: 83 g <br \/>w tym cukry: 0 g <br \/>Bia\u0142ko: 6,5 g <br \/>S\u00f3l: 0,55 g <\/p>\n<p>INFORMACJA ALERGENNA<br \/>Mo\u017ce zawiera\u0107 MLEKO, SOJ\u0118, ORZECHY, ORZESZKI ZIEMNE, SEZAM<\/p>\n<p>ZALECANE WARUNKI PRZECHOWYWANIA<br \/>Przechowywa\u0107 w suchym i ch\u0142odnym miejscu <\/p>","protected":false},"excerpt":{"rendered":"<p>SK\u0141ADNIKI JAJA, skrobia kukurydziana, substancja s\u0142odz\u0105ca: maltitol, skrobia PSZENNA bezglutenowa, skrobia ry\u017cowa, emulgatory: estry kwas\u00f3w t\u0142uszczowych i poliglicerolu, mono- i diglicerydy kwas\u00f3w t\u0142uszczowych; proszek do pieczenia bezglutenowy (regulator kwasowo\u015bci: difosforany, substancja spulchniaj\u0105ca: w\u0119glany sodu, skrobia ziemniaczana, skrobia kukurydziana), substancja zag\u0119szczaj\u0105ca: s\u00f3l sodowa karboksymetylocelulozy, guma celulozowa. OPISZawiera naturalnie wyst\u0119puj\u0105ce cukry. Zawiera substancj\u0119 s\u0142odz\u0105c\u0105. Spo\u017cycie w nadmiernych [&hellip;]<\/p>","protected":false},"featured_media":10044,"comment_status":"closed","ping_status":"open","template":"","meta":{"_acf_changed":false},"product_brand":[],"product_cat":[1434,139],"product_tag":[],"class_list":{"0":"post-10043","1":"product","2":"type-product","3":"status-publish","4":"has-post-thumbnail","6":"product_cat-ciastka","7":"product_cat-slodycze-i-przekaski","8":"pa_ean-matka-7636","9":"pa_gwarancja-przydatnosci-522","10":"pa_ilosc-w-opakowaniu-392","11":"pa_jednostka-podstawowa-szt","12":"pa_kod-cn-1905-90-80","13":"pa_masa-netto-7406","14":"pa_objetosc-brutto-7635","15":"pa_producent-glutenex-chleby-ciastka-makarony","16":"pa_producent-nazwa-adres-glutenex-sp-z-o-o-sady-ul-ludowa-6-62-080-tarnowo-podgorne","17":"pa_tagi-bez-cukru-w-skladnikach","18":"pa_tagi-bez-glutenu-deklaracja","19":"pa_tagi-bez-glutenu-w-skladnikach","20":"pa_tagi-wegetarianski","22":"first","23":"instock","24":"taxable","25":"shipping-taxable","26":"purchasable","27":"product-type-simple"},"acf":[],"_links":{"self":[{"href":"https:\/\/wiejskieprzysmaki.estima.site\/en\/wp-json\/wp\/v2\/product\/10043","targetHints":{"allow":["GET"]}}],"collection":[{"href":"https:\/\/wiejskieprzysmaki.estima.site\/en\/wp-json\/wp\/v2\/product"}],"about":[{"href":"https:\/\/wiejskieprzysmaki.estima.site\/en\/wp-json\/wp\/v2\/types\/product"}],"replies":[{"embeddable":true,"href":"https:\/\/wiejskieprzysmaki.estima.site\/en\/wp-json\/wp\/v2\/comments?post=10043"}],"wp:featuredmedia":[{"embeddable":true,"href":"https:\/\/wiejskieprzysmaki.estima.site\/en\/wp-json\/wp\/v2\/media\/10044"}],"wp:attachment":[{"href":"https:\/\/wiejskieprzysmaki.estima.site\/en\/wp-json\/wp\/v2\/media?parent=10043"}],"wp:term":[{"taxonomy":"product_brand","embeddable":true,"href":"https:\/\/wiejskieprzysmaki.estima.site\/en\/wp-json\/wp\/v2\/product_brand?post=10043"},{"taxonomy":"product_cat","embeddable":true,"href":"https:\/\/wiejskieprzysmaki.estima.site\/en\/wp-json\/wp\/v2\/product_cat?post=10043"},{"taxonomy":"product_tag","embeddable":true,"href":"https:\/\/wiejskieprzysmaki.estima.site\/en\/wp-json\/wp\/v2\/product_tag?post=10043"}],"curies":[{"name":"wp","href":"https:\/\/api.w.org\/{rel}","templated":true}]}}