{"id":10047,"date":"2025-02-18T12:14:52","date_gmt":"2025-02-18T11:14:52","guid":{"rendered":"https:\/\/wiejskieprzysmaki.estima.site\/produkt\/groszek-ptysiowy-bez-dodatku-cukrow-bezglutenowy-50-g-glutenex\/"},"modified":"2025-02-18T12:14:53","modified_gmt":"2025-02-18T11:14:53","slug":"groszek-ptysiowy-bez-dodatku-cukrow-bezglutenowy-50-g-glutenex","status":"publish","type":"product","link":"https:\/\/wiejskieprzysmaki.estima.site\/en\/product\/groszek-ptysiowy-bez-dodatku-cukrow-bezglutenowy-50-g-glutenex\/","title":{"rendered":"GROSZEK PTYSIOWY BEZ DODATKU CUKR\u00d3W BEZGLUTENOWY 50 g &#8211; GLUTENEX"},"content":{"rendered":"<p>SK\u0141ADNIKI <br \/>JAJA, skrobia kukurydziana, woda, margaryna [oleje i t\u0142uszcze ro\u015blinne (olej rzepakowy, ca\u0142kowicie uwodorniony olej rzepakowy), woda, emulgatory: mono- i diglicerydy kwas\u00f3w t\u0142uszczowych, estry kwas\u00f3w t\u0142uszczowych i poliglicerolu; s\u00f3l, regulator kwasowo\u015bci: kwas cytrynowy; aromat], skrobia PSZENNA bezglutenowa <\/p>\n<p>WARTO\u015a\u0106 OD\u017bYWCZA W 100 g<br \/>Warto\u015b\u0107 energetyczna: 1998 kJ\/478 kcal <br \/>T\u0142uszcz: 28 g <br \/>w tym kwasy t\u0142uszczowe nasycone: 11 g<br \/>W\u0119glowodany: 45 g <br \/>w tym cukry: 0 g <br \/>Bia\u0142ko: 11 g <br \/>S\u00f3l: 0,43 g <\/p>\n<p>INFORMACJA ALERGENNA<br \/>Mo\u017ce zawiera\u0107 MLEKO, SOJ\u0118, ORZECHY, ORZESZKI ZIEMNE, SEZAM<\/p>\n<p>ZALECANE WARUNKI PRZECHOWYWANIA<br \/>Przechowywa\u0107 w miejscu suchym i ch\u0142odnym <\/p>","protected":false},"excerpt":{"rendered":"<p>SK\u0141ADNIKI JAJA, skrobia kukurydziana, woda, margaryna [oleje i t\u0142uszcze ro\u015blinne (olej rzepakowy, ca\u0142kowicie uwodorniony olej rzepakowy), woda, emulgatory: mono- i diglicerydy kwas\u00f3w t\u0142uszczowych, estry kwas\u00f3w t\u0142uszczowych i poliglicerolu; s\u00f3l, regulator kwasowo\u015bci: kwas cytrynowy; aromat], skrobia PSZENNA bezglutenowa WARTO\u015a\u0106 OD\u017bYWCZA W 100 gWarto\u015b\u0107 energetyczna: 1998 kJ\/478 kcal T\u0142uszcz: 28 g w tym kwasy t\u0142uszczowe nasycone: 11 [&hellip;]<\/p>","protected":false},"featured_media":10048,"comment_status":"closed","ping_status":"open","template":"","meta":{"_acf_changed":false},"product_brand":[],"product_cat":[2246,139],"product_tag":[],"class_list":{"0":"post-10047","1":"product","2":"type-product","3":"status-publish","4":"has-post-thumbnail","6":"product_cat-paluszki-precelki","7":"product_cat-slodycze-i-przekaski","8":"pa_ean-matka-7639","9":"pa_gwarancja-przydatnosci-311","10":"pa_ilosc-w-opakowaniu-350","11":"pa_jednostka-podstawowa-szt","12":"pa_kod-cn-1905-90-80","13":"pa_masa-netto-461","14":"pa_objetosc-brutto-7638","15":"pa_producent-glutenex-chleby-ciastka-makarony","16":"pa_producent-nazwa-adres-glutenex-sp-z-o-o-sady-ul-ludowa-6-62-080-tarnowo-podgorne","17":"pa_tagi-bez-cukru-w-skladnikach","18":"pa_tagi-bez-glutenu-deklaracja","19":"pa_tagi-bez-glutenu-w-skladnikach","20":"pa_tagi-wegetarianski","22":"first","23":"instock","24":"taxable","25":"shipping-taxable","26":"purchasable","27":"product-type-simple"},"acf":[],"_links":{"self":[{"href":"https:\/\/wiejskieprzysmaki.estima.site\/en\/wp-json\/wp\/v2\/product\/10047","targetHints":{"allow":["GET"]}}],"collection":[{"href":"https:\/\/wiejskieprzysmaki.estima.site\/en\/wp-json\/wp\/v2\/product"}],"about":[{"href":"https:\/\/wiejskieprzysmaki.estima.site\/en\/wp-json\/wp\/v2\/types\/product"}],"replies":[{"embeddable":true,"href":"https:\/\/wiejskieprzysmaki.estima.site\/en\/wp-json\/wp\/v2\/comments?post=10047"}],"wp:featuredmedia":[{"embeddable":true,"href":"https:\/\/wiejskieprzysmaki.estima.site\/en\/wp-json\/wp\/v2\/media\/10048"}],"wp:attachment":[{"href":"https:\/\/wiejskieprzysmaki.estima.site\/en\/wp-json\/wp\/v2\/media?parent=10047"}],"wp:term":[{"taxonomy":"product_brand","embeddable":true,"href":"https:\/\/wiejskieprzysmaki.estima.site\/en\/wp-json\/wp\/v2\/product_brand?post=10047"},{"taxonomy":"product_cat","embeddable":true,"href":"https:\/\/wiejskieprzysmaki.estima.site\/en\/wp-json\/wp\/v2\/product_cat?post=10047"},{"taxonomy":"product_tag","embeddable":true,"href":"https:\/\/wiejskieprzysmaki.estima.site\/en\/wp-json\/wp\/v2\/product_tag?post=10047"}],"curies":[{"name":"wp","href":"https:\/\/api.w.org\/{rel}","templated":true}]}}