{"id":10049,"date":"2025-02-18T12:14:52","date_gmt":"2025-02-18T11:14:52","guid":{"rendered":"https:\/\/wiejskieprzysmaki.estima.site\/produkt\/bulki-sniadaniowe-bezglutenowe-3-szt-120-g-incola\/"},"modified":"2025-02-18T12:14:57","modified_gmt":"2025-02-18T11:14:57","slug":"bulki-sniadaniowe-bezglutenowe-3-szt-120-g-incola","status":"publish","type":"product","link":"https:\/\/wiejskieprzysmaki.estima.site\/en\/product\/bulki-sniadaniowe-bezglutenowe-3-szt-120-g-incola\/","title":{"rendered":"BU\u0141KI \u015aNIADANIOWE BEZGLUTENOWE (3 szt.) 120 g &#8211; INCOLA"},"content":{"rendered":"<p>SK\u0141ADNIKI <br \/>woda, skrobie (tapiokowa, ziemniaczana, kukurydziana), m\u0105ki (ry\u017cowa, kukurydziana), olej s\u0142onecznikowy, dro\u017cd\u017ce, syrop winogronowy, bia\u0142ko JAJA kurzego, substancja utrzymuj\u0105ca wilgo\u0107 (glicerol), b\u0142onnik ro\u015blinny (z babki jajowatej), s\u00f3l, substancje zag\u0119szczaj\u0105ce (hydroksypropylometyloceluloza, guma ksantanowa), cukier, aromat. <\/p>\n<p>OPIS <br \/>Mi\u0119kka i bezglutenowa bu\u0142ka, w po\u0142\u0105czeniu z ulubionymi dodatkami idealnie sprawdzi si\u0119 na \u015bniadanie, drugie \u015bniadanie lub szybki lunch&#8230;<br \/>Jest bardzo uniwersalna i niepodwa\u017calnie pyszna.<br \/>Produkt do bezpo\u015bredniego spo\u017cycia. Mo\u017ce by\u0107 r\u00f3wnie\u017c odgrzewany w tosterze lub piekarniku. <br \/>Produkt pakowany w atmosferze ochronnej.<\/p>\n<p>WARTO\u015a\u0106 OD\u017bYWCZA W 100 g<br \/>Warto\u015b\u0107 energetyczna: 1246 kJ\/297 kcal<br \/>T\u0142uszcz: 8,7 g<br \/>w tym kwasy t\u0142uszczowe nasycone: 2,2 g<br \/>W\u0119glowodany: 46,9 g<br \/>w tym cukry: 7,0 g<br \/>B\u0142onnik: 7,1 g<br \/>Bia\u0142ko: 4,0 g<br \/>S\u00f3l: 1,11 g  <\/p>\n<p>INFORMACJA ALERGENNA<br \/>Mo\u017ce zawiera\u0107 bia\u0142ka mleka.<\/p>\n<p>ZALECANE WARUNKI PRZECHOWYWANIA<br \/>Przechowywa\u0107 w suchym i ch\u0142odnym miejscu.<\/p>","protected":false},"excerpt":{"rendered":"<p>SK\u0141ADNIKI woda, skrobie (tapiokowa, ziemniaczana, kukurydziana), m\u0105ki (ry\u017cowa, kukurydziana), olej s\u0142onecznikowy, dro\u017cd\u017ce, syrop winogronowy, bia\u0142ko JAJA kurzego, substancja utrzymuj\u0105ca wilgo\u0107 (glicerol), b\u0142onnik ro\u015blinny (z babki jajowatej), s\u00f3l, substancje zag\u0119szczaj\u0105ce (hydroksypropylometyloceluloza, guma ksantanowa), cukier, aromat. OPIS Mi\u0119kka i bezglutenowa bu\u0142ka, w po\u0142\u0105czeniu z ulubionymi dodatkami idealnie sprawdzi si\u0119 na \u015bniadanie, drugie \u015bniadanie lub szybki lunch&#8230;Jest bardzo [&hellip;]<\/p>","protected":false},"featured_media":10050,"comment_status":"closed","ping_status":"open","template":"","meta":{"_acf_changed":false},"product_brand":[],"product_cat":[1437,64],"product_tag":[],"class_list":{"0":"post-10049","1":"product","2":"type-product","3":"status-publish","4":"has-post-thumbnail","6":"product_cat-chleby-bulki","7":"product_cat-pieczywo","8":"pa_ean-matka-7643","9":"pa_gwarancja-przydatnosci-535","10":"pa_ilosc-w-opakowaniu-374","11":"pa_jednostka-podstawowa-szt","12":"pa_kod-cn-1905-90-80","13":"pa_masa-netto-411","14":"pa_objetosc-brutto-7641","15":"pa_producent-incola-bezglutenowe-pieczywo-i-wafle","16":"pa_producent-nazwa-adres-gfs-poland-sp-z-o-o-ul-komorowicka-110-43-300-bielsko-biala","17":"pa_tagi-bez-glutenu-deklaracja","18":"pa_tagi-bez-glutenu-w-skladnikach","19":"pa_tagi-wegetarianski","21":"first","22":"instock","23":"taxable","24":"shipping-taxable","25":"purchasable","26":"product-type-simple"},"acf":[],"_links":{"self":[{"href":"https:\/\/wiejskieprzysmaki.estima.site\/en\/wp-json\/wp\/v2\/product\/10049","targetHints":{"allow":["GET"]}}],"collection":[{"href":"https:\/\/wiejskieprzysmaki.estima.site\/en\/wp-json\/wp\/v2\/product"}],"about":[{"href":"https:\/\/wiejskieprzysmaki.estima.site\/en\/wp-json\/wp\/v2\/types\/product"}],"replies":[{"embeddable":true,"href":"https:\/\/wiejskieprzysmaki.estima.site\/en\/wp-json\/wp\/v2\/comments?post=10049"}],"wp:featuredmedia":[{"embeddable":true,"href":"https:\/\/wiejskieprzysmaki.estima.site\/en\/wp-json\/wp\/v2\/media\/10050"}],"wp:attachment":[{"href":"https:\/\/wiejskieprzysmaki.estima.site\/en\/wp-json\/wp\/v2\/media?parent=10049"}],"wp:term":[{"taxonomy":"product_brand","embeddable":true,"href":"https:\/\/wiejskieprzysmaki.estima.site\/en\/wp-json\/wp\/v2\/product_brand?post=10049"},{"taxonomy":"product_cat","embeddable":true,"href":"https:\/\/wiejskieprzysmaki.estima.site\/en\/wp-json\/wp\/v2\/product_cat?post=10049"},{"taxonomy":"product_tag","embeddable":true,"href":"https:\/\/wiejskieprzysmaki.estima.site\/en\/wp-json\/wp\/v2\/product_tag?post=10049"}],"curies":[{"name":"wp","href":"https:\/\/api.w.org\/{rel}","templated":true}]}}