{"id":10051,"date":"2025-02-18T12:14:52","date_gmt":"2025-02-18T11:14:52","guid":{"rendered":"https:\/\/wiejskieprzysmaki.estima.site\/produkt\/bajgle-z-makiem-bezglutenowe-2-szt-190-g-incola\/"},"modified":"2025-02-18T12:14:58","modified_gmt":"2025-02-18T11:14:58","slug":"bajgle-z-makiem-bezglutenowe-2-szt-190-g-incola","status":"publish","type":"product","link":"https:\/\/wiejskieprzysmaki.estima.site\/en\/product\/bajgle-z-makiem-bezglutenowe-2-szt-190-g-incola\/","title":{"rendered":"BAJGLE Z MAKIEM BEZGLUTENOWE (2 szt.) 190 g &#8211; INCOLA"},"content":{"rendered":"<p>SK\u0141ADNIKI <br \/>woda, skrobie (tapiokowa, ziemniaczana, kukurydziana), m\u0105ki (ry\u017cowa, kukurydziana), mak 7,4 %, olej s\u0142onecznikowy, dro\u017cd\u017ce, syrop winogronowy, bia\u0142ko JAJA kurzego, substancja utrzymuj\u0105ca wilgo\u0107 (glicerol), b\u0142onnik ro\u015blinny (z babki jajowatej), cukier, s\u00f3l, substancje zag\u0119szczaj\u0105ce (hydroksypropylometyloceluloza, guma ksantanowa). <\/p>\n<p>OPIS <br \/>Popularna na ca\u0142ym \u015bwiecie bu\u0142ka w kszta\u0142cie oponki. Mi\u0119kka i puszysta w \u015brodku, a z wierzchu posypana du\u017c\u0105 ilo\u015bci\u0105 maku.<br \/>Produkt pakowany w atmosferze ochronnej.<br \/>Produkt do bezpo\u015bredniego spo\u017cycia. Mo\u017ce by\u0107 r\u00f3wnie\u017c odgrzewany w tosterze lub piekarniku.<\/p>\n<p>WARTO\u015a\u0106 OD\u017bYWCZA W 100 g<br \/>Warto\u015b\u0107 energetyczna: 1219 kJ\/290 kcal<br \/>T\u0142uszcz: 6,9 g<br \/>w tym kwasy t\u0142uszczowe nasycone: 0,9 g<br \/>W\u0119glowodany: 49,2 g<br \/>w tym cukry: 6,4 g<br \/>B\u0142onnik: 6,6 g<br \/>Bia\u0142ko: 4,4 g<br \/>S\u00f3l: 1,15 g<\/p>\n<p>INFORMACJA ALERGENNA<br \/>Mo\u017ce zawiera\u0107 bia\u0142ka mleka.<\/p>\n<p>ZALECANE WARUNKI PRZECHOWYWANIA<br \/>Przechowywa\u0107 w suchym i ch\u0142odnym miejscu.<\/p>","protected":false},"excerpt":{"rendered":"<p>SK\u0141ADNIKI woda, skrobie (tapiokowa, ziemniaczana, kukurydziana), m\u0105ki (ry\u017cowa, kukurydziana), mak 7,4 %, olej s\u0142onecznikowy, dro\u017cd\u017ce, syrop winogronowy, bia\u0142ko JAJA kurzego, substancja utrzymuj\u0105ca wilgo\u0107 (glicerol), b\u0142onnik ro\u015blinny (z babki jajowatej), cukier, s\u00f3l, substancje zag\u0119szczaj\u0105ce (hydroksypropylometyloceluloza, guma ksantanowa). OPIS Popularna na ca\u0142ym \u015bwiecie bu\u0142ka w kszta\u0142cie oponki. Mi\u0119kka i puszysta w \u015brodku, a z wierzchu posypana du\u017c\u0105 [&hellip;]<\/p>","protected":false},"featured_media":10052,"comment_status":"closed","ping_status":"open","template":"","meta":{"_acf_changed":false},"product_brand":[],"product_cat":[1437,64],"product_tag":[],"class_list":{"0":"post-10051","1":"product","2":"type-product","3":"status-publish","4":"has-post-thumbnail","6":"product_cat-chleby-bulki","7":"product_cat-pieczywo","8":"pa_ean-matka-7644","9":"pa_gwarancja-przydatnosci-535","10":"pa_ilosc-w-opakowaniu-331","11":"pa_jednostka-podstawowa-szt","12":"pa_kod-cn-1905-90-80","13":"pa_masa-netto-1057","14":"pa_objetosc-brutto-2544","15":"pa_producent-incola-bezglutenowe-pieczywo-i-wafle","16":"pa_producent-nazwa-adres-gfs-poland-sp-z-o-o-ul-komorowicka-110-43-300-bielsko-biala","17":"pa_tagi-bez-glutenu-deklaracja","18":"pa_tagi-bez-glutenu-w-skladnikach","19":"pa_tagi-wegetarianski","21":"first","22":"instock","23":"taxable","24":"shipping-taxable","25":"purchasable","26":"product-type-simple"},"acf":[],"_links":{"self":[{"href":"https:\/\/wiejskieprzysmaki.estima.site\/en\/wp-json\/wp\/v2\/product\/10051","targetHints":{"allow":["GET"]}}],"collection":[{"href":"https:\/\/wiejskieprzysmaki.estima.site\/en\/wp-json\/wp\/v2\/product"}],"about":[{"href":"https:\/\/wiejskieprzysmaki.estima.site\/en\/wp-json\/wp\/v2\/types\/product"}],"replies":[{"embeddable":true,"href":"https:\/\/wiejskieprzysmaki.estima.site\/en\/wp-json\/wp\/v2\/comments?post=10051"}],"wp:featuredmedia":[{"embeddable":true,"href":"https:\/\/wiejskieprzysmaki.estima.site\/en\/wp-json\/wp\/v2\/media\/10052"}],"wp:attachment":[{"href":"https:\/\/wiejskieprzysmaki.estima.site\/en\/wp-json\/wp\/v2\/media?parent=10051"}],"wp:term":[{"taxonomy":"product_brand","embeddable":true,"href":"https:\/\/wiejskieprzysmaki.estima.site\/en\/wp-json\/wp\/v2\/product_brand?post=10051"},{"taxonomy":"product_cat","embeddable":true,"href":"https:\/\/wiejskieprzysmaki.estima.site\/en\/wp-json\/wp\/v2\/product_cat?post=10051"},{"taxonomy":"product_tag","embeddable":true,"href":"https:\/\/wiejskieprzysmaki.estima.site\/en\/wp-json\/wp\/v2\/product_tag?post=10051"}],"curies":[{"name":"wp","href":"https:\/\/api.w.org\/{rel}","templated":true}]}}