{"id":10055,"date":"2025-02-18T12:14:52","date_gmt":"2025-02-18T11:14:52","guid":{"rendered":"https:\/\/wiejskieprzysmaki.estima.site\/produkt\/wafle-kukurydziane-naturalne-bezglutenowe-60-g-incola\/"},"modified":"2025-02-18T12:15:00","modified_gmt":"2025-02-18T11:15:00","slug":"wafle-kukurydziane-naturalne-bezglutenowe-60-g-incola","status":"publish","type":"product","link":"https:\/\/wiejskieprzysmaki.estima.site\/en\/product\/wafle-kukurydziane-naturalne-bezglutenowe-60-g-incola\/","title":{"rendered":"WAFLE KUKURYDZIANE NATURALNE BEZGLUTENOWE 60 g &#8211; INCOLA"},"content":{"rendered":"<p>SK\u0141ADNIKI<br \/>skrobia kukurydziana, olej s\u0142onecznikowy, m\u0105ka kukurydziana, p\u0142atki ziemniaczane, s\u00f3l.<\/p>\n<p>OPIS<br \/>Chrupi\u0105ce i w\u0119ga\u0144skie wafelki, kt\u00f3re mo\u017cesz chrupa\u0107 codziennie, jako szybk\u0105 przek\u0105sk\u0119. Idealna alternatywa dla chips\u00f3w.<\/p>\n<p>WARTO\u015a\u0106 OD\u017bYWCZA W 100 g<br \/>Warto\u015b\u0107 energetyczna: 1827 kJ\/435 kcal<br \/>T\u0142uszcz: 10 g<br \/>w tym kwasy t\u0142uszczowe nasycone: 0,8 g<br \/>W\u0119glowodany: 83,4 g<br \/>w tym cukry: 2,5 g<br \/>B\u0142onnik: 2,9 g<br \/>Bia\u0142ko: 1,5 g<br \/>S\u00f3l: 2,4 g<\/p>\n<p>ZALECANE WARUNKI PRZECHOWYWANIA<br \/>Przechowywa\u0107 w suchym i ch\u0142odnym miejscu.<\/p>","protected":false},"excerpt":{"rendered":"<p>SK\u0141ADNIKIskrobia kukurydziana, olej s\u0142onecznikowy, m\u0105ka kukurydziana, p\u0142atki ziemniaczane, s\u00f3l. OPISChrupi\u0105ce i w\u0119ga\u0144skie wafelki, kt\u00f3re mo\u017cesz chrupa\u0107 codziennie, jako szybk\u0105 przek\u0105sk\u0119. Idealna alternatywa dla chips\u00f3w. WARTO\u015a\u0106 OD\u017bYWCZA W 100 gWarto\u015b\u0107 energetyczna: 1827 kJ\/435 kcalT\u0142uszcz: 10 gw tym kwasy t\u0142uszczowe nasycone: 0,8 gW\u0119glowodany: 83,4 gw tym cukry: 2,5 gB\u0142onnik: 2,9 gBia\u0142ko: 1,5 gS\u00f3l: 2,4 g ZALECANE WARUNKI [&hellip;]<\/p>","protected":false},"featured_media":10056,"comment_status":"closed","ping_status":"open","template":"","meta":{"_acf_changed":false},"product_brand":[],"product_cat":[64,1079],"product_tag":[],"class_list":{"0":"post-10055","1":"product","2":"type-product","3":"status-publish","4":"has-post-thumbnail","6":"product_cat-pieczywo","7":"product_cat-pieczywo-chrupkie","8":"pa_ean-matka-7647","9":"pa_gwarancja-przydatnosci-311","10":"pa_ilosc-w-opakowaniu-350","11":"pa_jednostka-podstawowa-szt","12":"pa_kod-cn-1905-32-99","13":"pa_masa-netto-284","14":"pa_objetosc-brutto-7646","15":"pa_producent-incola-bezglutenowe-pieczywo-i-wafle","16":"pa_producent-nazwa-adres-gfs-poland-sp-z-o-o-ul-komorowicka-110-43-300-bielsko-biala","17":"pa_tagi-bez-cukru-w-skladnikach","18":"pa_tagi-bez-glutenu-deklaracja","19":"pa_tagi-bez-glutenu-w-skladnikach","20":"pa_tagi-weganski","21":"pa_tagi-wegetarianski","23":"first","24":"instock","25":"taxable","26":"shipping-taxable","27":"purchasable","28":"product-type-simple"},"acf":[],"_links":{"self":[{"href":"https:\/\/wiejskieprzysmaki.estima.site\/en\/wp-json\/wp\/v2\/product\/10055","targetHints":{"allow":["GET"]}}],"collection":[{"href":"https:\/\/wiejskieprzysmaki.estima.site\/en\/wp-json\/wp\/v2\/product"}],"about":[{"href":"https:\/\/wiejskieprzysmaki.estima.site\/en\/wp-json\/wp\/v2\/types\/product"}],"replies":[{"embeddable":true,"href":"https:\/\/wiejskieprzysmaki.estima.site\/en\/wp-json\/wp\/v2\/comments?post=10055"}],"wp:featuredmedia":[{"embeddable":true,"href":"https:\/\/wiejskieprzysmaki.estima.site\/en\/wp-json\/wp\/v2\/media\/10056"}],"wp:attachment":[{"href":"https:\/\/wiejskieprzysmaki.estima.site\/en\/wp-json\/wp\/v2\/media?parent=10055"}],"wp:term":[{"taxonomy":"product_brand","embeddable":true,"href":"https:\/\/wiejskieprzysmaki.estima.site\/en\/wp-json\/wp\/v2\/product_brand?post=10055"},{"taxonomy":"product_cat","embeddable":true,"href":"https:\/\/wiejskieprzysmaki.estima.site\/en\/wp-json\/wp\/v2\/product_cat?post=10055"},{"taxonomy":"product_tag","embeddable":true,"href":"https:\/\/wiejskieprzysmaki.estima.site\/en\/wp-json\/wp\/v2\/product_tag?post=10055"}],"curies":[{"name":"wp","href":"https:\/\/api.w.org\/{rel}","templated":true}]}}