{"id":10059,"date":"2025-02-18T12:14:52","date_gmt":"2025-02-18T11:14:52","guid":{"rendered":"https:\/\/wiejskieprzysmaki.estima.site\/produkt\/bulki-kajzerki-bezglutenowe-2-szt-120-g-incola\/"},"modified":"2025-02-18T12:15:01","modified_gmt":"2025-02-18T11:15:01","slug":"bulki-kajzerki-bezglutenowe-2-szt-120-g-incola","status":"publish","type":"product","link":"https:\/\/wiejskieprzysmaki.estima.site\/en\/product\/bulki-kajzerki-bezglutenowe-2-szt-120-g-incola\/","title":{"rendered":"BU\u0141KI KAJZERKI BEZGLUTENOWE (2 szt.) 120 g &#8211; INCOLA"},"content":{"rendered":"<p>SK\u0141ADNIKI <br \/>woda, skrobie (tapiokowa, ziemniaczana, kukurydziana), m\u0105ki (ry\u017cowa, kukurydziana), olej rzepakowy, dro\u017cd\u017ce, syrop winogronowy, bia\u0142ko KURZE (JAJA), substancja utrzymuj\u0105ca wilgo\u0107 (glicerol), b\u0142onnik ro\u015blinny (z babki jajowatej), s\u00f3l, substancje zag\u0119szczaj\u0105ce (hydroksypropylometyloceluloza, guma ksantanowa), cukier, aromat. <\/p>\n<p>OPIS <br \/>Wyj\u0105tkowo mi\u0119kka, bezglutenowa i bez laktozy kajzerka z charakterystycznym naci\u0119ciem.<br \/>Produkt do bezpo\u015bredniego spo\u017cycia. Mo\u017ce by\u0107 r\u00f3wnie\u017c odgrzewany w tosterze lub piekarniku. <br \/>Produkt pakowany w atmosferze ochronnej.<\/p>\n<p>WARTO\u015a\u0106 OD\u017bYWCZA W 100 g<br \/>Warto\u015b\u0107 energetyczna: 1214 kJ\/288 kcal<br \/>T\u0142uszcz: 6,8 g<br \/>w tym kwasy t\u0142uszczowe nasycone: 0,6 g <br \/>W\u0119glowodany: 49,8 g<br \/>w tym cukry: 6,0 g<br \/>B\u0142onnik: 5,9 g<br \/>Bia\u0142ko: 4,2 g<br \/>S\u00f3l: 1,19 g<\/p>\n<p>INFORMACJA ALERGENNA<br \/>Mo\u017ce zawiera\u0107 bia\u0142ka mleka.<\/p>\n<p>ZALECANE WARUNKI PRZECHOWYWANIA<br \/>Przechowywa\u0107 w suchym i ch\u0142odnym miejscu.<\/p>","protected":false},"excerpt":{"rendered":"<p>SK\u0141ADNIKI woda, skrobie (tapiokowa, ziemniaczana, kukurydziana), m\u0105ki (ry\u017cowa, kukurydziana), olej rzepakowy, dro\u017cd\u017ce, syrop winogronowy, bia\u0142ko KURZE (JAJA), substancja utrzymuj\u0105ca wilgo\u0107 (glicerol), b\u0142onnik ro\u015blinny (z babki jajowatej), s\u00f3l, substancje zag\u0119szczaj\u0105ce (hydroksypropylometyloceluloza, guma ksantanowa), cukier, aromat. OPIS Wyj\u0105tkowo mi\u0119kka, bezglutenowa i bez laktozy kajzerka z charakterystycznym naci\u0119ciem.Produkt do bezpo\u015bredniego spo\u017cycia. Mo\u017ce by\u0107 r\u00f3wnie\u017c odgrzewany w tosterze lub [&hellip;]<\/p>","protected":false},"featured_media":0,"comment_status":"closed","ping_status":"open","template":"","meta":{"_acf_changed":false},"product_brand":[],"product_cat":[1437,64],"product_tag":[],"class_list":{"0":"post-10059","1":"product","2":"type-product","3":"status-publish","5":"product_cat-chleby-bulki","6":"product_cat-pieczywo","7":"pa_ean-matka-7649","8":"pa_gwarancja-przydatnosci-535","9":"pa_ilosc-w-opakowaniu-374","10":"pa_jednostka-podstawowa-szt","11":"pa_kod-cn-1905-90-80","12":"pa_masa-netto-411","13":"pa_objetosc-brutto-7641","14":"pa_producent-incola-bezglutenowe-pieczywo-i-wafle","15":"pa_producent-nazwa-adres-gfs-poland-sp-z-o-o-ul-komorowicka-110-43-300-bielsko-biala","16":"pa_tagi-bez-glutenu-deklaracja","17":"pa_tagi-bez-glutenu-w-skladnikach","18":"pa_tagi-wegetarianski","20":"first","21":"instock","22":"taxable","23":"shipping-taxable","24":"purchasable","25":"product-type-simple"},"acf":[],"_links":{"self":[{"href":"https:\/\/wiejskieprzysmaki.estima.site\/en\/wp-json\/wp\/v2\/product\/10059","targetHints":{"allow":["GET"]}}],"collection":[{"href":"https:\/\/wiejskieprzysmaki.estima.site\/en\/wp-json\/wp\/v2\/product"}],"about":[{"href":"https:\/\/wiejskieprzysmaki.estima.site\/en\/wp-json\/wp\/v2\/types\/product"}],"replies":[{"embeddable":true,"href":"https:\/\/wiejskieprzysmaki.estima.site\/en\/wp-json\/wp\/v2\/comments?post=10059"}],"wp:attachment":[{"href":"https:\/\/wiejskieprzysmaki.estima.site\/en\/wp-json\/wp\/v2\/media?parent=10059"}],"wp:term":[{"taxonomy":"product_brand","embeddable":true,"href":"https:\/\/wiejskieprzysmaki.estima.site\/en\/wp-json\/wp\/v2\/product_brand?post=10059"},{"taxonomy":"product_cat","embeddable":true,"href":"https:\/\/wiejskieprzysmaki.estima.site\/en\/wp-json\/wp\/v2\/product_cat?post=10059"},{"taxonomy":"product_tag","embeddable":true,"href":"https:\/\/wiejskieprzysmaki.estima.site\/en\/wp-json\/wp\/v2\/product_tag?post=10059"}],"curies":[{"name":"wp","href":"https:\/\/api.w.org\/{rel}","templated":true}]}}