{"id":10066,"date":"2025-02-18T12:15:04","date_gmt":"2025-02-18T11:15:04","guid":{"rendered":"https:\/\/wiejskieprzysmaki.estima.site\/produkt\/syrop-daktylowy-bio-350-g-naturavena\/"},"modified":"2025-02-18T12:15:05","modified_gmt":"2025-02-18T11:15:05","slug":"syrop-daktylowy-bio-350-g-naturavena","status":"publish","type":"product","link":"https:\/\/wiejskieprzysmaki.estima.site\/en\/product\/syrop-daktylowy-bio-350-g-naturavena\/","title":{"rendered":"SYROP DAKTYLOWY BIO 350 g &#8211;  NATURAVENA"},"content":{"rendered":"<p>SK\u0141ADNIKI <br \/>ekologiczne daktyle 100 %.<\/p>\n<p>OPIS <br \/>Syrop z ekologicznych daktyli jest doskona\u0142y do s\u0142odzenia napoj\u00f3w oraz jako polewa do lod\u00f3w, gofr\u00f3w i nale\u015bnik\u00f3w. Nadaje wspania\u0142y aromat wypiekom i deserom.\t<\/p>\n<p>WARTO\u015a\u0106 OD\u017bYWCZA W 100 g <br \/>Warto\u015b\u0107 energetyczna 1318 kJ\/310 kcal\t<br \/>T\u0142uszcz\t0 g\t<br \/>w tym kwasy t\u0142uszczowe nasycone\t0 g\t<br \/>W\u0119glowodany\t77 g <br \/>w tym cukry\t69 g <br \/>Bia\u0142ko 0,5 g <br \/>S\u00f3l\t0,03 g\t<\/p>\n<p>ZALECANE WARUNKI PRZECHOWYWANIA<br \/>Przechowywa\u0107 w suchym i ch\u0142odnym miejscu. Chroni\u0107 przed bezpo\u015brednim dzia\u0142aniem promieni s\u0142onecznych.<\/p>","protected":false},"excerpt":{"rendered":"<p>SK\u0141ADNIKI ekologiczne daktyle 100 %. OPIS Syrop z ekologicznych daktyli jest doskona\u0142y do s\u0142odzenia napoj\u00f3w oraz jako polewa do lod\u00f3w, gofr\u00f3w i nale\u015bnik\u00f3w. Nadaje wspania\u0142y aromat wypiekom i deserom. WARTO\u015a\u0106 OD\u017bYWCZA W 100 g Warto\u015b\u0107 energetyczna 1318 kJ\/310 kcal T\u0142uszcz 0 g w tym kwasy t\u0142uszczowe nasycone 0 g W\u0119glowodany 77 g w tym cukry [&hellip;]<\/p>","protected":false},"featured_media":10067,"comment_status":"closed","ping_status":"open","template":"","meta":{"_acf_changed":false},"product_brand":[],"product_cat":[304,305],"product_tag":[],"class_list":{"0":"post-10066","1":"product","2":"type-product","3":"status-publish","4":"has-post-thumbnail","6":"product_cat-slodziki","7":"product_cat-syropy-melasy","8":"pa_ean-matka-7653","9":"pa_gwarancja-przydatnosci-6158","10":"pa_ilosc-w-opakowaniu-298","11":"pa_jednostka-podstawowa-szt","12":"pa_kod-cn-1702-90-95","13":"pa_kraj-pochodzenia-skladnikow-tunezja","14":"pa_masa-netto-203","15":"pa_objetosc-brutto-356","16":"pa_producent-naturavena-bio","17":"pa_producent-nazwa-adres-bio-planet-s-a-wilkowa-wies-7-05-084-leszno","18":"pa_tagi-bez-glutenu-w-skladnikach","19":"pa_tagi-certyfikat-bio","20":"pa_tagi-weganski","21":"pa_tagi-wegetarianski","23":"first","24":"instock","25":"taxable","26":"shipping-taxable","27":"purchasable","28":"product-type-simple"},"acf":[],"_links":{"self":[{"href":"https:\/\/wiejskieprzysmaki.estima.site\/en\/wp-json\/wp\/v2\/product\/10066","targetHints":{"allow":["GET"]}}],"collection":[{"href":"https:\/\/wiejskieprzysmaki.estima.site\/en\/wp-json\/wp\/v2\/product"}],"about":[{"href":"https:\/\/wiejskieprzysmaki.estima.site\/en\/wp-json\/wp\/v2\/types\/product"}],"replies":[{"embeddable":true,"href":"https:\/\/wiejskieprzysmaki.estima.site\/en\/wp-json\/wp\/v2\/comments?post=10066"}],"wp:featuredmedia":[{"embeddable":true,"href":"https:\/\/wiejskieprzysmaki.estima.site\/en\/wp-json\/wp\/v2\/media\/10067"}],"wp:attachment":[{"href":"https:\/\/wiejskieprzysmaki.estima.site\/en\/wp-json\/wp\/v2\/media?parent=10066"}],"wp:term":[{"taxonomy":"product_brand","embeddable":true,"href":"https:\/\/wiejskieprzysmaki.estima.site\/en\/wp-json\/wp\/v2\/product_brand?post=10066"},{"taxonomy":"product_cat","embeddable":true,"href":"https:\/\/wiejskieprzysmaki.estima.site\/en\/wp-json\/wp\/v2\/product_cat?post=10066"},{"taxonomy":"product_tag","embeddable":true,"href":"https:\/\/wiejskieprzysmaki.estima.site\/en\/wp-json\/wp\/v2\/product_tag?post=10066"}],"curies":[{"name":"wp","href":"https:\/\/api.w.org\/{rel}","templated":true}]}}