{"id":10078,"date":"2025-02-18T12:15:04","date_gmt":"2025-02-18T11:15:04","guid":{"rendered":"https:\/\/wiejskieprzysmaki.estima.site\/produkt\/platki-4-zboza-orkisz-owies-jeczmien-zyto-bio-600-g-bio-planet\/"},"modified":"2025-02-18T12:15:12","modified_gmt":"2025-02-18T11:15:12","slug":"platki-4-zboza-orkisz-owies-jeczmien-zyto-bio-600-g-bio-planet","status":"publish","type":"product","link":"https:\/\/wiejskieprzysmaki.estima.site\/en\/product\/platki-4-zboza-orkisz-owies-jeczmien-zyto-bio-600-g-bio-planet\/","title":{"rendered":"P\u0141ATKI 4 ZBO\u017bA (ORKISZ, OWIES, J\u0118CZMIE\u0143, \u017bYTO) BIO 600 g &#8211; BIO PLANET"},"content":{"rendered":"<p>SK\u0141ADNIKI<br \/>p\u0142atki J\u0118CZMIENNE*, p\u0142atki z PSZENICY ORKISZ*, p\u0142atki OWSIANE*, p\u0142atki \u017bYTNIE* (*certyfikowany sk\u0142adnik ekologiczny).<\/p>\n<p>SPOS\u00d3B PRZYGOTOWANIA<br \/>gotowa\u0107 w proporcji 1:2 (1 porcja p\u0142atk\u00f3w na 2 porcje wody lub mleka) na wolnym ogniu ok.10 minut od czasu do czasu mieszaj\u0105c.   <\/p>\n<p>WARTO\u015a\u0106 OD\u017bYWCZA W 100 g<br \/>Warto\u015b\u0107 energetyczna \t1433 kJ\/339 kcal<br \/>T\u0142uszcz \t2,8 g<br \/>w tym kwasy t\u0142uszczowe nasycone \t0,5 g<br \/>W\u0119glowodany \t62 g<br \/>w tym cukry \t1,2 g<br \/>B\u0142onnik \t11 g<br \/>Bia\u0142ko \t11 g<br \/>S\u00f3l \t0,01 g<\/p>\n<p>INFORMACJA ALERGENNA<br \/>Produkt mo\u017ce zawiera\u0107: ORZESZKI ZIEMNE, ORZECHY, NASIONA SEZAMU, SOJ\u0118.<\/p>\n<p>ZALECANE WARUNKI PRZECHOWYWANIA<br \/>Przechowywa\u0107 w suchym i ch\u0142odnym miejscu.<\/p>","protected":false},"excerpt":{"rendered":"<p>SK\u0141ADNIKIp\u0142atki J\u0118CZMIENNE*, p\u0142atki z PSZENICY ORKISZ*, p\u0142atki OWSIANE*, p\u0142atki \u017bYTNIE* (*certyfikowany sk\u0142adnik ekologiczny). SPOS\u00d3B PRZYGOTOWANIAgotowa\u0107 w proporcji 1:2 (1 porcja p\u0142atk\u00f3w na 2 porcje wody lub mleka) na wolnym ogniu ok.10 minut od czasu do czasu mieszaj\u0105c. WARTO\u015a\u0106 OD\u017bYWCZA W 100 gWarto\u015b\u0107 energetyczna 1433 kJ\/339 kcalT\u0142uszcz 2,8 gw tym kwasy t\u0142uszczowe nasycone 0,5 gW\u0119glowodany 62 [&hellip;]<\/p>","protected":false},"featured_media":10079,"comment_status":"closed","ping_status":"open","template":"","meta":{"_acf_changed":false},"product_brand":[],"product_cat":[796,265],"product_tag":[],"class_list":{"0":"post-10078","1":"product","2":"type-product","3":"status-publish","4":"has-post-thumbnail","6":"product_cat-platki","7":"product_cat-sniadaniowe","8":"pa_ean-matka-7660","9":"pa_ean-matka-2729","10":"pa_gwarancja-przydatnosci-320","11":"pa_ilosc-w-opakowaniu-298","12":"pa_jednostka-podstawowa-szt","13":"pa_kod-cn-1904-20-99","14":"pa_kraj-pochodzenia-skladnikow-rolnictwo-ue","15":"pa_masa-netto-792","16":"pa_objetosc-brutto-210","17":"pa_producent-bio-planet-seria-rozowa-platki-otreby-musli","18":"pa_producent-nazwa-adres-bio-planet-s-a-wilkowa-wies-7-05-084-leszno","19":"pa_tagi-bez-cukru-w-skladnikach","20":"pa_tagi-certyfikat-bio","21":"pa_tagi-weganski","22":"pa_tagi-wegetarianski","24":"first","25":"instock","26":"taxable","27":"shipping-taxable","28":"purchasable","29":"product-type-simple"},"acf":[],"_links":{"self":[{"href":"https:\/\/wiejskieprzysmaki.estima.site\/en\/wp-json\/wp\/v2\/product\/10078","targetHints":{"allow":["GET"]}}],"collection":[{"href":"https:\/\/wiejskieprzysmaki.estima.site\/en\/wp-json\/wp\/v2\/product"}],"about":[{"href":"https:\/\/wiejskieprzysmaki.estima.site\/en\/wp-json\/wp\/v2\/types\/product"}],"replies":[{"embeddable":true,"href":"https:\/\/wiejskieprzysmaki.estima.site\/en\/wp-json\/wp\/v2\/comments?post=10078"}],"wp:featuredmedia":[{"embeddable":true,"href":"https:\/\/wiejskieprzysmaki.estima.site\/en\/wp-json\/wp\/v2\/media\/10079"}],"wp:attachment":[{"href":"https:\/\/wiejskieprzysmaki.estima.site\/en\/wp-json\/wp\/v2\/media?parent=10078"}],"wp:term":[{"taxonomy":"product_brand","embeddable":true,"href":"https:\/\/wiejskieprzysmaki.estima.site\/en\/wp-json\/wp\/v2\/product_brand?post=10078"},{"taxonomy":"product_cat","embeddable":true,"href":"https:\/\/wiejskieprzysmaki.estima.site\/en\/wp-json\/wp\/v2\/product_cat?post=10078"},{"taxonomy":"product_tag","embeddable":true,"href":"https:\/\/wiejskieprzysmaki.estima.site\/en\/wp-json\/wp\/v2\/product_tag?post=10078"}],"curies":[{"name":"wp","href":"https:\/\/api.w.org\/{rel}","templated":true}]}}