{"id":10084,"date":"2025-02-18T12:15:17","date_gmt":"2025-02-18T11:15:17","guid":{"rendered":"https:\/\/wiejskieprzysmaki.estima.site\/produkt\/baton-brownie-keto-bez-dodatku-cukrow-bezglutenowy-50-g-baton-warszawski\/"},"modified":"2025-02-18T12:15:17","modified_gmt":"2025-02-18T11:15:17","slug":"baton-brownie-keto-bez-dodatku-cukrow-bezglutenowy-50-g-baton-warszawski","status":"publish","type":"product","link":"https:\/\/wiejskieprzysmaki.estima.site\/en\/product\/baton-brownie-keto-bez-dodatku-cukrow-bezglutenowy-50-g-baton-warszawski\/","title":{"rendered":"BATON BROWNIE KETO BEZ DODATKU CUKR\u00d3W BEZGLUTENOWY 50 g &#8211; BATON WARSZAWSKI"},"content":{"rendered":"<p>SK\u0141ADNIKI<br \/>erytrytol (substancja s\u0142odz\u0105ca), siemi\u0119 lniane, m\u0105ka MIGDA\u0141OWA 12,7 %, wi\u00f3rki kokosowe, olej kokosowy, czekolada gorzka bez dodatku cukru 7,2 % [miazga kakaowa, substancje s\u0142odz\u0105ce (erytrytol 29,5 %, glikozydy stewiolowe 0,027%), t\u0142uszcz kakaowy, inulina, odt\u0142uszczone kakao w proszku, emulgator: lecytyny (ze s\u0142onecznika), aromat waniliowy], kakao, koncentrat bia\u0142ka ry\u017cowego, inulina, lecytyny ze s\u0142onecznika, s\u0142onecznik, s\u00f3l k\u0142odawska, wanilia. <\/p>\n<p>OPIS<br \/>Baton na bazie m\u0105ki migda\u0142owej i bezcukrowej gorzkiej czekolady. Zawiera substancje s\u0142odz\u0105ce. Bez dodatku cukr\u00f3w. Zawiera naturalnie wyst\u0119puj\u0105ce cukry. Wysoka zawarto\u015b\u0107 b\u0142onnika. <br \/>Smakuje jak brownie, wiec polecamy go fanom ciast czekoladowych. Doskona\u0142a przek\u0105ska na deser lub drugie \u015bniadanie.<\/p>\n<p>WARTO\u015a\u0106 OD\u017bYWCZA w 100 g<br \/>Warto\u015b\u0107 energetyczna: 1689 kJ\/406 kcal<br \/>T\u0142uszcz: 34 g<br \/>w tym kwasy t\u0142uszczowe nasycone: 16 g<br \/>W\u0119glowodany: 2,6 g<br \/>w tym cukry: 1,6 g<br \/>B\u0142onnik: 17 g<br \/>Bia\u0142ko: 14 g<br \/>S\u00f3l: 0,24 g<\/p>\n<p>INFORMACJA ALERGENNA<br \/>MO\u017ce zawiera\u0107 nasiona sezamu<\/p>\n<p>ZALECANE WARUNKI PRZECHOWYWANIA<br \/>Przechowywa\u0107 w suchym i ch\u0142odnym miejscu.<\/p>","protected":false},"excerpt":{"rendered":"<p>SK\u0141ADNIKIerytrytol (substancja s\u0142odz\u0105ca), siemi\u0119 lniane, m\u0105ka MIGDA\u0141OWA 12,7 %, wi\u00f3rki kokosowe, olej kokosowy, czekolada gorzka bez dodatku cukru 7,2 % [miazga kakaowa, substancje s\u0142odz\u0105ce (erytrytol 29,5 %, glikozydy stewiolowe 0,027%), t\u0142uszcz kakaowy, inulina, odt\u0142uszczone kakao w proszku, emulgator: lecytyny (ze s\u0142onecznika), aromat waniliowy], kakao, koncentrat bia\u0142ka ry\u017cowego, inulina, lecytyny ze s\u0142onecznika, s\u0142onecznik, s\u00f3l k\u0142odawska, wanilia. [&hellip;]<\/p>","protected":false},"featured_media":10085,"comment_status":"closed","ping_status":"open","template":"","meta":{"_acf_changed":false},"product_brand":[],"product_cat":[465,139],"product_tag":[],"class_list":{"0":"post-10084","1":"product","2":"type-product","3":"status-publish","4":"has-post-thumbnail","6":"product_cat-batony-wafelki-sezamki","7":"product_cat-slodycze-i-przekaski","8":"pa_ean-matka-7666","9":"pa_gwarancja-przydatnosci-535","10":"pa_ilosc-w-opakowaniu-392","11":"pa_jednostka-podstawowa-szt","12":"pa_kod-cn-1905-90-80","13":"pa_masa-netto-461","14":"pa_objetosc-brutto-6612","15":"pa_producent-baton-warszawski-batony-ciastka-kremy","16":"pa_producent-nazwa-adres-alicja-malicka-baton-warszawski-ul-pokretna-43-05-500-nowa-iwiczna-nip-123-151-77-78","17":"pa_tagi-bez-cukru-w-skladnikach","18":"pa_tagi-bez-glutenu-deklaracja","19":"pa_tagi-bez-glutenu-w-skladnikach","20":"pa_tagi-weganski","21":"pa_tagi-wegetarianski","23":"first","24":"instock","25":"taxable","26":"shipping-taxable","27":"purchasable","28":"product-type-simple"},"acf":[],"_links":{"self":[{"href":"https:\/\/wiejskieprzysmaki.estima.site\/en\/wp-json\/wp\/v2\/product\/10084","targetHints":{"allow":["GET"]}}],"collection":[{"href":"https:\/\/wiejskieprzysmaki.estima.site\/en\/wp-json\/wp\/v2\/product"}],"about":[{"href":"https:\/\/wiejskieprzysmaki.estima.site\/en\/wp-json\/wp\/v2\/types\/product"}],"replies":[{"embeddable":true,"href":"https:\/\/wiejskieprzysmaki.estima.site\/en\/wp-json\/wp\/v2\/comments?post=10084"}],"wp:featuredmedia":[{"embeddable":true,"href":"https:\/\/wiejskieprzysmaki.estima.site\/en\/wp-json\/wp\/v2\/media\/10085"}],"wp:attachment":[{"href":"https:\/\/wiejskieprzysmaki.estima.site\/en\/wp-json\/wp\/v2\/media?parent=10084"}],"wp:term":[{"taxonomy":"product_brand","embeddable":true,"href":"https:\/\/wiejskieprzysmaki.estima.site\/en\/wp-json\/wp\/v2\/product_brand?post=10084"},{"taxonomy":"product_cat","embeddable":true,"href":"https:\/\/wiejskieprzysmaki.estima.site\/en\/wp-json\/wp\/v2\/product_cat?post=10084"},{"taxonomy":"product_tag","embeddable":true,"href":"https:\/\/wiejskieprzysmaki.estima.site\/en\/wp-json\/wp\/v2\/product_tag?post=10084"}],"curies":[{"name":"wp","href":"https:\/\/api.w.org\/{rel}","templated":true}]}}