{"id":1010,"date":"2025-02-18T10:33:34","date_gmt":"2025-02-18T09:33:34","guid":{"rendered":"https:\/\/wiejskieprzysmaki.estima.site\/produkt\/woda-kokosowa-naturalna-bio-1-l-cocomi\/"},"modified":"2025-02-18T10:33:49","modified_gmt":"2025-02-18T09:33:49","slug":"woda-kokosowa-naturalna-bio-1-l-cocomi","status":"publish","type":"product","link":"https:\/\/wiejskieprzysmaki.estima.site\/en\/product\/woda-kokosowa-naturalna-bio-1-l-cocomi\/","title":{"rendered":"WODA KOKOSOWA NATURALNA BIO 1 L &#8211; COCOMI"},"content":{"rendered":"<p>SK\u0141ADNIKI  <br \/>woda kokosowa* (100 %) (*certyfikowany sk\u0142adnik ekologiczny)<\/p>\n<p>OPIS <br \/>Przed spo\u017cyciem wstrz\u0105sn\u0105\u0107.<\/p>\n<p>WARTO\u015a\u0106 OD\u017bYWCZA W 100 g  <br \/>Warto\u015b\u0107 energetyczna: 61 kJ\/14 kcal  <br \/>T\u0142uszcz: 0 g  <br \/>w tym kwasy t\u0142uszczowe nasycone: 0 g  <br \/>W\u0119glowodany: 3,3 g  <br \/>w tym cukry: 2,2 g  <br \/>Bia\u0142ko: 0,3 g  <br \/>S\u00f3l: 0,73 g  <\/p>\n<p>ZALECANE WARUNKI PRZECHOWYWANIA  <br \/>Po otwarciu przechowywa\u0107 w lod\u00f3wce i spo\u017cy\u0107 w ci\u0105gu 3 dni.<\/p>","protected":false},"excerpt":{"rendered":"<p>SK\u0141ADNIKI woda kokosowa* (100 %) (*certyfikowany sk\u0142adnik ekologiczny) OPIS Przed spo\u017cyciem wstrz\u0105sn\u0105\u0107. WARTO\u015a\u0106 OD\u017bYWCZA W 100 g Warto\u015b\u0107 energetyczna: 61 kJ\/14 kcal T\u0142uszcz: 0 g w tym kwasy t\u0142uszczowe nasycone: 0 g W\u0119glowodany: 3,3 g w tym cukry: 2,2 g Bia\u0142ko: 0,3 g S\u00f3l: 0,73 g ZALECANE WARUNKI PRZECHOWYWANIA Po otwarciu przechowywa\u0107 w lod\u00f3wce i [&hellip;]<\/p>","protected":false},"featured_media":1011,"comment_status":"closed","ping_status":"open","template":"","meta":{"_acf_changed":false},"product_brand":[],"product_cat":[384,134],"product_tag":[],"class_list":{"0":"post-1010","1":"product","2":"type-product","3":"status-publish","4":"has-post-thumbnail","6":"product_cat-inne-napoje","7":"product_cat-napoje","8":"pa_ean-matka-1018","9":"pa_gwarancja-przydatnosci-535","10":"pa_ilosc-w-opakowaniu-374","11":"pa_jednostka-podstawowa-szt","12":"pa_kod-cn-2009-89-99","13":"pa_kraj-pochodzenia-skladnikow-sri-lanka","14":"pa_objetosc-brutto-1016","15":"pa_objetosc-netto-858","16":"pa_producent-cocomi-wody-kokosowe-oleje-kokosowe-smietanki","17":"pa_producent-nazwa-adres-renuka-agrifoods-plc-sri-jinaratana-road-69-2-colombo","18":"pa_tagi-bez-cukru-w-skladnikach","19":"pa_tagi-bez-glutenu-w-skladnikach","20":"pa_tagi-certyfikat-bio","21":"pa_tagi-weganski","22":"pa_tagi-wegetarianski","24":"first","25":"instock","26":"taxable","27":"shipping-taxable","28":"purchasable","29":"product-type-simple"},"acf":[],"_links":{"self":[{"href":"https:\/\/wiejskieprzysmaki.estima.site\/en\/wp-json\/wp\/v2\/product\/1010","targetHints":{"allow":["GET"]}}],"collection":[{"href":"https:\/\/wiejskieprzysmaki.estima.site\/en\/wp-json\/wp\/v2\/product"}],"about":[{"href":"https:\/\/wiejskieprzysmaki.estima.site\/en\/wp-json\/wp\/v2\/types\/product"}],"replies":[{"embeddable":true,"href":"https:\/\/wiejskieprzysmaki.estima.site\/en\/wp-json\/wp\/v2\/comments?post=1010"}],"wp:featuredmedia":[{"embeddable":true,"href":"https:\/\/wiejskieprzysmaki.estima.site\/en\/wp-json\/wp\/v2\/media\/1011"}],"wp:attachment":[{"href":"https:\/\/wiejskieprzysmaki.estima.site\/en\/wp-json\/wp\/v2\/media?parent=1010"}],"wp:term":[{"taxonomy":"product_brand","embeddable":true,"href":"https:\/\/wiejskieprzysmaki.estima.site\/en\/wp-json\/wp\/v2\/product_brand?post=1010"},{"taxonomy":"product_cat","embeddable":true,"href":"https:\/\/wiejskieprzysmaki.estima.site\/en\/wp-json\/wp\/v2\/product_cat?post=1010"},{"taxonomy":"product_tag","embeddable":true,"href":"https:\/\/wiejskieprzysmaki.estima.site\/en\/wp-json\/wp\/v2\/product_tag?post=1010"}],"curies":[{"name":"wp","href":"https:\/\/api.w.org\/{rel}","templated":true}]}}