{"id":10114,"date":"2025-02-18T12:15:31","date_gmt":"2025-02-18T11:15:31","guid":{"rendered":"https:\/\/wiejskieprzysmaki.estima.site\/produkt\/baton-proteinowy-activity-bio-35-g-diet-food\/"},"modified":"2025-02-18T12:15:37","modified_gmt":"2025-02-18T11:15:37","slug":"baton-proteinowy-activity-bio-35-g-diet-food","status":"publish","type":"product","link":"https:\/\/wiejskieprzysmaki.estima.site\/en\/product\/baton-proteinowy-activity-bio-35-g-diet-food\/","title":{"rendered":"BATON PROTEINOWY ACTIVITY BIO 35 g &#8211; DIET-FOOD"},"content":{"rendered":"<p>SK\u0141ADNIKI <br \/>pasta daktylowa*, krem z MIGDA\u0141\u00d3W*, proteina z SERWATKI (z MLEKA*), syrop z agawy*, kakao mielone*, wi\u00f3rki kokosowe*, kruszone ziarna kakaowca*, suszony mi\u0105\u017csz owoc\u00f3w baobabu w proszku*, s\u00f3l. (*certyfikowany sk\u0142adnik ekologiczny) <\/p>\n<p>OPIS <br \/>Bio batonik, to \u015bwietna przek\u0105ska dla os\u00f3b, kt\u00f3re ceni\u0105 sobie zdrowe i naturalne jedzenie. Wytworzony w 100 % ze sk\u0142adnik\u00f3w ekologicznych, bez zb\u0119dnych dodatk\u00f3w, co gwarantuje zachowanie pe\u0142nej warto\u015bci od\u017cywczej.<br \/>Pysznie i zdrowo! Czy mo\u017cna sobie wymarzy\u0107 lepsze po\u0142\u0105czenie?<\/p>\n<p>\u2705 100 % bio owoc\u00f3w i warzyw<br \/>\u2705 bez sztucznych aromat\u00f3w<br \/>\u2705 bez barwnik\u00f3w i konserwant\u00f3w<\/p>\n<p>Bio batonik ACTIVITY powsta\u0142 na bazie bio pasty daktylowej z kakao, migda\u0142ami, kokosem, baobabem i bio bia\u0142kiem z serwatki. Batonik stanowi idealn\u0105 przek\u0105sk\u0119 w podr\u00f3\u017cy, pracy lub szkole. <\/p>\n<p>WARTO\u015a\u0106 OD\u017bYWCZA W 100 g <br \/>Warto\u015b\u0107 energetyczna: 1695 kJ\/405 kcal <br \/>T\u0142uszcz: 19 g<br \/>w tym kwasy t\u0142uszczowe nasycone: 8 g<br \/>W\u0119glowodany: 35 g<br \/>w tym cukry: 31 g<br \/>B\u0142onnik: 16 g<br \/>Bia\u0142ko: 20 g<br \/>S\u00f3l: 0,01 g<\/p>\n<p>INFORMACJA ALERGENNA<br \/>Produkt mo\u017ce zawiera\u0107 inne ORZECHY oraz gluten<\/p>\n<p>ZALECANE WARUNKI PRZECHOWYWANIA<br \/>Przechowywa\u0107 w suchym i ch\u0142odnym miejscu<\/p>","protected":false},"excerpt":{"rendered":"<p>SK\u0141ADNIKI pasta daktylowa*, krem z MIGDA\u0141\u00d3W*, proteina z SERWATKI (z MLEKA*), syrop z agawy*, kakao mielone*, wi\u00f3rki kokosowe*, kruszone ziarna kakaowca*, suszony mi\u0105\u017csz owoc\u00f3w baobabu w proszku*, s\u00f3l. (*certyfikowany sk\u0142adnik ekologiczny) OPIS Bio batonik, to \u015bwietna przek\u0105ska dla os\u00f3b, kt\u00f3re ceni\u0105 sobie zdrowe i naturalne jedzenie. Wytworzony w 100 % ze sk\u0142adnik\u00f3w ekologicznych, bez zb\u0119dnych [&hellip;]<\/p>","protected":false},"featured_media":10115,"comment_status":"closed","ping_status":"open","template":"","meta":{"_acf_changed":false},"product_brand":[],"product_cat":[465,139],"product_tag":[],"class_list":{"0":"post-10114","1":"product","2":"type-product","3":"status-publish","4":"has-post-thumbnail","6":"product_cat-batony-wafelki-sezamki","7":"product_cat-slodycze-i-przekaski","8":"pa_ean-matka-7690","9":"pa_gwarancja-przydatnosci-311","10":"pa_ilosc-w-opakowaniu-327","11":"pa_jednostka-podstawowa-szt","12":"pa_kod-cn-1806-32-10","13":"pa_masa-netto-1313","14":"pa_objetosc-brutto-7687","15":"pa_producent-diet-food","16":"pa_producent-nazwa-adres-mipama-e-z-szafarz-spolka-jawna-rogatka-7a-62-860-opatowek-nip-968-08-78-323","17":"pa_tagi-bez-glutenu-w-skladnikach","18":"pa_tagi-certyfikat-bio","19":"pa_tagi-wegetarianski","21":"first","22":"instock","23":"taxable","24":"shipping-taxable","25":"purchasable","26":"product-type-simple"},"acf":[],"_links":{"self":[{"href":"https:\/\/wiejskieprzysmaki.estima.site\/en\/wp-json\/wp\/v2\/product\/10114","targetHints":{"allow":["GET"]}}],"collection":[{"href":"https:\/\/wiejskieprzysmaki.estima.site\/en\/wp-json\/wp\/v2\/product"}],"about":[{"href":"https:\/\/wiejskieprzysmaki.estima.site\/en\/wp-json\/wp\/v2\/types\/product"}],"replies":[{"embeddable":true,"href":"https:\/\/wiejskieprzysmaki.estima.site\/en\/wp-json\/wp\/v2\/comments?post=10114"}],"wp:featuredmedia":[{"embeddable":true,"href":"https:\/\/wiejskieprzysmaki.estima.site\/en\/wp-json\/wp\/v2\/media\/10115"}],"wp:attachment":[{"href":"https:\/\/wiejskieprzysmaki.estima.site\/en\/wp-json\/wp\/v2\/media?parent=10114"}],"wp:term":[{"taxonomy":"product_brand","embeddable":true,"href":"https:\/\/wiejskieprzysmaki.estima.site\/en\/wp-json\/wp\/v2\/product_brand?post=10114"},{"taxonomy":"product_cat","embeddable":true,"href":"https:\/\/wiejskieprzysmaki.estima.site\/en\/wp-json\/wp\/v2\/product_cat?post=10114"},{"taxonomy":"product_tag","embeddable":true,"href":"https:\/\/wiejskieprzysmaki.estima.site\/en\/wp-json\/wp\/v2\/product_tag?post=10114"}],"curies":[{"name":"wp","href":"https:\/\/api.w.org\/{rel}","templated":true}]}}