{"id":10122,"date":"2025-02-18T12:15:31","date_gmt":"2025-02-18T11:15:31","guid":{"rendered":"https:\/\/wiejskieprzysmaki.estima.site\/produkt\/makaron-wielozbozowy-czarny-cardio-swiderki-250-g-novelle\/"},"modified":"2025-02-18T12:15:46","modified_gmt":"2025-02-18T11:15:46","slug":"makaron-wielozbozowy-czarny-cardio-swiderki-250-g-novelle","status":"publish","type":"product","link":"https:\/\/wiejskieprzysmaki.estima.site\/en\/product\/makaron-wielozbozowy-czarny-cardio-swiderki-250-g-novelle\/","title":{"rendered":"MAKARON (WIELOZBO\u017bOWY CZARNY) CARDIO \u015aWIDERKI 250 g &#8211; NOVELLE"},"content":{"rendered":"<p>SK\u0141ADNIKI<br \/>m\u0105ka pe\u0142noziarnista z PSZENICY durum, m\u0105ka J\u0118CZMIENNA pe\u0142noziarnista (36 %), m\u0105ka OWSIANA (28 %), czarna marchew w proszku, cynk, selen.<\/p>\n<p>OPIS<br \/>Makaron Cardio ma wyrazisty i doskona\u0142y smak. Zawiera czarn\u0105 marchew, dzi\u0119ki kt\u00f3rej ma niepowtarzaln\u0105 barw\u0119. Idealnie komponuje si\u0119 ze \u015bwie\u017cymi warzywami i r\u00f3\u017cnorodnymi sosami. Pami\u0119taj o zr\u00f3wnowa\u017conej diecie i aktywnym trybie \u017cycia. <br \/>Czy wiesz, \u017ce &#8230;?<br \/>&#8211; Stres, z\u0142a dieta, szybkie tempo \u017cycia mo\u017ce prowadzi\u0107 do stresu oksydacyjnego, kt\u00f3ry przejawia si\u0119 zachwianiem r\u00f3wnowagi pomi\u0119dzy wolnymi rodnikami, a zdolno\u015bci\u0105 usuwania ich z organizmu. <br \/>&#8211; Do produkcji naszego makaronu u\u017cyli\u015bmy m.in. m\u0105k\u0119 j\u0119czmienn\u0105 oraz m\u0105k\u0119 owsiana, kt\u00f3re s\u0105 \u017ar\u00f3d\u0142em beta-glukan\u00f3w. <br \/>&#8211; Beta-glukany wspieraj\u0105 utrzymanie prawid\u0142owego poziomu cholesterolu. Korzystne dzia\u0142anie wyst\u0119puje w przypadku spo\u017cywania dziennie 3 g beta-glukan\u00f3w pochodz\u0105cych z owsa, otr\u0119b\u00f3w owsianych, J\u0118CZMIENIA, otr\u0119b\u00f3w j\u0119czmiennych lub mieszanek tych beta-glukan\u00f3w. <br \/>&#8211; 1 porcja makaronu dostarcza a\u017c 24 % dziennej referencyjnej warto\u015bci spo\u017cycia cynku i selenu \u2013 sk\u0142adnik\u00f3w, kt\u00f3re pomagaj\u0105 chroni\u0107 kom\u00f3rki przed stresem oksydacyjnym.\t<\/p>\n<p>SPOS\u00d3B PRZYGOTOWANIA<br \/>1. Zagotowa\u0107 wod\u0119 w proporcji 1 litr wody na 100 g makaronu. <br \/>2. Do gotuj\u0105cej wody wrzuca\u0107 stopniowo makaron, nie przerywaj\u0105c wrzenia.<br \/>3. Gotowa\u0107 5 minut na s\u0142abym ogniu, od czasu do czasu mieszaj\u0105c.<br \/>4. Po ugotowaniu makaron odcedzi\u0107 i podawa\u0107.<\/p>\n<p>WARTO\u015a\u0106 OD\u017bYWCZA w 100 g po ugotowaniu<br \/>Warto\u015b\u0107 energetyczna: 642 kJ\/152 kcal<br \/>T\u0142uszcz: 1,4 g<br \/>w tym kwasy t\u0142uszczowe nasycone: 0,3 g<br \/>W\u0119glowodany: 26 g<br \/>w tym cukry: 1,2 g<br \/>B\u0142onnik: 6,0 g<br \/>Bia\u0142ko: 5,5 g<br \/>S\u00f3l: &lt;0,01 g<br \/>Cynk: 2,4 mg (24 %)*<br \/>Selen: 13 ug (24 %)*<br \/>Beta-glukany: 1 g<br \/>*dzienna referencyjna warto\u015b\u0107 spo\u017cycia<\/p>\n<p>INFORMACJA ALERGENNA<br \/>Produkt mo\u017ce zawiera\u0107 jaja.<\/p>\n<p>ZALECANE WARUNKI PRZECHOWYWANIA<br \/>Przechowywa\u0107 w suchym i przewiewnym miejscu. Chroni\u0107 przed bezpo\u015brednim dzia\u0142aniem promieni s\u0142onecznych.<\/p>","protected":false},"excerpt":{"rendered":"<p>SK\u0141ADNIKIm\u0105ka pe\u0142noziarnista z PSZENICY durum, m\u0105ka J\u0118CZMIENNA pe\u0142noziarnista (36 %), m\u0105ka OWSIANA (28 %), czarna marchew w proszku, cynk, selen. OPISMakaron Cardio ma wyrazisty i doskona\u0142y smak. Zawiera czarn\u0105 marchew, dzi\u0119ki kt\u00f3rej ma niepowtarzaln\u0105 barw\u0119. Idealnie komponuje si\u0119 ze \u015bwie\u017cymi warzywami i r\u00f3\u017cnorodnymi sosami. Pami\u0119taj o zr\u00f3wnowa\u017conej diecie i aktywnym trybie \u017cycia. Czy wiesz, \u017ce [&hellip;]<\/p>","protected":false},"featured_media":10123,"comment_status":"closed","ping_status":"open","template":"","meta":{"_acf_changed":false},"product_brand":[],"product_cat":[1162,1246],"product_tag":[],"class_list":{"0":"post-10122","1":"product","2":"type-product","3":"status-publish","4":"has-post-thumbnail","6":"product_cat-makarony","7":"product_cat-zbozowe-z-glutenem","8":"pa_ean-matka-7695","9":"pa_ilosc-w-opakowaniu-374","10":"pa_jednostka-podstawowa-szt","11":"pa_kod-cn-1902-30-10","12":"pa_masa-netto-480","13":"pa_objetosc-brutto-513","14":"pa_producent-novelle-makarony-tortellini","15":"pa_producent-nazwa-adres-makarony-polskie-s-a-podkarpacka-15-a-35-082-rzeszow","16":"pa_tagi-bez-cukru-w-skladnikach","17":"pa_tagi-weganski","18":"pa_tagi-wegetarianski","20":"first","21":"instock","22":"taxable","23":"shipping-taxable","24":"purchasable","25":"product-type-simple"},"acf":[],"_links":{"self":[{"href":"https:\/\/wiejskieprzysmaki.estima.site\/en\/wp-json\/wp\/v2\/product\/10122","targetHints":{"allow":["GET"]}}],"collection":[{"href":"https:\/\/wiejskieprzysmaki.estima.site\/en\/wp-json\/wp\/v2\/product"}],"about":[{"href":"https:\/\/wiejskieprzysmaki.estima.site\/en\/wp-json\/wp\/v2\/types\/product"}],"replies":[{"embeddable":true,"href":"https:\/\/wiejskieprzysmaki.estima.site\/en\/wp-json\/wp\/v2\/comments?post=10122"}],"wp:featuredmedia":[{"embeddable":true,"href":"https:\/\/wiejskieprzysmaki.estima.site\/en\/wp-json\/wp\/v2\/media\/10123"}],"wp:attachment":[{"href":"https:\/\/wiejskieprzysmaki.estima.site\/en\/wp-json\/wp\/v2\/media?parent=10122"}],"wp:term":[{"taxonomy":"product_brand","embeddable":true,"href":"https:\/\/wiejskieprzysmaki.estima.site\/en\/wp-json\/wp\/v2\/product_brand?post=10122"},{"taxonomy":"product_cat","embeddable":true,"href":"https:\/\/wiejskieprzysmaki.estima.site\/en\/wp-json\/wp\/v2\/product_cat?post=10122"},{"taxonomy":"product_tag","embeddable":true,"href":"https:\/\/wiejskieprzysmaki.estima.site\/en\/wp-json\/wp\/v2\/product_tag?post=10122"}],"curies":[{"name":"wp","href":"https:\/\/api.w.org\/{rel}","templated":true}]}}