{"id":10124,"date":"2025-02-18T12:15:49","date_gmt":"2025-02-18T11:15:49","guid":{"rendered":"https:\/\/wiejskieprzysmaki.estima.site\/produkt\/makaron-proteinowy-z-ciecierzycy-swiderki-250-g-novelle\/"},"modified":"2025-02-18T12:15:50","modified_gmt":"2025-02-18T11:15:50","slug":"makaron-proteinowy-z-ciecierzycy-swiderki-250-g-novelle","status":"publish","type":"product","link":"https:\/\/wiejskieprzysmaki.estima.site\/en\/product\/makaron-proteinowy-z-ciecierzycy-swiderki-250-g-novelle\/","title":{"rendered":"MAKARON PROTEINOWY (Z CIECIERZYCY) \u015aWIDERKI 250 g &#8211; NOVELLE"},"content":{"rendered":"<p>SK\u0141ADNIKI<br \/>m\u0105ka z ciecierzycy. <\/p>\n<p>OPIS<br \/>Makaron Novelle z ciecierzycy jest wytwarzany w 100 % z m\u0105ki z ciecierzycy. Jest zdrow\u0105 alternatyw\u0105 dla tradycyjnych makaron\u00f3w wytwarzanych z m\u0105ki pszennej, jest mniej kaloryczny i dostarcza wielu cennych sk\u0142adnik\u00f3w. <br \/>Zawiera mangan, kt\u00f3ry przyczynia si\u0119 do utrzymania zdrowych ko\u015bci oraz mied\u017a, kt\u00f3ra pomaga w prawid\u0142owym funkcjonowaniu uk\u0142adu nerwowego. <br \/>Makaron warzywny Novelle posiada r\u00f3wnie\u017c wysok\u0105 zawarto\u015b\u0107 bia\u0142ka, kt\u00f3re przyczynia si\u0119 wzrostu i utrzymania masy mi\u0119\u015bniowej. Jest wygodny w przygotowaniu, gdy\u017c przygotowuje si\u0119 go znacznie szybciej i \u0142atwiej ni\u017c warzywo, z kt\u00f3rgo pochodzi. \u015awietnie sprawdzi si\u0119 w r\u00f3\u017cnego rodzaju daniach, takich jak sa\u0142atki czy zapiekanki. <br \/>Nasz makaron Novelle jest pyszny i zdrowy!\t<br \/>Spo\u017cywaj 1 porcj\u0119 (100 g) dziennie w ramach zr\u00f3\u017cnicowanej diety i aktywnego trybu \u017cycia. <\/p>\n<p>SPOS\u00d3B PRZYGOTOWANIA<br \/>1. Zagotowa\u0107 wod\u0119 w proporcji 1 litr wody na 100 g makaronu. <br \/>2. Do gotuj\u0105cej wody wrzuca\u0107 stopniowo makaron, nie przerywaj\u0105c wrzenia. <br \/>3. Gotowa\u0107 4 minuty na s\u0142abym ogniu, od czasu do czasu mieszaj\u0105c. <br \/>4. Po ugotowaniu makaron odcedzi\u0107 i podawa\u0107.<\/p>\n<p>WARTO\u015a\u0106 OD\u017bYWCZA w 100 g po ugotowaniu<br \/>Warto\u015b\u0107 energetyczna: 684 kJ\/163 kcal<br \/>T\u0142uszcz: 3,0 g<br \/>w tym kwasy t\u0142uszczowe nasycone: 0,6 g<br \/>W\u0119glowodany: 20 g<br \/>w tym cukry: 0,8 g<br \/>B\u0142onnik: 7,2 g<br \/>Bia\u0142ko: 10 g<br \/>S\u00f3l: &lt;0,01 g<br \/>Fosfor: 159 mg (23 %)*<br \/>Mied\u017a: 0,35 mg (35 %)*<br \/>Mangan: 1,21 mg (61 %)*<br \/>*dzienna referencyjna warto\u015b\u0107 spo\u017cycia<\/p>\n<p>INFORMACJA ALERGENNA<br \/>Produkt mo\u017ce zawiera\u0107 GLUTEN (pszenica, \u017bYTO, J\u0118CZMIE\u0143, OWIES, orkisz), jaja<\/p>\n<p>ZALECANE WARUNKI PRZECHOWYWANIA<br \/>Przechowywa\u0107 w suchym i przewiewnym miejscu. Chroni\u0107 przed bezpo\u015brednim dzia\u0142aniem promieni s\u0142onecznych.<\/p>","protected":false},"excerpt":{"rendered":"<p>SK\u0141ADNIKIm\u0105ka z ciecierzycy. OPISMakaron Novelle z ciecierzycy jest wytwarzany w 100 % z m\u0105ki z ciecierzycy. Jest zdrow\u0105 alternatyw\u0105 dla tradycyjnych makaron\u00f3w wytwarzanych z m\u0105ki pszennej, jest mniej kaloryczny i dostarcza wielu cennych sk\u0142adnik\u00f3w. Zawiera mangan, kt\u00f3ry przyczynia si\u0119 do utrzymania zdrowych ko\u015bci oraz mied\u017a, kt\u00f3ra pomaga w prawid\u0142owym funkcjonowaniu uk\u0142adu nerwowego. Makaron warzywny Novelle [&hellip;]<\/p>","protected":false},"featured_media":10125,"comment_status":"closed","ping_status":"open","template":"","meta":{"_acf_changed":false},"product_brand":[],"product_cat":[1163,1162],"product_tag":[],"class_list":{"0":"post-10124","1":"product","2":"type-product","3":"status-publish","4":"has-post-thumbnail","6":"product_cat-bezglutenowe","7":"product_cat-makarony","8":"pa_ean-matka-7697","9":"pa_ilosc-w-opakowaniu-374","10":"pa_jednostka-podstawowa-szt","11":"pa_kod-cn-1902-30-10","12":"pa_masa-netto-480","13":"pa_objetosc-brutto-513","14":"pa_producent-novelle-makarony-tortellini","15":"pa_producent-nazwa-adres-mp-trade-sp-z-o-o","16":"pa_tagi-bez-cukru-w-skladnikach","17":"pa_tagi-bez-glutenu-w-skladnikach","18":"pa_tagi-weganski","19":"pa_tagi-wegetarianski","21":"first","22":"instock","23":"taxable","24":"shipping-taxable","25":"purchasable","26":"product-type-simple"},"acf":[],"_links":{"self":[{"href":"https:\/\/wiejskieprzysmaki.estima.site\/en\/wp-json\/wp\/v2\/product\/10124","targetHints":{"allow":["GET"]}}],"collection":[{"href":"https:\/\/wiejskieprzysmaki.estima.site\/en\/wp-json\/wp\/v2\/product"}],"about":[{"href":"https:\/\/wiejskieprzysmaki.estima.site\/en\/wp-json\/wp\/v2\/types\/product"}],"replies":[{"embeddable":true,"href":"https:\/\/wiejskieprzysmaki.estima.site\/en\/wp-json\/wp\/v2\/comments?post=10124"}],"wp:featuredmedia":[{"embeddable":true,"href":"https:\/\/wiejskieprzysmaki.estima.site\/en\/wp-json\/wp\/v2\/media\/10125"}],"wp:attachment":[{"href":"https:\/\/wiejskieprzysmaki.estima.site\/en\/wp-json\/wp\/v2\/media?parent=10124"}],"wp:term":[{"taxonomy":"product_brand","embeddable":true,"href":"https:\/\/wiejskieprzysmaki.estima.site\/en\/wp-json\/wp\/v2\/product_brand?post=10124"},{"taxonomy":"product_cat","embeddable":true,"href":"https:\/\/wiejskieprzysmaki.estima.site\/en\/wp-json\/wp\/v2\/product_cat?post=10124"},{"taxonomy":"product_tag","embeddable":true,"href":"https:\/\/wiejskieprzysmaki.estima.site\/en\/wp-json\/wp\/v2\/product_tag?post=10124"}],"curies":[{"name":"wp","href":"https:\/\/api.w.org\/{rel}","templated":true}]}}