{"id":10136,"date":"2025-02-18T12:15:49","date_gmt":"2025-02-18T11:15:49","guid":{"rendered":"https:\/\/wiejskieprzysmaki.estima.site\/produkt\/sok-z-kurkumy-nfc-500-ml-polska-roza\/"},"modified":"2025-02-18T12:15:58","modified_gmt":"2025-02-18T11:15:58","slug":"sok-z-kurkumy-nfc-500-ml-polska-roza","status":"publish","type":"product","link":"https:\/\/wiejskieprzysmaki.estima.site\/en\/product\/sok-z-kurkumy-nfc-500-ml-polska-roza\/","title":{"rendered":"SOK Z KURKUMY NFC 500 ml &#8211; POLSKA R\u00d3\u017bA"},"content":{"rendered":"<p>SK\u0141ADNIKI<br \/>sok NFC z k\u0142\u0105czy kurkumy (80 %), sok NFC z owoc\u00f3w cytryny zwyczajnej (20 %).<\/p>\n<p>OPIS<br \/>Sok z kurkumy NFC t\u0142oczony jest z k\u0142\u0105czy kurkumy z dodatkiem soku z cytryny. Umieszczony w butelkach z ciemnego szk\u0142a, dzi\u0119ki czemu nie traci cennych minera\u0142\u00f3w i witamin.<br \/>Powstaje metod\u0105 t\u0142oczenia, kt\u00f3ra umo\u017cliwia wydobycie z niego wszystkich korzystnych w\u0142a\u015bciwo\u015bci.\t<br \/>Sok do bezpo\u015bredniego spo\u017cycia lub rozcie\u0144czenia. <br \/>Proponujemy pi\u0107 po 50 ml rano do \u015bniadania.<br \/>Produkt pasteryzowany, nieklarowany.<\/p>\n<p>WARTO\u015a\u0106 OD\u017bYWCZA w 100 ml<br \/>Warto\u015b\u0107 energetyczna: 35 kJ\/8 kcal<br \/>T\u0142uszcz: 0 g<br \/>w tym kwasy t\u0142uszczowe nasycone: 0 g<br \/>W\u0119glowodany: 1,4 g<br \/>w tym cukry: 1,2 g<br \/>B\u0142onnik: 0 g<br \/>Bia\u0142ko: 0 g<br \/>S\u00f3l: 0 g<\/p>\n<p>UWAGA <br \/>Smak, kolor i zapach jest zale\u017cny od u\u017cytej partii kurkumy.<br \/>Osad jest zjawiskiem naturalnym, przed u\u017cyciem wstrz\u0105sn\u0105\u0107.<\/p>\n<p>ZALECANE WARUNKI PRZECHOYWANIA<br \/>Po otwarciu przechowa\u0107 w lod\u00f3wce w szczelnie zamkni\u0119tej butelce. Spo\u017cy\u0107 w ci\u0105gu 10 dni. Chroni\u0107 przed \u015bwiat\u0142em.<\/p>","protected":false},"excerpt":{"rendered":"<p>SK\u0141ADNIKIsok NFC z k\u0142\u0105czy kurkumy (80 %), sok NFC z owoc\u00f3w cytryny zwyczajnej (20 %). OPISSok z kurkumy NFC t\u0142oczony jest z k\u0142\u0105czy kurkumy z dodatkiem soku z cytryny. Umieszczony w butelkach z ciemnego szk\u0142a, dzi\u0119ki czemu nie traci cennych minera\u0142\u00f3w i witamin.Powstaje metod\u0105 t\u0142oczenia, kt\u00f3ra umo\u017cliwia wydobycie z niego wszystkich korzystnych w\u0142a\u015bciwo\u015bci. Sok do [&hellip;]<\/p>","protected":false},"featured_media":10137,"comment_status":"closed","ping_status":"open","template":"","meta":{"_acf_changed":false},"product_brand":[],"product_cat":[134,863],"product_tag":[],"class_list":{"0":"post-10136","1":"product","2":"type-product","3":"status-publish","4":"has-post-thumbnail","6":"product_cat-napoje","7":"product_cat-soki-warzywne-warzywne-z-dodatkami-i-inne","8":"pa_ean-matka-7705","9":"pa_gwarancja-przydatnosci-320","10":"pa_ilosc-w-opakowaniu-298","11":"pa_jednostka-podstawowa-szt","12":"pa_kod-cn-2009-89-99","13":"pa_objetosc-brutto-2816","14":"pa_objetosc-netto-376","15":"pa_producent-polska-roza-soki-owocowe-syropy-shoty","16":"pa_producent-nazwa-adres-polska-roza-ernest-michalski-sp-z-o-o-rozy-5-05-090-falenty-nowe","17":"pa_tagi-bez-cukru-w-skladnikach","18":"pa_tagi-bez-glutenu-w-skladnikach","19":"pa_tagi-weganski","20":"pa_tagi-wegetarianski","22":"first","23":"instock","24":"taxable","25":"shipping-taxable","26":"purchasable","27":"product-type-simple"},"acf":[],"_links":{"self":[{"href":"https:\/\/wiejskieprzysmaki.estima.site\/en\/wp-json\/wp\/v2\/product\/10136","targetHints":{"allow":["GET"]}}],"collection":[{"href":"https:\/\/wiejskieprzysmaki.estima.site\/en\/wp-json\/wp\/v2\/product"}],"about":[{"href":"https:\/\/wiejskieprzysmaki.estima.site\/en\/wp-json\/wp\/v2\/types\/product"}],"replies":[{"embeddable":true,"href":"https:\/\/wiejskieprzysmaki.estima.site\/en\/wp-json\/wp\/v2\/comments?post=10136"}],"wp:featuredmedia":[{"embeddable":true,"href":"https:\/\/wiejskieprzysmaki.estima.site\/en\/wp-json\/wp\/v2\/media\/10137"}],"wp:attachment":[{"href":"https:\/\/wiejskieprzysmaki.estima.site\/en\/wp-json\/wp\/v2\/media?parent=10136"}],"wp:term":[{"taxonomy":"product_brand","embeddable":true,"href":"https:\/\/wiejskieprzysmaki.estima.site\/en\/wp-json\/wp\/v2\/product_brand?post=10136"},{"taxonomy":"product_cat","embeddable":true,"href":"https:\/\/wiejskieprzysmaki.estima.site\/en\/wp-json\/wp\/v2\/product_cat?post=10136"},{"taxonomy":"product_tag","embeddable":true,"href":"https:\/\/wiejskieprzysmaki.estima.site\/en\/wp-json\/wp\/v2\/product_tag?post=10136"}],"curies":[{"name":"wp","href":"https:\/\/api.w.org\/{rel}","templated":true}]}}