{"id":1014,"date":"2025-02-18T10:33:34","date_gmt":"2025-02-18T09:33:34","guid":{"rendered":"https:\/\/wiejskieprzysmaki.estima.site\/produkt\/coconut-milk-napoj-kokosowy-bez-gumy-guar-17-tluszczu-bio-330-ml-cocomi\/"},"modified":"2025-02-18T10:33:51","modified_gmt":"2025-02-18T09:33:51","slug":"coconut-milk-napoj-kokosowy-bez-gumy-guar-17-tluszczu-bio-330-ml-cocomi","status":"publish","type":"product","link":"https:\/\/wiejskieprzysmaki.estima.site\/en\/product\/coconut-milk-napoj-kokosowy-bez-gumy-guar-17-tluszczu-bio-330-ml-cocomi\/","title":{"rendered":"COCONUT MILK &#8211; NAP\u00d3J KOKOSOWY BEZ GUMY GUAR (17 % T\u0141USZCZU) BIO 330 ml &#8211; COCOMI"},"content":{"rendered":"<p>SK\u0141ADNIKI  <br \/>ekstrakt z kokosa* (60 %), woda (*certyfikowany sk\u0142adnik ekologiczny)<\/p>\n<p>OPIS  <br \/>Produkt sterylizowany.<\/p>\n<p>SPOS\u00d3B PRZYGOTOWANIA  <br \/>Przed spo\u017cyciem wstrz\u0105sn\u0105\u0107.<\/p>\n<p>WARTO\u015a\u0106 OD\u017bYWCZA W 100 ml  <br \/>Warto\u015b\u0107 energetyczna: 660 kJ \/ 160 kcal  <br \/>T\u0142uszcz: 17 g  <br \/>w tym kwasy t\u0142uszczowe nasycone: 15 g  <br \/>W\u0119glowodany: 0,8 g  <br \/>w tym cukry: 0 g  <br \/>B\u0142onnik: 0 g  <br \/>Bia\u0142ko: 1,0 g  <br \/>S\u00f3l: 0,06 g<\/p>\n<p>ZALECANE WARUNKI PRZECHOWYWANIA  <br \/>Po otwarciu przechowywa\u0107 w lod\u00f3wce i spo\u017cy\u0107 w ci\u0105gu 3 dni.<\/p>","protected":false},"excerpt":{"rendered":"<p>SK\u0141ADNIKI ekstrakt z kokosa* (60 %), woda (*certyfikowany sk\u0142adnik ekologiczny) OPIS Produkt sterylizowany. SPOS\u00d3B PRZYGOTOWANIA Przed spo\u017cyciem wstrz\u0105sn\u0105\u0107. WARTO\u015a\u0106 OD\u017bYWCZA W 100 ml Warto\u015b\u0107 energetyczna: 660 kJ \/ 160 kcal T\u0142uszcz: 17 g w tym kwasy t\u0142uszczowe nasycone: 15 g W\u0119glowodany: 0,8 g w tym cukry: 0 g B\u0142onnik: 0 g Bia\u0142ko: 1,0 g S\u00f3l: [&hellip;]<\/p>","protected":false},"featured_media":1015,"comment_status":"closed","ping_status":"open","template":"","meta":{"_acf_changed":false},"product_brand":[],"product_cat":[134,1008],"product_tag":[],"class_list":{"0":"post-1014","1":"product","2":"type-product","3":"status-publish","4":"has-post-thumbnail","6":"product_cat-napoje","7":"product_cat-roslinne-alternatywy-mleka-i-smietany","8":"pa_ean-matka-1026","9":"pa_gwarancja-przydatnosci-324","10":"pa_ilosc-w-opakowaniu-374","11":"pa_jednostka-podstawowa-szt","12":"pa_kod-cn-2106-90-92","13":"pa_objetosc-brutto-1013","14":"pa_objetosc-netto-1012","15":"pa_producent-cocomi-wody-kokosowe-oleje-kokosowe-smietanki","16":"pa_producent-nazwa-adres-renuka-agri-organics-limited-sri-jinaratana-road-69-2-colombo","17":"pa_tagi-bez-cukru-w-skladnikach","18":"pa_tagi-bez-glutenu-w-skladnikach","19":"pa_tagi-certyfikat-bio","20":"pa_tagi-weganski","21":"pa_tagi-wegetarianski","23":"first","24":"instock","25":"taxable","26":"shipping-taxable","27":"purchasable","28":"product-type-simple"},"acf":[],"_links":{"self":[{"href":"https:\/\/wiejskieprzysmaki.estima.site\/en\/wp-json\/wp\/v2\/product\/1014","targetHints":{"allow":["GET"]}}],"collection":[{"href":"https:\/\/wiejskieprzysmaki.estima.site\/en\/wp-json\/wp\/v2\/product"}],"about":[{"href":"https:\/\/wiejskieprzysmaki.estima.site\/en\/wp-json\/wp\/v2\/types\/product"}],"replies":[{"embeddable":true,"href":"https:\/\/wiejskieprzysmaki.estima.site\/en\/wp-json\/wp\/v2\/comments?post=1014"}],"wp:featuredmedia":[{"embeddable":true,"href":"https:\/\/wiejskieprzysmaki.estima.site\/en\/wp-json\/wp\/v2\/media\/1015"}],"wp:attachment":[{"href":"https:\/\/wiejskieprzysmaki.estima.site\/en\/wp-json\/wp\/v2\/media?parent=1014"}],"wp:term":[{"taxonomy":"product_brand","embeddable":true,"href":"https:\/\/wiejskieprzysmaki.estima.site\/en\/wp-json\/wp\/v2\/product_brand?post=1014"},{"taxonomy":"product_cat","embeddable":true,"href":"https:\/\/wiejskieprzysmaki.estima.site\/en\/wp-json\/wp\/v2\/product_cat?post=1014"},{"taxonomy":"product_tag","embeddable":true,"href":"https:\/\/wiejskieprzysmaki.estima.site\/en\/wp-json\/wp\/v2\/product_tag?post=1014"}],"curies":[{"name":"wp","href":"https:\/\/api.w.org\/{rel}","templated":true}]}}