{"id":10154,"date":"2025-02-18T12:16:05","date_gmt":"2025-02-18T11:16:05","guid":{"rendered":"https:\/\/wiejskieprzysmaki.estima.site\/produkt\/zestaw-ceremonialny-do-matchy-ze-szklana-czarka-moya-matcha\/"},"modified":"2025-02-18T12:16:10","modified_gmt":"2025-02-18T11:16:10","slug":"zestaw-ceremonialny-do-matchy-ze-szklana-czarka-moya-matcha","status":"publish","type":"product","link":"https:\/\/wiejskieprzysmaki.estima.site\/en\/product\/zestaw-ceremonialny-do-matchy-ze-szklana-czarka-moya-matcha\/","title":{"rendered":"ZESTAW CEREMONIALNY DO MATCHY ZE SZKLAN\u0104 CZARK\u0104 &#8211; MOYA MATCHA"},"content":{"rendered":"<p>OPIS<br \/>Tradycyjny zestaw do przygotowywania matchy. W zestawie:<br \/>&#8211; Ekologiczna herbata Moya Matcha Tradycyjna 30 g<br \/>&#8211; Matchawan \u2013 szklana miseczka do matchy<br \/>&#8211; Chasen \u2013 bambusowa miote\u0142ka do matchy<br \/>&#8211; Podstawka pod Chasen<br \/>&#8211; Chashaku \u2013 bambusowa \u0142y\u017ceczka do matchy<\/p>\n<p>Doskona\u0142y prezent dla mi\u0142o\u015bnik\u00f3w Japonii i adept\u00f3w drogi herbaty \u201echado&#8221;.<\/p>\n<p>MOYA MATCHA TRADYCYJNA<br \/>Moya Matcha Tradycyjna posiada intensywnie zielon\u0105 barw\u0105, dobrze zbalansowany gorzko-s\u0142odki smak i delikatny herbaciany posmak. Pozyskuje si\u0119 j\u0105 z wy\u0142\u0105cznie pierwszego i drugiego zbioru \u015bwie\u017cych li\u015bci krzew\u00f3w, kt\u00f3re dojrzewaj\u0105 pod specjalnymi przeciws\u0142onecznymi os\u0142onami. Dzi\u0119ki temu zabiegowi li\u015bcie uzyskuj\u0105 wy\u017csz\u0105 zawarto\u015b\u0107 chlorofilu i l-teaniny oraz nabieraj\u0105 intensywnego zielonego koloru. Zaraz po zebraniu, li\u015bcie s\u0105 delikatnie parowane, suszone i \u015bcierane na drobny proszek po oddzieleniu li\u015bci od \u0142odyg.<\/p>\n<p>MATCHAWAN<br \/>Matchawan jest tradycyjnym narz\u0119dziem wykorzystywanym w japo\u0144skiej ceremonii herbacianej. Jest to r\u00f3wnie\u017c zdecydowanie najwygodniejsze naczynie do picia matchy, kt\u00f3r\u0105 najlepiej utrzepywa\u0107 bambusow\u0105 miote\u0142k\u0105 (tzw. chasenem). Pionowe \u015bcianki czarki i szerokie dno pozwalaj\u0105 \u0142atwo i wygodnie \u201eutrzepa\u0107\u201d match\u0119 w wodzie i szybko uzyska\u0107 warstw\u0119 pianki powierzchni. Nale\u017cy pami\u0119ta\u0107, \u017ce temperatura wody, w kt\u00f3rej przygotowywane jest matcha nie powinna przekracza\u0107 80 stopni Celsjusza.<br \/>Pojemno\u015b\u0107: 400 ml<\/p>\n<p>Naczynie mo\u017cna my\u0107 w zmywarce.<\/p>\n<p>BAMBUSOWA MIOTE\u0141KA DO MATCHY CHASEN<br \/>Tradycyjna japo\u0144ska miote\u0142ka do spieniania herbaty matcha. Miote\u0142ka wykonana jest z jednego kawa\u0142ka bambusa, gdzie precyzyjne naci\u0119cia i odpowiednie wi\u0105zanie bawe\u0142nian\u0105 nici\u0105 tworzy delikatne w\u0105sy, kt\u00f3re poprzez odpowiednie uformowanie tworz\u0105 jaspisow\u0105 piank\u0119 w trakcie ubijania matchy. Za pomoc\u0105 chasena wykonujemy w miseczce ruchy przypominaj\u0105ce liter\u0119 W lub M. Pozwala to dobrze po\u0142\u0105czy\u0107 match\u0119 z wod\u0105 tworz\u0105c zawiesin\u0119, a na powierzchni herbaty powinien pojawi\u0107 si\u0119 ko\u017cuszek piany. Idealne spienienie herbaty jest mo\u017cliwe dzi\u0119ki elastycznym bambusowym szczecinkom miote\u0142ki chasen. Szczecinki te w ich dolnej cz\u0119\u015bci s\u0105 delikatnie wygi\u0119te, a u g\u00f3ry zebrane razem i zako\u0144czone specjaln\u0105 drewnian\u0105 r\u0105czk\u0105.<\/p>\n<p>PODSTAWKA POD CHASEN<br \/>Podstawka pod chasen to nie tylko pi\u0119kny element tradycyjnego japo\u0144skiego zestawu matchy do ceremonii herbacianej. To praktyczne narz\u0119dzie, kt\u00f3re pomaga utrzyma\u0107 delikatne w\u0105sy chasenu w idealnym kszta\u0142cie zapewniaj\u0105c mu d\u0142ugowieczno\u015b\u0107. Podstawka wykonana jest z czarnej, l\u015bni\u0105cej porcelany.<\/p>\n<p>\u0141Y\u017bECZKA CHASHAKU<br \/>Chashaku to \u0142y\u017ceczka, kt\u00f3ra s\u0142u\u017cy do nak\u0142adania matchy. Oryginalnie wykonana jest z drewna bambusowego. Wykorzystywana w tradycyjnej japo\u0144skiej ceremonii herbacianej do nabierania sproszkowanej herbaty. Pozwala nam precyzyjnie nabra\u0107 potrzebn\u0105 ilo\u015b\u0107 matchy. Herbat\u0119 matcha przygotowuje si\u0119 inaczej ni\u017c inne rodzaje herbaty a u\u017cywanie \u0142y\u017ceczki chashaku przybli\u017ca nas do tradycyjnej ceremonii.<\/p>","protected":false},"excerpt":{"rendered":"<p>OPISTradycyjny zestaw do przygotowywania matchy. W zestawie:&#8211; Ekologiczna herbata Moya Matcha Tradycyjna 30 g&#8211; Matchawan \u2013 szklana miseczka do matchy&#8211; Chasen \u2013 bambusowa miote\u0142ka do matchy&#8211; Podstawka pod Chasen&#8211; Chashaku \u2013 bambusowa \u0142y\u017ceczka do matchy Doskona\u0142y prezent dla mi\u0142o\u015bnik\u00f3w Japonii i adept\u00f3w drogi herbaty \u201echado&#8221;. MOYA MATCHA TRADYCYJNAMoya Matcha Tradycyjna posiada intensywnie zielon\u0105 barw\u0105, dobrze [&hellip;]<\/p>","protected":false},"featured_media":10155,"comment_status":"closed","ping_status":"open","template":"","meta":{"_acf_changed":false},"product_brand":[],"product_cat":[282,1315],"product_tag":[],"class_list":{"0":"post-10154","1":"product","2":"type-product","3":"status-publish","4":"has-post-thumbnail","6":"product_cat-herbaty-i-ziola","7":"product_cat-zestawy-kalendarze","8":"pa_ean-matka-7717","9":"pa_gwarancja-przydatnosci-320","10":"pa_ilosc-w-opakowaniu-374","11":"pa_jednostka-podstawowa-szt","12":"pa_kod-cn-6913-10-00","13":"pa_masa-netto-428","14":"pa_objetosc-brutto-5702","15":"pa_producent-moya-matcha-herbaty-zielone-matcha","16":"pa_producent-nazwa-adres-moya-europe-sp-z-o-o-karlowicza-9a-02-501-warszawa","17":"pa_tagi-bez-cukru-w-skladnikach","18":"pa_tagi-bez-glutenu-w-skladnikach","19":"pa_tagi-certyfikat-bio","20":"pa_tagi-weganski","21":"pa_tagi-wegetarianski","23":"first","24":"instock","25":"taxable","26":"shipping-taxable","27":"purchasable","28":"product-type-simple"},"acf":[],"_links":{"self":[{"href":"https:\/\/wiejskieprzysmaki.estima.site\/en\/wp-json\/wp\/v2\/product\/10154","targetHints":{"allow":["GET"]}}],"collection":[{"href":"https:\/\/wiejskieprzysmaki.estima.site\/en\/wp-json\/wp\/v2\/product"}],"about":[{"href":"https:\/\/wiejskieprzysmaki.estima.site\/en\/wp-json\/wp\/v2\/types\/product"}],"replies":[{"embeddable":true,"href":"https:\/\/wiejskieprzysmaki.estima.site\/en\/wp-json\/wp\/v2\/comments?post=10154"}],"wp:featuredmedia":[{"embeddable":true,"href":"https:\/\/wiejskieprzysmaki.estima.site\/en\/wp-json\/wp\/v2\/media\/10155"}],"wp:attachment":[{"href":"https:\/\/wiejskieprzysmaki.estima.site\/en\/wp-json\/wp\/v2\/media?parent=10154"}],"wp:term":[{"taxonomy":"product_brand","embeddable":true,"href":"https:\/\/wiejskieprzysmaki.estima.site\/en\/wp-json\/wp\/v2\/product_brand?post=10154"},{"taxonomy":"product_cat","embeddable":true,"href":"https:\/\/wiejskieprzysmaki.estima.site\/en\/wp-json\/wp\/v2\/product_cat?post=10154"},{"taxonomy":"product_tag","embeddable":true,"href":"https:\/\/wiejskieprzysmaki.estima.site\/en\/wp-json\/wp\/v2\/product_tag?post=10154"}],"curies":[{"name":"wp","href":"https:\/\/api.w.org\/{rel}","templated":true}]}}