{"id":10170,"date":"2025-02-18T12:16:25","date_gmt":"2025-02-18T11:16:25","guid":{"rendered":"https:\/\/wiejskieprzysmaki.estima.site\/produkt\/burger-roslinny-brasato-bezglutenowy-200-g-plantway\/"},"modified":"2025-02-18T12:16:25","modified_gmt":"2025-02-18T11:16:25","slug":"burger-roslinny-brasato-bezglutenowy-200-g-plantway","status":"publish","type":"product","link":"https:\/\/wiejskieprzysmaki.estima.site\/en\/product\/burger-roslinny-brasato-bezglutenowy-200-g-plantway\/","title":{"rendered":"BURGER RO\u015aLINNY BRASATO BEZGLUTENOWY 200 g &#8211; PLANTWAY"},"content":{"rendered":"<p>SK\u0141ADNIKI<br \/>woda, bia\u0142ko grochu 16 %, oleje (rzepakowy, kokosowy), b\u0142onniki (grochowy, bambusowy), naturalne aromaty, stabilizator: metyloceluloza, ocet spirytusowy, suszony burak, barwnik: karmel, ocet w proszku, aromat, witamina B12.<\/p>\n<p>OPIS<br \/>Burger Brasato od Plantway jest bardzo aromatyczny, posiada s\u0301wietna\u0328 konsystencj\u0119 i smak duszonej w winie wo\u0142owiny. Jest to produkt w 100 % ros\u0301linny, kt\u00f3rego celem jest zasta\u0328pienie tradycyjnego mie\u0328snego burgera. Produkt na bazie bia\u0142ka grochu, nie zawiera SOI ani glutenu.<br \/>Pakowany w atmosferze ochronnej. Produkt gotowy do spo\u017cycia po obr\u00f3bce termicznej.<\/p>\n<p>SPOS\u00d3B PRZYGOTOWANIA<br \/>Sma\u017c 2,5 minuty na rozgrzanym oleju, na ka\u017cdej ze stron.<\/p>\n<p>WARTO\u015a\u0106 OD\u017bYWCZA w 100 g<br \/>Warto\u015b\u0107 energetyczna: 884 kJ\/215 kcal<br \/>T\u0142uszcz: 16 g<br \/>w tym kwasy t\u0142uszczowe nasycone: 5,5 g<br \/>W\u0119glowodany: 2,4 g<br \/>w tym cukry: 0,5 g<br \/>B\u0142onnik: 4,6 g<br \/>Bia\u0142ko: 13 g<br \/>S\u00f3l: 1,9 g<br \/>Witamina B12: 1,2 ug (49 %)**<br \/>\u017belazo: 2,7 mg (19 %)**<br \/>** dzienna referencyjna warto\u015b\u0107 spo\u017cycia <\/p>\n<p>INFORMACJA ALERGENNA<br \/>Mo\u017ce zawiera\u0107 soj\u0119.<\/p>\n<p>ZALECANE WARUNKI PRZECHOWYWANIA<br \/>Przechowywa\u0107 w temperaturze od +2\u00b0C do +7\u00b0C. Produkt nale\u017cy spo\u017cy\u0107 w ci\u0105gu 24 godzin od otwarcia.<br \/>Produkt rozmro\u017cony &#8211; nie zamra\u017ca\u0107 ponownie.<\/p>","protected":false},"excerpt":{"rendered":"<p>SK\u0141ADNIKIwoda, bia\u0142ko grochu 16 %, oleje (rzepakowy, kokosowy), b\u0142onniki (grochowy, bambusowy), naturalne aromaty, stabilizator: metyloceluloza, ocet spirytusowy, suszony burak, barwnik: karmel, ocet w proszku, aromat, witamina B12. OPISBurger Brasato od Plantway jest bardzo aromatyczny, posiada s\u0301wietna\u0328 konsystencj\u0119 i smak duszonej w winie wo\u0142owiny. Jest to produkt w 100 % ros\u0301linny, kt\u00f3rego celem jest zasta\u0328pienie tradycyjnego [&hellip;]<\/p>","protected":false},"featured_media":10171,"comment_status":"closed","ping_status":"open","template":"","meta":{"_acf_changed":false},"product_brand":[],"product_cat":[274,484],"product_tag":[],"class_list":{"0":"post-10170","1":"product","2":"type-product","3":"status-publish","4":"has-post-thumbnail","6":"product_cat-lodowka-inne","7":"product_cat-roslinne-alternatywy-sera-miesa","8":"pa_ean-matka-7730","9":"pa_gwarancja-przydatnosci-4052","10":"pa_ilosc-w-opakowaniu-350","11":"pa_jednostka-podstawowa-szt","12":"pa_kod-cn-2106-10-20","13":"pa_masa-netto-354","14":"pa_objetosc-brutto-7480","15":"pa_producent-plantway-roslinny-kuczak","16":"pa_producent-nazwa-adres-plantway-sp-z-o-o-geodetow-33-05-200-wolomin","17":"pa_tagi-bez-cukru-w-skladnikach","18":"pa_tagi-bez-glutenu-deklaracja","19":"pa_tagi-bez-glutenu-w-skladnikach","20":"pa_tagi-weganski","21":"pa_tagi-wegetarianski","23":"first","24":"instock","25":"taxable","26":"shipping-taxable","27":"purchasable","28":"product-type-simple"},"acf":[],"_links":{"self":[{"href":"https:\/\/wiejskieprzysmaki.estima.site\/en\/wp-json\/wp\/v2\/product\/10170","targetHints":{"allow":["GET"]}}],"collection":[{"href":"https:\/\/wiejskieprzysmaki.estima.site\/en\/wp-json\/wp\/v2\/product"}],"about":[{"href":"https:\/\/wiejskieprzysmaki.estima.site\/en\/wp-json\/wp\/v2\/types\/product"}],"replies":[{"embeddable":true,"href":"https:\/\/wiejskieprzysmaki.estima.site\/en\/wp-json\/wp\/v2\/comments?post=10170"}],"wp:featuredmedia":[{"embeddable":true,"href":"https:\/\/wiejskieprzysmaki.estima.site\/en\/wp-json\/wp\/v2\/media\/10171"}],"wp:attachment":[{"href":"https:\/\/wiejskieprzysmaki.estima.site\/en\/wp-json\/wp\/v2\/media?parent=10170"}],"wp:term":[{"taxonomy":"product_brand","embeddable":true,"href":"https:\/\/wiejskieprzysmaki.estima.site\/en\/wp-json\/wp\/v2\/product_brand?post=10170"},{"taxonomy":"product_cat","embeddable":true,"href":"https:\/\/wiejskieprzysmaki.estima.site\/en\/wp-json\/wp\/v2\/product_cat?post=10170"},{"taxonomy":"product_tag","embeddable":true,"href":"https:\/\/wiejskieprzysmaki.estima.site\/en\/wp-json\/wp\/v2\/product_tag?post=10170"}],"curies":[{"name":"wp","href":"https:\/\/api.w.org\/{rel}","templated":true}]}}