{"id":10172,"date":"2025-02-18T12:16:25","date_gmt":"2025-02-18T11:16:25","guid":{"rendered":"https:\/\/wiejskieprzysmaki.estima.site\/produkt\/krem-z-orzeszkow-ziemnych-z-kakao-crunchy-bio-250-g-naughty-nuts\/"},"modified":"2025-02-18T12:16:26","modified_gmt":"2025-02-18T11:16:26","slug":"krem-z-orzeszkow-ziemnych-z-kakao-crunchy-bio-250-g-naughty-nuts","status":"publish","type":"product","link":"https:\/\/wiejskieprzysmaki.estima.site\/en\/product\/krem-z-orzeszkow-ziemnych-z-kakao-crunchy-bio-250-g-naughty-nuts\/","title":{"rendered":"KREM Z ORZESZK\u00d3W ZIEMNYCH Z KAKAO CRUNCHY BIO 250 g &#8211; NAUGHTY NUTS"},"content":{"rendered":"<p>SK\u0141ADNIKI<br \/>pra\u017cone ORZESZKI ZIEMNE* (74 %), agawa w proszku*, kakao w proszku* (8 %). (*certyfikowany sk\u0142adnik ekologiczny)<\/p>\n<p>OPIS<br \/>Kiedy najdzie Ci\u0119 ochota na co\u015b s\u0142odkiego, si\u0119gnij po nasz krem bez dodatku cukru \u2013 wydaje Ci si\u0119 niemo\u017cliwe, \u017ce zaspokoi ono Twoj\u0105 ch\u0119\u0107 na s\u0142odycze? Najwyra\u017aniej nadal go nie spr\u00f3bowa\u0142e\u015b.<\/p>\n<p>WARTO\u015a\u0106 OD\u017bYWCZA w 100 g<br \/>Warto\u015b\u0107 energetyczna: 2345 kJ\/564 kcal<br \/>T\u0142uszcz: 39 g<br \/>w tym kwasy t\u0142uszczowe nasycone: 9,0 g<br \/>W\u0119glowodany: 25 g<br \/>w tym cukry: 20 g<br \/>B\u0142onnik: 8,0 g<br \/>Bia\u0142ko: 25 g<br \/>S\u00f3l: 0,03 g<\/p>\n<p>INFORMACJA ALERGENNA<br \/>Mo\u017ce zawiera\u0107 NASIONA SEZAMU i orzechy.<\/p>\n<p>UWAGA<br \/>Produkt nie zawiera stabilizator\u00f3w dlatego mo\u017ce wydziela\u0107 si\u0119 olej. Gdy tak si\u0119 stanie, zamieszaj krem a stanie si\u0119 zn\u00f3w kremowy. <\/p>\n<p>ZALECANE WARUNKI PRZECHOWYWANIA<br \/>Przechowywa\u0107 w ch\u0142odnym i suchym miejscu. Po otwarciu zu\u017cy\u0107 w ci\u0105gu 3 miesi\u0119cy. <\/p>","protected":false},"excerpt":{"rendered":"<p>SK\u0141ADNIKIpra\u017cone ORZESZKI ZIEMNE* (74 %), agawa w proszku*, kakao w proszku* (8 %). (*certyfikowany sk\u0142adnik ekologiczny) OPISKiedy najdzie Ci\u0119 ochota na co\u015b s\u0142odkiego, si\u0119gnij po nasz krem bez dodatku cukru \u2013 wydaje Ci si\u0119 niemo\u017cliwe, \u017ce zaspokoi ono Twoj\u0105 ch\u0119\u0107 na s\u0142odycze? Najwyra\u017aniej nadal go nie spr\u00f3bowa\u0142e\u015b. WARTO\u015a\u0106 OD\u017bYWCZA w 100 gWarto\u015b\u0107 energetyczna: 2345 kJ\/564 [&hellip;]<\/p>","protected":false},"featured_media":10173,"comment_status":"closed","ping_status":"open","template":"","meta":{"_acf_changed":false},"product_brand":[],"product_cat":[734],"product_tag":[],"class_list":{"0":"post-10172","1":"product","2":"type-product","3":"status-publish","4":"has-post-thumbnail","6":"product_cat-kremy-orzechowe-czekoladowe-tahini","7":"pa_ean-matka-7733","8":"pa_gwarancja-przydatnosci-311","9":"pa_ilosc-w-opakowaniu-374","10":"pa_jednostka-podstawowa-szt","11":"pa_kod-cn-1806-90-60","12":"pa_masa-netto-480","13":"pa_objetosc-brutto-2067","14":"pa_producent-naughty-nuts-praliny","15":"pa_producent-nazwa-adres-smart-organic-ad-damyanista-st-6","16":"pa_tagi-bez-glutenu-w-skladnikach","17":"pa_tagi-certyfikat-bio","18":"pa_tagi-weganski","19":"pa_tagi-wegetarianski","21":"first","22":"instock","23":"taxable","24":"shipping-taxable","25":"purchasable","26":"product-type-simple"},"acf":[],"_links":{"self":[{"href":"https:\/\/wiejskieprzysmaki.estima.site\/en\/wp-json\/wp\/v2\/product\/10172","targetHints":{"allow":["GET"]}}],"collection":[{"href":"https:\/\/wiejskieprzysmaki.estima.site\/en\/wp-json\/wp\/v2\/product"}],"about":[{"href":"https:\/\/wiejskieprzysmaki.estima.site\/en\/wp-json\/wp\/v2\/types\/product"}],"replies":[{"embeddable":true,"href":"https:\/\/wiejskieprzysmaki.estima.site\/en\/wp-json\/wp\/v2\/comments?post=10172"}],"wp:featuredmedia":[{"embeddable":true,"href":"https:\/\/wiejskieprzysmaki.estima.site\/en\/wp-json\/wp\/v2\/media\/10173"}],"wp:attachment":[{"href":"https:\/\/wiejskieprzysmaki.estima.site\/en\/wp-json\/wp\/v2\/media?parent=10172"}],"wp:term":[{"taxonomy":"product_brand","embeddable":true,"href":"https:\/\/wiejskieprzysmaki.estima.site\/en\/wp-json\/wp\/v2\/product_brand?post=10172"},{"taxonomy":"product_cat","embeddable":true,"href":"https:\/\/wiejskieprzysmaki.estima.site\/en\/wp-json\/wp\/v2\/product_cat?post=10172"},{"taxonomy":"product_tag","embeddable":true,"href":"https:\/\/wiejskieprzysmaki.estima.site\/en\/wp-json\/wp\/v2\/product_tag?post=10172"}],"curies":[{"name":"wp","href":"https:\/\/api.w.org\/{rel}","templated":true}]}}