{"id":10213,"date":"2025-02-18T12:16:58","date_gmt":"2025-02-18T11:16:58","guid":{"rendered":"https:\/\/wiejskieprzysmaki.estima.site\/produkt\/migdaly-w-kakao-bez-dodatku-cukrow-bio-70-g-cocoa\/"},"modified":"2025-02-18T12:17:01","modified_gmt":"2025-02-18T11:17:01","slug":"migdaly-w-kakao-bez-dodatku-cukrow-bio-70-g-cocoa","status":"publish","type":"product","link":"https:\/\/wiejskieprzysmaki.estima.site\/en\/product\/migdaly-w-kakao-bez-dodatku-cukrow-bio-70-g-cocoa\/","title":{"rendered":"MIGDA\u0141Y W KAKAO BEZ DODATKU CUKR\u00d3W BIO 70 g &#8211; COCOA"},"content":{"rendered":"<p>SK\u0141ADNIKI<br \/>masa kakaowa* 65 % (100 % niepra\u017cone ziarno kakao*), MIGDA\u0141Y* 35 %. (*certyfikowany sk\u0142adnik ekologiczny)<\/p>\n<p>OPIS<br \/>Wiemy jak trudno o s\u0142odycze z dobrym makro. MIGDA\u0141Y w kakao 100 % to doskona\u0142a propozycja o niskiej zawarto\u015bci w\u0119glowodan\u00f3w. To nasz ulubiony deser idealny do kuloodpornej kawy. Spr\u00f3buj!<br \/>\u015awietnie sprawdzaj\u0105 si\u0119 jako ratunkow\u0105 przek\u0105ska w aucie albo na dnie torebki lub plecaka.<\/p>\n<p>WARTO\u015a\u0106 OD\u017bYWCZA w 100 g<br \/>Warto\u015b\u0107 energetyczna: 2454 kJ\/595 kcal<br \/>T\u0142uszcz: 53 g<br \/>w tym kwasy t\u0142uszczowe nasycone: 21 g<br \/>W\u0119glowodany: 5,8 g<br \/>w tym cukry: 2,4 g<br \/>B\u0142onnik: 20 g<br \/>Bia\u0142ko: 14 g<br \/>S\u00f3l: 0,13 g<\/p>\n<p>INFORMACJA ALERGENNA<br \/>Mo\u017ce zawiera\u0107 inne orzechy.<\/p>\n<p>ZALECANE WARUNKI PRZECHOWYWANIA<br \/>Przechowywa\u0107 w suchym i ch\u0142odnym miejscu.<\/p>","protected":false},"excerpt":{"rendered":"<p>SK\u0141ADNIKImasa kakaowa* 65 % (100 % niepra\u017cone ziarno kakao*), MIGDA\u0141Y* 35 %. (*certyfikowany sk\u0142adnik ekologiczny) OPISWiemy jak trudno o s\u0142odycze z dobrym makro. MIGDA\u0141Y w kakao 100 % to doskona\u0142a propozycja o niskiej zawarto\u015bci w\u0119glowodan\u00f3w. To nasz ulubiony deser idealny do kuloodpornej kawy. Spr\u00f3buj!\u015awietnie sprawdzaj\u0105 si\u0119 jako ratunkow\u0105 przek\u0105ska w aucie albo na dnie torebki [&hellip;]<\/p>","protected":false},"featured_media":10214,"comment_status":"closed","ping_status":"open","template":"","meta":{"_acf_changed":false},"product_brand":[],"product_cat":[700,139],"product_tag":[],"class_list":{"0":"post-10213","1":"product","2":"type-product","3":"status-publish","4":"has-post-thumbnail","6":"product_cat-bakalie-w-czekol-i-kandyz","7":"product_cat-slodycze-i-przekaski","8":"pa_ean-matka-7756","9":"pa_gwarancja-przydatnosci-311","10":"pa_ilosc-w-opakowaniu-2472","11":"pa_jednostka-podstawowa-szt","12":"pa_kod-cn-1806-90-19","13":"pa_masa-netto-695","14":"pa_objetosc-brutto-697","15":"pa_producent-cocoa-czekolady-i-bakalie-w-surowej-czekoladzie","16":"pa_producent-nazwa-adres-surovital-m-rendak-k-szwed-s-c","17":"pa_tagi-bez-cukru-w-skladnikach","18":"pa_tagi-bez-glutenu-w-skladnikach","19":"pa_tagi-certyfikat-bio","20":"pa_tagi-weganski","21":"pa_tagi-wegetarianski","23":"first","24":"instock","25":"taxable","26":"shipping-taxable","27":"purchasable","28":"product-type-simple"},"acf":[],"_links":{"self":[{"href":"https:\/\/wiejskieprzysmaki.estima.site\/en\/wp-json\/wp\/v2\/product\/10213","targetHints":{"allow":["GET"]}}],"collection":[{"href":"https:\/\/wiejskieprzysmaki.estima.site\/en\/wp-json\/wp\/v2\/product"}],"about":[{"href":"https:\/\/wiejskieprzysmaki.estima.site\/en\/wp-json\/wp\/v2\/types\/product"}],"replies":[{"embeddable":true,"href":"https:\/\/wiejskieprzysmaki.estima.site\/en\/wp-json\/wp\/v2\/comments?post=10213"}],"wp:featuredmedia":[{"embeddable":true,"href":"https:\/\/wiejskieprzysmaki.estima.site\/en\/wp-json\/wp\/v2\/media\/10214"}],"wp:attachment":[{"href":"https:\/\/wiejskieprzysmaki.estima.site\/en\/wp-json\/wp\/v2\/media?parent=10213"}],"wp:term":[{"taxonomy":"product_brand","embeddable":true,"href":"https:\/\/wiejskieprzysmaki.estima.site\/en\/wp-json\/wp\/v2\/product_brand?post=10213"},{"taxonomy":"product_cat","embeddable":true,"href":"https:\/\/wiejskieprzysmaki.estima.site\/en\/wp-json\/wp\/v2\/product_cat?post=10213"},{"taxonomy":"product_tag","embeddable":true,"href":"https:\/\/wiejskieprzysmaki.estima.site\/en\/wp-json\/wp\/v2\/product_tag?post=10213"}],"curies":[{"name":"wp","href":"https:\/\/api.w.org\/{rel}","templated":true}]}}