{"id":10215,"date":"2025-02-18T12:16:58","date_gmt":"2025-02-18T11:16:58","guid":{"rendered":"https:\/\/wiejskieprzysmaki.estima.site\/produkt\/boczek-roslinny-100-g-bezmiesny\/"},"modified":"2025-02-18T12:17:04","modified_gmt":"2025-02-18T11:17:04","slug":"boczek-roslinny-100-g-bezmiesny","status":"publish","type":"product","link":"https:\/\/wiejskieprzysmaki.estima.site\/en\/product\/boczek-roslinny-100-g-bezmiesny\/","title":{"rendered":"BOCZEK RO\u015aLINNY 100 g &#8211; BEZMI\u0118SNY"},"content":{"rendered":"<p>SK\u0141ADNIKI<br \/>woda, bia\u0142ko PSZENNE 34 %, olej rzepakowy, p\u0142atki dro\u017cd\u017cowe nieaktywne, SOJA, koncentrat pomidorowy, przyprawy naturalne, aromaty (w tym aromat dymu w\u0119dzarniczego), s\u00f3l k\u0142odawska. Produkt w\u0119dzony drewnem bukowym.<\/p>\n<p>OPIS<br \/>Bezmi\u0119sny Boczek to prawdziwy kr\u00f3l wszystkich uczt. Jest do\u015b\u0107 s\u0142ony, lekko pomidorowy, bardzo wyrazisty i dymny &#8211; po prostu boczkowy, czyli pyszny! Niezwyk\u0142\u0105 wielowymiarowo\u015b\u0107 swojego smaku zawdzi\u0119cza naturalnym \u017ar\u00f3d\u0142om umami: pomidorom, p\u0142atkom dro\u017cd\u017cowym i sosowi sojowemu. <br \/>Struktura Bezmi\u0119snego Boczku jest elastyczna, ale nie gumowata.<\/p>\n<p>SPOS\u00d3B PRZYGOTOWANIA<br \/>Bezmi\u0119sny Boczek mo\u017cesz doda\u0107 na przyk\u0142ad do domowego burgera, tofucznicy czy spaghetti a\u2019la carbonara. Po kr\u00f3tkim sma\u017ceniu na odrobinie oleju staje si\u0119 cudownie chrupi\u0105cy. Mo\u017cesz go tak\u017ce piec, dusi\u0107, grillowa\u0107 albo je\u015b\u0107 na surowo &#8211; inwencja jest tu niczym nieograniczona. Pami\u0119taj, \u017ce tak jak wszystkie nasze produkty, Bezmi\u0119sny Boczek mo\u017cna mrozi\u0107!<\/p>\n<p>WARTO\u015a\u0106 OD\u017bYWCZA w 100 g <br \/>Warto\u015b\u0107 energetyczna: 949 kJ\/226 kcal<br \/>T\u0142uszcz: 6,9 g<br \/>w tym kwasy t\u0142uszczowe nasycone: 1,1 g<br \/>W\u0119glowodany: 8,1 g<br \/>w tym cukry: 3,6 g<br \/>B\u0142onnik: 3,3 g<br \/>Bia\u0142ko: 31 g<br \/>S\u00f3l: 1,3 g<\/p>\n<p>INFORMACJA ALERGENNA<br \/>Mo\u017ce zawiera\u0107 SEZAM, GORCZYC\u0118 i seler.<\/p>\n<p>ZALECANE WARUNKI PRZECHOWYWANIA<br \/>Przechowywa\u0107 w temperaturze od +2\u00b0C do +6\u00b0C. Produkt nale\u017cy spo\u017cy\u0107 w ci\u0105gu 48 godzin od otwarcia.<\/p>","protected":false},"excerpt":{"rendered":"<p>SK\u0141ADNIKIwoda, bia\u0142ko PSZENNE 34 %, olej rzepakowy, p\u0142atki dro\u017cd\u017cowe nieaktywne, SOJA, koncentrat pomidorowy, przyprawy naturalne, aromaty (w tym aromat dymu w\u0119dzarniczego), s\u00f3l k\u0142odawska. Produkt w\u0119dzony drewnem bukowym. OPISBezmi\u0119sny Boczek to prawdziwy kr\u00f3l wszystkich uczt. Jest do\u015b\u0107 s\u0142ony, lekko pomidorowy, bardzo wyrazisty i dymny &#8211; po prostu boczkowy, czyli pyszny! Niezwyk\u0142\u0105 wielowymiarowo\u015b\u0107 swojego smaku zawdzi\u0119cza naturalnym [&hellip;]<\/p>","protected":false},"featured_media":10216,"comment_status":"closed","ping_status":"open","template":"","meta":{"_acf_changed":false},"product_brand":[],"product_cat":[274,484],"product_tag":[],"class_list":{"0":"post-10215","1":"product","2":"type-product","3":"status-publish","4":"has-post-thumbnail","6":"product_cat-lodowka-inne","7":"product_cat-roslinne-alternatywy-sera-miesa","8":"pa_ean-matka-7758","9":"pa_gwarancja-przydatnosci-481","10":"pa_ilosc-w-opakowaniu-374","11":"pa_jednostka-podstawowa-szt","12":"pa_kod-cn-2106-90-98","13":"pa_masa-netto-242","14":"pa_objetosc-brutto-7757","15":"pa_producent-bezmiesny-vege-wedliny","16":"pa_producent-nazwa-adres-bvtcher-sp-z-o-o-ul-flory-9-lok-8-00-586-warszawa","17":"pa_tagi-weganski","18":"pa_tagi-wegetarianski","20":"first","21":"instock","22":"taxable","23":"shipping-taxable","24":"purchasable","25":"product-type-simple"},"acf":[],"_links":{"self":[{"href":"https:\/\/wiejskieprzysmaki.estima.site\/en\/wp-json\/wp\/v2\/product\/10215","targetHints":{"allow":["GET"]}}],"collection":[{"href":"https:\/\/wiejskieprzysmaki.estima.site\/en\/wp-json\/wp\/v2\/product"}],"about":[{"href":"https:\/\/wiejskieprzysmaki.estima.site\/en\/wp-json\/wp\/v2\/types\/product"}],"replies":[{"embeddable":true,"href":"https:\/\/wiejskieprzysmaki.estima.site\/en\/wp-json\/wp\/v2\/comments?post=10215"}],"wp:featuredmedia":[{"embeddable":true,"href":"https:\/\/wiejskieprzysmaki.estima.site\/en\/wp-json\/wp\/v2\/media\/10216"}],"wp:attachment":[{"href":"https:\/\/wiejskieprzysmaki.estima.site\/en\/wp-json\/wp\/v2\/media?parent=10215"}],"wp:term":[{"taxonomy":"product_brand","embeddable":true,"href":"https:\/\/wiejskieprzysmaki.estima.site\/en\/wp-json\/wp\/v2\/product_brand?post=10215"},{"taxonomy":"product_cat","embeddable":true,"href":"https:\/\/wiejskieprzysmaki.estima.site\/en\/wp-json\/wp\/v2\/product_cat?post=10215"},{"taxonomy":"product_tag","embeddable":true,"href":"https:\/\/wiejskieprzysmaki.estima.site\/en\/wp-json\/wp\/v2\/product_tag?post=10215"}],"curies":[{"name":"wp","href":"https:\/\/api.w.org\/{rel}","templated":true}]}}