{"id":1024,"date":"2025-02-18T10:33:54","date_gmt":"2025-02-18T09:33:54","guid":{"rendered":"https:\/\/wiejskieprzysmaki.estima.site\/produkt\/yerba-mate-bio-50-g-dary-natury\/"},"modified":"2025-02-18T10:33:56","modified_gmt":"2025-02-18T09:33:56","slug":"yerba-mate-bio-50-g-dary-natury","status":"publish","type":"product","link":"https:\/\/wiejskieprzysmaki.estima.site\/en\/product\/yerba-mate-bio-50-g-dary-natury\/","title":{"rendered":"YERBA MATE BIO 50 g &#8211; DARY NATURY"},"content":{"rendered":"<p>SK\u0141ADNIKI<br \/>ekologiczna Yerba mate 100 %<\/p>\n<p>OPIS<br \/>Yerba mate mo\u017cna parzy\u0107 na wiele sposob\u00f3w. Najcz\u0119\u015bciej jednak mate przygotowuje si\u0119 i pije w naczyniach drewnianych lub ceramicznych (cho\u0107 bywaj\u0105 te\u017c z innych materia\u0142\u00f3w). Niezb\u0119dna jest tak\u017ce bombilla, przez kt\u00f3r\u0105 pije si\u0119 napar.<\/p>\n<p>SPOS\u00d3B PRZYGOTOWANIA<br \/>I spos\u00f3b przygotowania: 1 \u0142y\u017ceczk\u0119 Yerba mate zala\u0107 szklank\u0105 gor\u0105cej wody (ok. 80\u2070C) i pozostawi\u0107 pod przykryciem do zaparzenia na oko\u0142o 10-15 minut. <br \/>II spos\u00f3b przygotowania: Wk\u0142adamy bombill\u0119 do naczynia. Nasypujemy Yerba mate od \u00bd do \u00be obj\u0119to\u015bci. Zalewamy susz gor\u0105c\u0105, ale niewrz\u0105c\u0105 wod\u0105.<\/p>\n<p>ZALECANE WARUNKI PRZECHOWYWANIA<br \/>Przechowywa\u0107 w suchym i ch\u0142odnym miejscu.<\/p>","protected":false},"excerpt":{"rendered":"<p>SK\u0141ADNIKIekologiczna Yerba mate 100 % OPISYerba mate mo\u017cna parzy\u0107 na wiele sposob\u00f3w. Najcz\u0119\u015bciej jednak mate przygotowuje si\u0119 i pije w naczyniach drewnianych lub ceramicznych (cho\u0107 bywaj\u0105 te\u017c z innych materia\u0142\u00f3w). Niezb\u0119dna jest tak\u017ce bombilla, przez kt\u00f3r\u0105 pije si\u0119 napar. SPOS\u00d3B PRZYGOTOWANIAI spos\u00f3b przygotowania: 1 \u0142y\u017ceczk\u0119 Yerba mate zala\u0107 szklank\u0105 gor\u0105cej wody (ok. 80\u2070C) i pozostawi\u0107 [&hellip;]<\/p>","protected":false},"featured_media":1025,"comment_status":"closed","ping_status":"open","template":"","meta":{"_acf_changed":false},"product_brand":[],"product_cat":[282,1050],"product_tag":[],"class_list":{"0":"post-1024","1":"product","2":"type-product","3":"status-publish","4":"has-post-thumbnail","6":"product_cat-herbaty-i-ziola","7":"product_cat-yerba-mate-w-tym-z-dodatkami","8":"pa_ean-matka-1049","9":"pa_gwarancja-przydatnosci-320","10":"pa_ilosc-w-opakowaniu-327","11":"pa_jednostka-podstawowa-szt","12":"pa_kod-cn-0903-00-00","13":"pa_masa-netto-461","14":"pa_objetosc-brutto-1048","15":"pa_producent-dary-natury-herbatki","16":"pa_producent-nazwa-adres-miroslaw-angielczyk-dary-natury-koryciny-73-17-315-grodzisk","17":"pa_tagi-bez-cukru-w-skladnikach","18":"pa_tagi-bez-glutenu-w-skladnikach","19":"pa_tagi-certyfikat-bio","20":"pa_tagi-weganski","21":"pa_tagi-wegetarianski","23":"first","24":"instock","25":"taxable","26":"shipping-taxable","27":"purchasable","28":"product-type-simple"},"acf":[],"_links":{"self":[{"href":"https:\/\/wiejskieprzysmaki.estima.site\/en\/wp-json\/wp\/v2\/product\/1024","targetHints":{"allow":["GET"]}}],"collection":[{"href":"https:\/\/wiejskieprzysmaki.estima.site\/en\/wp-json\/wp\/v2\/product"}],"about":[{"href":"https:\/\/wiejskieprzysmaki.estima.site\/en\/wp-json\/wp\/v2\/types\/product"}],"replies":[{"embeddable":true,"href":"https:\/\/wiejskieprzysmaki.estima.site\/en\/wp-json\/wp\/v2\/comments?post=1024"}],"wp:featuredmedia":[{"embeddable":true,"href":"https:\/\/wiejskieprzysmaki.estima.site\/en\/wp-json\/wp\/v2\/media\/1025"}],"wp:attachment":[{"href":"https:\/\/wiejskieprzysmaki.estima.site\/en\/wp-json\/wp\/v2\/media?parent=1024"}],"wp:term":[{"taxonomy":"product_brand","embeddable":true,"href":"https:\/\/wiejskieprzysmaki.estima.site\/en\/wp-json\/wp\/v2\/product_brand?post=1024"},{"taxonomy":"product_cat","embeddable":true,"href":"https:\/\/wiejskieprzysmaki.estima.site\/en\/wp-json\/wp\/v2\/product_cat?post=1024"},{"taxonomy":"product_tag","embeddable":true,"href":"https:\/\/wiejskieprzysmaki.estima.site\/en\/wp-json\/wp\/v2\/product_tag?post=1024"}],"curies":[{"name":"wp","href":"https:\/\/api.w.org\/{rel}","templated":true}]}}