{"id":10255,"date":"2025-02-18T12:17:39","date_gmt":"2025-02-18T11:17:39","guid":{"rendered":"https:\/\/wiejskieprzysmaki.estima.site\/produkt\/pepperoni-roslinne-plastry-100-g-bezmiesny\/"},"modified":"2025-02-18T12:17:44","modified_gmt":"2025-02-18T11:17:44","slug":"pepperoni-roslinne-plastry-100-g-bezmiesny","status":"publish","type":"product","link":"https:\/\/wiejskieprzysmaki.estima.site\/en\/product\/pepperoni-roslinne-plastry-100-g-bezmiesny\/","title":{"rendered":"PEPPERONI RO\u015aLINNE PLASTRY 100 g &#8211; BEZMI\u0118SNY"},"content":{"rendered":"<p>SK\u0141ADNIKI<br \/>woda, bia\u0142ko PSZENNE 25,2 %, teksturowane bia\u0142ko PSZENNE (bia\u0142ko PSZENNE, m\u0105ka PSZENNA) 14,5 %, tofu naturalne (ziarno SOI, woda, substancja wi\u0105\u017c\u0105ca: siarczan wapnia), ekstrakty przypraw, przyprawy (w tym GORCZYCA czarna ziarno, GORCZYCA bia\u0142a ziarno), olej rzepakowy, sos SOJOWY (woda, fermentowana SOJA, fermentowana PSZENICA, s\u00f3l), warzywa suszone (czosnek, burak czerwony, pomidor), s\u00f3l, ekstrakt dro\u017cd\u017cowy, aromaty (w tym dymu w\u0119dzarniczego), zag\u0119szczony sok cytrynowy, glukoza, hydrolizat bia\u0142ka ro\u015blinnego (PSZENNY), barwnik: tlenki i wodorotlenki \u017celaza. <\/p>\n<p>OPIS<br \/>Bezmi\u0119sne Pepperoni &#8211; autentyczne serce W\u0142och w zupe\u0142nie nowej ods\u0142onie! Nasze Wega\u0144skie Pepperoni to prawdziwa kulinarna rewolucja &#8211; jest pyszne, lekko pikantne, aromatyczne i w pe\u0142ni ro\u015blinne! Zachwyca autentycznym w\u0142oskim smakiem i sprawia, \u017ce ka\u017cda pizza staje si\u0119 ro\u015blinnym majstersztykiem! <br \/>Bezmi\u0119sne Pepperoni polecamy je\u015b\u0107 na surowo (na przyk\u0142ad na kanapkach z musztard\u0105), ale mo\u017cesz je tak\u017ce sma\u017cy\u0107, piec, dusi\u0107 albo grillowa\u0107 &#8211; odszukaj sw\u00f3j ulubiony spos\u00f3b! <br \/>Genialnie sprawdzi si\u0119 na pizzy, zapiekankach, w tostach czy leczo. <br \/>Skrop odrobin\u0105 oleju, po\u0142\u00f3\u017c na pizzy i piecz ok. 3-4 minut.<\/p>\n<p>WARTO\u015a\u0106 OD\u017bYWCZA w 100 g<br \/>Warto\u015b\u0107 energetyczna: 928 kJ\/222 kcal<br \/>T\u0142uszcz: 5,2 g<br \/>w tym kwasy t\u0142uszczowe nasycone: 0,7 g<br \/>W\u0119glowodany: 10 g<br \/>w tym cukry: 1,8 g<br \/>B\u0142onnik: 1,9 g<br \/>Bia\u0142ko: 32 g<br \/>S\u00f3l: 2,7 g<\/p>\n<p>INFORMACJA ALERGENNA<br \/>Mo\u017ce zawiera\u0107 SEZAM, dwutlenek siarki i siarczyny.<\/p>\n<p>ZALECANE WARUNKI PRZECHOWYWANIA<br \/>Przechowywa\u0107 w temperaturze od +2\u00b0C do +6\u00b0C. Produkt nale\u017cy spo\u017cy\u0107 w ci\u0105gu 48 godzin od otwarcia.<\/p>","protected":false},"excerpt":{"rendered":"<p>SK\u0141ADNIKIwoda, bia\u0142ko PSZENNE 25,2 %, teksturowane bia\u0142ko PSZENNE (bia\u0142ko PSZENNE, m\u0105ka PSZENNA) 14,5 %, tofu naturalne (ziarno SOI, woda, substancja wi\u0105\u017c\u0105ca: siarczan wapnia), ekstrakty przypraw, przyprawy (w tym GORCZYCA czarna ziarno, GORCZYCA bia\u0142a ziarno), olej rzepakowy, sos SOJOWY (woda, fermentowana SOJA, fermentowana PSZENICA, s\u00f3l), warzywa suszone (czosnek, burak czerwony, pomidor), s\u00f3l, ekstrakt dro\u017cd\u017cowy, aromaty (w [&hellip;]<\/p>","protected":false},"featured_media":10256,"comment_status":"closed","ping_status":"open","template":"","meta":{"_acf_changed":false},"product_brand":[],"product_cat":[274,484],"product_tag":[],"class_list":{"0":"post-10255","1":"product","2":"type-product","3":"status-publish","4":"has-post-thumbnail","6":"product_cat-lodowka-inne","7":"product_cat-roslinne-alternatywy-sera-miesa","8":"pa_ean-matka-7787","9":"pa_gwarancja-przydatnosci-481","10":"pa_ilosc-w-opakowaniu-374","11":"pa_jednostka-podstawowa-szt","12":"pa_kod-cn-2106-90-98","13":"pa_masa-netto-242","14":"pa_objetosc-brutto-7786","15":"pa_producent-bezmiesny-vege-wedliny","16":"pa_producent-nazwa-adres-bvtcher-sp-z-o-o-ul-flory-9-lok-8-00-586-warszawa","17":"pa_tagi-weganski","18":"pa_tagi-wegetarianski","20":"first","21":"instock","22":"taxable","23":"shipping-taxable","24":"purchasable","25":"product-type-simple"},"acf":[],"_links":{"self":[{"href":"https:\/\/wiejskieprzysmaki.estima.site\/en\/wp-json\/wp\/v2\/product\/10255","targetHints":{"allow":["GET"]}}],"collection":[{"href":"https:\/\/wiejskieprzysmaki.estima.site\/en\/wp-json\/wp\/v2\/product"}],"about":[{"href":"https:\/\/wiejskieprzysmaki.estima.site\/en\/wp-json\/wp\/v2\/types\/product"}],"replies":[{"embeddable":true,"href":"https:\/\/wiejskieprzysmaki.estima.site\/en\/wp-json\/wp\/v2\/comments?post=10255"}],"wp:featuredmedia":[{"embeddable":true,"href":"https:\/\/wiejskieprzysmaki.estima.site\/en\/wp-json\/wp\/v2\/media\/10256"}],"wp:attachment":[{"href":"https:\/\/wiejskieprzysmaki.estima.site\/en\/wp-json\/wp\/v2\/media?parent=10255"}],"wp:term":[{"taxonomy":"product_brand","embeddable":true,"href":"https:\/\/wiejskieprzysmaki.estima.site\/en\/wp-json\/wp\/v2\/product_brand?post=10255"},{"taxonomy":"product_cat","embeddable":true,"href":"https:\/\/wiejskieprzysmaki.estima.site\/en\/wp-json\/wp\/v2\/product_cat?post=10255"},{"taxonomy":"product_tag","embeddable":true,"href":"https:\/\/wiejskieprzysmaki.estima.site\/en\/wp-json\/wp\/v2\/product_tag?post=10255"}],"curies":[{"name":"wp","href":"https:\/\/api.w.org\/{rel}","templated":true}]}}