{"id":1026,"date":"2025-02-18T10:33:54","date_gmt":"2025-02-18T09:33:54","guid":{"rendered":"https:\/\/wiejskieprzysmaki.estima.site\/produkt\/przyprawa-do-kawy-bio-50-g-dary-natury\/"},"modified":"2025-02-18T10:33:57","modified_gmt":"2025-02-18T09:33:57","slug":"przyprawa-do-kawy-bio-50-g-dary-natury","status":"publish","type":"product","link":"https:\/\/wiejskieprzysmaki.estima.site\/en\/product\/przyprawa-do-kawy-bio-50-g-dary-natury\/","title":{"rendered":"PRZYPRAWA DO KAWY BIO 50 g &#8211; DARY NATURY"},"content":{"rendered":"<p>SK\u0141ADNIKI<br \/>cynamon* 34 %, kardamon*, imbir*, go\u017adziki*, korze\u0144 kuklika* (w r\u00f3\u017cnych proporcjach). (*certyfikowany sk\u0142adnik ekologiczny)<\/p>\n<p>OPIS<br \/>Kawa z dodatkiem tej przyprawy doskonale zyskuje na aromacie i smaku.  <\/p>\n<p>ZALECANE WARUNKI PRZECHOWYWANIA  <br \/>Przechowywa\u0107 w suchym miejscu  <\/p>","protected":false},"excerpt":{"rendered":"<p>SK\u0141ADNIKIcynamon* 34 %, kardamon*, imbir*, go\u017adziki*, korze\u0144 kuklika* (w r\u00f3\u017cnych proporcjach). (*certyfikowany sk\u0142adnik ekologiczny) OPISKawa z dodatkiem tej przyprawy doskonale zyskuje na aromacie i smaku. ZALECANE WARUNKI PRZECHOWYWANIA Przechowywa\u0107 w suchym miejscu<\/p>","protected":false},"featured_media":1027,"comment_status":"closed","ping_status":"open","template":"","meta":{"_acf_changed":false},"product_brand":[],"product_cat":[1052,229],"product_tag":[],"class_list":{"0":"post-1026","1":"product","2":"type-product","3":"status-publish","4":"has-post-thumbnail","6":"product_cat-mieszanki-przyprawy-i-ziola","7":"product_cat-przyprawy-i-ziola","8":"pa_ean-matka-1051","9":"pa_gwarancja-przydatnosci-320","10":"pa_ilosc-w-opakowaniu-350","11":"pa_jednostka-podstawowa-szt","12":"pa_kod-cn-2103-90-90","13":"pa_masa-netto-461","14":"pa_objetosc-brutto-353","15":"pa_producent-dary-natury-przyprawy-i-ziola","16":"pa_producent-nazwa-adres-miroslaw-angielczyk-dary-natury-koryciny-73-17-315-grodzisk","17":"pa_tagi-bez-cukru-w-skladnikach","18":"pa_tagi-bez-glutenu-w-skladnikach","19":"pa_tagi-certyfikat-bio","20":"pa_tagi-weganski","21":"pa_tagi-wegetarianski","23":"first","24":"instock","25":"taxable","26":"shipping-taxable","27":"purchasable","28":"product-type-simple"},"acf":[],"_links":{"self":[{"href":"https:\/\/wiejskieprzysmaki.estima.site\/en\/wp-json\/wp\/v2\/product\/1026","targetHints":{"allow":["GET"]}}],"collection":[{"href":"https:\/\/wiejskieprzysmaki.estima.site\/en\/wp-json\/wp\/v2\/product"}],"about":[{"href":"https:\/\/wiejskieprzysmaki.estima.site\/en\/wp-json\/wp\/v2\/types\/product"}],"replies":[{"embeddable":true,"href":"https:\/\/wiejskieprzysmaki.estima.site\/en\/wp-json\/wp\/v2\/comments?post=1026"}],"wp:featuredmedia":[{"embeddable":true,"href":"https:\/\/wiejskieprzysmaki.estima.site\/en\/wp-json\/wp\/v2\/media\/1027"}],"wp:attachment":[{"href":"https:\/\/wiejskieprzysmaki.estima.site\/en\/wp-json\/wp\/v2\/media?parent=1026"}],"wp:term":[{"taxonomy":"product_brand","embeddable":true,"href":"https:\/\/wiejskieprzysmaki.estima.site\/en\/wp-json\/wp\/v2\/product_brand?post=1026"},{"taxonomy":"product_cat","embeddable":true,"href":"https:\/\/wiejskieprzysmaki.estima.site\/en\/wp-json\/wp\/v2\/product_cat?post=1026"},{"taxonomy":"product_tag","embeddable":true,"href":"https:\/\/wiejskieprzysmaki.estima.site\/en\/wp-json\/wp\/v2\/product_tag?post=1026"}],"curies":[{"name":"wp","href":"https:\/\/api.w.org\/{rel}","templated":true}]}}