{"id":10265,"date":"2025-02-18T12:17:39","date_gmt":"2025-02-18T11:17:39","guid":{"rendered":"https:\/\/wiejskieprzysmaki.estima.site\/produkt\/pasta-warzywna-z-pomidorami-i-marchewka-bezglutenowa-bio-140-g-allos\/"},"modified":"2025-02-20T15:17:35","modified_gmt":"2025-02-20T14:17:35","slug":"pasta-warzywna-z-pomidorami-i-marchewka-bezglutenowa-bio-140-g-allos","status":"publish","type":"product","link":"https:\/\/wiejskieprzysmaki.estima.site\/en\/product\/pasta-warzywna-z-pomidorami-i-marchewka-bezglutenowa-bio-140-g-allos\/","title":{"rendered":"PASTA WARZYWNA Z POMIDORAMI I MARCHEWK\u0104 BEZGLUTENOWA BIO 140 g &#8211; ALLOS"},"content":{"rendered":"<p>SK\u0141ADNIKI<br \/>marchew* 33 %, jab\u0142ka*, pasta pomidorowa* 10 %, pestki s\u0142onecznika*, pomidory* 8 %, olej rzepakowy*, koncentrat jab\u0142kowy*, pomidorki koktajlowe* 4 %, cebula* 3 %, koncentrat soku cytrynowego*, sok marchwiowy koncentrat*, skrobia ziemniaczana*, s\u00f3l morska, papryka s\u0142odka*, pieprz bia\u0142y*, tymianek*, rozmaryn*. (*certyfikowany sk\u0142adnik ekologiczny)<\/p>\n<p>OPIS<br \/>Najlepiej sprawdza si\u0119 do kanapek i r\u00f3\u017cnego rodzaju przek\u0105sek. Zastosowanie zale\u017cy od w\u0142asnego pomys\u0142u. Bogaty smak produktu zosta\u0142 osi\u0105gni\u0119ty dzi\u0119ki najlepszym sk\u0142adnikom.<br \/>Idealna do \u015bniadania, kolacji, czy nawet jako dodatek do obiadu.<\/p>\n<p>WARTO\u015a\u0106 OD\u017bYWCZA w 100 g <br \/>Warto\u015b\u0107 energetyczna: 646 kJ \/ 156 kcal<br \/>T\u0142uszcz: 11 g<br \/>w tym kwasy t\u0142uszczowe nasycone: 0,7 g<br \/>W\u0119glowodany: 10 g<br \/>w tym cukry: 6,5 g<br \/>B\u0142onnik: 2,9 g<br \/>Bia\u0142ko: 2,7 g<br \/>S\u00f3l: 0,8 g<\/p>\n<p>ZALECANE WARUNKI PRZECHOWYWANIA<br \/>Po otwarciu przechowywa\u0107 w lod\u00f3wce i spo\u017cy\u0107 w ci\u0105gu kilku dni.<\/p>","protected":false},"excerpt":{"rendered":"<p>SK\u0141ADNIKImarchew* 33 %, jab\u0142ka*, pasta pomidorowa* 10 %, pestki s\u0142onecznika*, pomidory* 8 %, olej rzepakowy*, koncentrat jab\u0142kowy*, pomidorki koktajlowe* 4 %, cebula* 3 %, koncentrat soku cytrynowego*, sok marchwiowy koncentrat*, skrobia ziemniaczana*, s\u00f3l morska, papryka s\u0142odka*, pieprz bia\u0142y*, tymianek*, rozmaryn*. (*certyfikowany sk\u0142adnik ekologiczny) OPISNajlepiej sprawdza si\u0119 do kanapek i r\u00f3\u017cnego rodzaju przek\u0105sek. Zastosowanie zale\u017cy od [&hellip;]<\/p>","protected":false},"featured_media":10266,"comment_status":"closed","ping_status":"open","template":"","meta":{"_acf_changed":false},"product_brand":[],"product_cat":[434,998],"product_tag":[],"class_list":{"0":"post-10265","1":"product","2":"type-product","3":"status-publish","4":"has-post-thumbnail","6":"product_cat-pasty-i-przetwory-wege-nie-chlodnia","7":"product_cat-przetwory-warzywne-i-owocowe","8":"pa_ean-matka-7796","9":"pa_gwarancja-przydatnosci-324","10":"pa_ilosc-w-opakowaniu-298","11":"pa_jednostka-podstawowa-szt","12":"pa_kod-cn-2005-99-50","13":"pa_masa-netto-411","14":"pa_objetosc-brutto-1249","15":"pa_producent-allos-musy-musli-chalwa-syrop-z-agawy","16":"pa_producent-nazwa-adres-allos-hof-manufaktur-gmbh-hoerneckestrasse-39-28217-bremen","17":"pa_tagi-bez-glutenu-deklaracja","18":"pa_tagi-bez-glutenu-w-skladnikach","19":"pa_tagi-weganski","20":"pa_tagi-wegetarianski","22":"first","23":"instock","24":"taxable","25":"shipping-taxable","26":"purchasable","27":"product-type-simple"},"acf":[],"_links":{"self":[{"href":"https:\/\/wiejskieprzysmaki.estima.site\/en\/wp-json\/wp\/v2\/product\/10265","targetHints":{"allow":["GET"]}}],"collection":[{"href":"https:\/\/wiejskieprzysmaki.estima.site\/en\/wp-json\/wp\/v2\/product"}],"about":[{"href":"https:\/\/wiejskieprzysmaki.estima.site\/en\/wp-json\/wp\/v2\/types\/product"}],"replies":[{"embeddable":true,"href":"https:\/\/wiejskieprzysmaki.estima.site\/en\/wp-json\/wp\/v2\/comments?post=10265"}],"wp:featuredmedia":[{"embeddable":true,"href":"https:\/\/wiejskieprzysmaki.estima.site\/en\/wp-json\/wp\/v2\/media\/10266"}],"wp:attachment":[{"href":"https:\/\/wiejskieprzysmaki.estima.site\/en\/wp-json\/wp\/v2\/media?parent=10265"}],"wp:term":[{"taxonomy":"product_brand","embeddable":true,"href":"https:\/\/wiejskieprzysmaki.estima.site\/en\/wp-json\/wp\/v2\/product_brand?post=10265"},{"taxonomy":"product_cat","embeddable":true,"href":"https:\/\/wiejskieprzysmaki.estima.site\/en\/wp-json\/wp\/v2\/product_cat?post=10265"},{"taxonomy":"product_tag","embeddable":true,"href":"https:\/\/wiejskieprzysmaki.estima.site\/en\/wp-json\/wp\/v2\/product_tag?post=10265"}],"curies":[{"name":"wp","href":"https:\/\/api.w.org\/{rel}","templated":true}]}}