{"id":10271,"date":"2025-02-18T12:17:53","date_gmt":"2025-02-18T11:17:53","guid":{"rendered":"https:\/\/wiejskieprzysmaki.estima.site\/produkt\/berberyna-complex-bezglutenowa-60-kapsulek-biowen\/"},"modified":"2025-02-20T15:11:48","modified_gmt":"2025-02-20T14:11:48","slug":"berberyna-complex-bezglutenowa-60-kapsulek-biowen","status":"publish","type":"product","link":"https:\/\/wiejskieprzysmaki.estima.site\/en\/product\/berberyna-complex-bezglutenowa-60-kapsulek-biowen\/","title":{"rendered":"BERBERYNA COMPLEX+ BEZGLUTENOWA 60 KAPSU\u0141EK &#8211; BIOWEN"},"content":{"rendered":"<p>SK\u0141ADNIKI<br \/>Ekstrakt z korzenia berberysu standaryzowany na 97 % chlorowodorku berberyny [DER 60:1], ekstrakt z kozieradki standaryzowany na 60 % galaktomannanu (Fenumannans\u00ae&nbsp;[DER 4:1], ekstrakt z morwy bia\u0142ej [DER 10:1], otoczka kapsu\u0142ki: hydroksypropylometyloceluloza.&nbsp;Fenumannans\u00ae jest zastrze\u017conym znakiem towarowym firmy Sabinsa.<\/p>\n<p>Sk\u0142adniki w 1 kapsu\u0142ce:<br \/>Ekstrakt z korzenia berberysu (97% chlorowodorku berberyny) &#8211; 450 mg<br \/>Ekstrakt z morwy bia\u0142ej &#8211; 30 mg<br \/>Ekstrakt z kozieradki Fenumannans\u00ae&nbsp; (60 % galaktomannanu) &#8211; 30 mg<\/p>\n<p>OPIS<br \/>Suplement diety. <br \/>Berberys zwyczajny wspomaga prac\u0119 \u017co\u0142\u0105dka oraz jelit.<br \/>Morwa bia\u0142a obni\u017ca poziom lipid\u00f3w we krwi.<br \/>Kozieradka pospolita przyczynia si\u0119 do utrzymania prawid\u0142owego poziomu cukru we krwi. Pomaga utrzyma\u0107 prawid\u0142owe st\u0119\u017cenie lipid\u00f3w we krwi.<\/p>\n<p>ZALECANE SPO\u017bYCIE I INNE UWAGI<br \/>Zalecana porcja do spo\u017cycia w ci\u0105gu dnia niezb\u0119dna do uzyskania korzystnego dzia\u0142ania:1 kapsu\u0142ka dziennie w trakcie posi\u0142ku. Nie nale\u017cy przekracza\u0107 zalecanej porcji do spo\u017cycia w ci\u0105gu dnia.<br \/>Suplementy diety nie mog\u0105 by\u0107 stosowane jako substytut (zamiennik) zr\u00f3\u017cnicowanej diety. Zr\u00f3\u017cnicowany spos\u00f3b \u017cywienia oraz zdrowy tryb \u017cycia s\u0105 podstaw\u0105 prawid\u0142owego funkcjonowania organizmu.<\/p>\n<p>ZALECANE WARUNKI PRZECHOWYWANIA<br \/>Przechowywa\u0107 w spos\u00f3b niedost\u0119pny dla ma\u0142ych dzieci. Trzyma\u0107 w temperaturze pokojowej. Chroni\u0107 przed wilgoci\u0105 i \u015bwiat\u0142em s\u0142onecznym.<\/p>","protected":false},"excerpt":{"rendered":"<p>SK\u0141ADNIKIEkstrakt z korzenia berberysu standaryzowany na 97 % chlorowodorku berberyny [DER 60:1], ekstrakt z kozieradki standaryzowany na 60 % galaktomannanu (Fenumannans\u00ae&nbsp;[DER 4:1], ekstrakt z morwy bia\u0142ej [DER 10:1], otoczka kapsu\u0142ki: hydroksypropylometyloceluloza.&nbsp;Fenumannans\u00ae jest zastrze\u017conym znakiem towarowym firmy Sabinsa. Sk\u0142adniki w 1 kapsu\u0142ce:Ekstrakt z korzenia berberysu (97% chlorowodorku berberyny) &#8211; 450 mgEkstrakt z morwy bia\u0142ej &#8211; 30 [&hellip;]<\/p>","protected":false},"featured_media":10272,"comment_status":"closed","ping_status":"open","template":"","meta":{"_acf_changed":false},"product_brand":[],"product_cat":[1497,9057],"product_tag":[],"class_list":{"0":"post-10271","1":"product","2":"type-product","3":"status-publish","4":"has-post-thumbnail","6":"product_cat-kapsulki-tabletki","7":"product_cat-suplementy-diety","8":"pa_ean-matka-7804","9":"pa_gwarancja-przydatnosci-320","10":"pa_ilosc-w-opakowaniu-327","11":"pa_jednostka-podstawowa-szt","12":"pa_kod-cn-2106-90-92","13":"pa_masa-netto-443","14":"pa_objetosc-brutto-4423","15":"pa_producent-biowen-suplementy-diety","16":"pa_producent-nazwa-adres-biodio-lab-sp-z-o-o-ul-choroszczanska-24-15-732-bialystok","17":"pa_tagi-bez-cukru-w-skladnikach","18":"pa_tagi-bez-glutenu-deklaracja","19":"pa_tagi-bez-glutenu-w-skladnikach","20":"pa_tagi-weganski","21":"pa_tagi-wegetarianski","23":"first","24":"instock","25":"taxable","26":"shipping-taxable","27":"purchasable","28":"product-type-simple"},"acf":[],"_links":{"self":[{"href":"https:\/\/wiejskieprzysmaki.estima.site\/en\/wp-json\/wp\/v2\/product\/10271","targetHints":{"allow":["GET"]}}],"collection":[{"href":"https:\/\/wiejskieprzysmaki.estima.site\/en\/wp-json\/wp\/v2\/product"}],"about":[{"href":"https:\/\/wiejskieprzysmaki.estima.site\/en\/wp-json\/wp\/v2\/types\/product"}],"replies":[{"embeddable":true,"href":"https:\/\/wiejskieprzysmaki.estima.site\/en\/wp-json\/wp\/v2\/comments?post=10271"}],"wp:featuredmedia":[{"embeddable":true,"href":"https:\/\/wiejskieprzysmaki.estima.site\/en\/wp-json\/wp\/v2\/media\/10272"}],"wp:attachment":[{"href":"https:\/\/wiejskieprzysmaki.estima.site\/en\/wp-json\/wp\/v2\/media?parent=10271"}],"wp:term":[{"taxonomy":"product_brand","embeddable":true,"href":"https:\/\/wiejskieprzysmaki.estima.site\/en\/wp-json\/wp\/v2\/product_brand?post=10271"},{"taxonomy":"product_cat","embeddable":true,"href":"https:\/\/wiejskieprzysmaki.estima.site\/en\/wp-json\/wp\/v2\/product_cat?post=10271"},{"taxonomy":"product_tag","embeddable":true,"href":"https:\/\/wiejskieprzysmaki.estima.site\/en\/wp-json\/wp\/v2\/product_tag?post=10271"}],"curies":[{"name":"wp","href":"https:\/\/api.w.org\/{rel}","templated":true}]}}