{"id":10273,"date":"2025-02-18T12:17:53","date_gmt":"2025-02-18T11:17:53","guid":{"rendered":"https:\/\/wiejskieprzysmaki.estima.site\/produkt\/algi-detox-bio-240-tabletek-biowen\/"},"modified":"2025-02-20T15:11:48","modified_gmt":"2025-02-20T14:11:48","slug":"algi-detox-bio-240-tabletek-biowen","status":"publish","type":"product","link":"https:\/\/wiejskieprzysmaki.estima.site\/en\/product\/algi-detox-bio-240-tabletek-biowen\/","title":{"rendered":"ALGI DETOX BIO 240 TABLETEK &#8211; BIOWEN"},"content":{"rendered":"<p>SK\u0141ADNIKI<br \/>ekologiczna chlorella (Chlorella vulgaris), ekologiczna spirulina (Arthrospira platensis).<\/p>\n<p>Sk\u0142adniki w 1 tabletce:<br \/>Bio chlorella (Chlorella vulgaris) &#8211; 250 mg<br \/>Bio spirulina (Arthrospira platensis) &#8211; 250 mg<\/p>\n<p>OPIS<br \/>Suplement diety.<br \/>Algi morskie:<br \/>oczyszcza organizm z toksyn i metali ci\u0119\u017ckich<br \/>pobudza przemian\u0119 materii<br \/>pomaga w zwi\u0119kszeniu odporno\u015bci organizmu<\/p>\n<p>ZALECANE SPO\u017bYCIE I INNE UWAGI<br \/>Zalecana porcja do spo\u017cycia w ci\u0105gu dnia niezb\u0119dna do uzyskania korzystnego dzia\u0142ania &#8211; 3-5 tabletek dziennie w trakcie posi\u0142ku.<br \/>Nie nale\u017cy przekracza\u0107 zalecanej porcji do spo\u017cycia w ci\u0105gu dnia. <br \/>Suplementy diety nie mog\u0105 by\u0107 stosowane jako substytut (zamiennik) zr\u00f3\u017cnicowanej diety.<br \/>Zr\u00f3\u017cnicowany spos\u00f3b \u017cywienia oraz zdrowy tryb \u017cycia s\u0105 podstaw\u0105 prawid\u0142owego funkcjonowania organizmu.<\/p>\n<p>ZALECANE WARUNKI PRZECHOWYWANIA<br \/>Przechowywa\u0107 w spos\u00f3b niedost\u0119pny dla ma\u0142ych dzieci. Trzyma\u0107 w temperaturze pokojowej. Chroni\u0107 przed wilgoci\u0105 oraz promieniami s\u0142onecznymi.<\/p>","protected":false},"excerpt":{"rendered":"<p>SK\u0141ADNIKIekologiczna chlorella (Chlorella vulgaris), ekologiczna spirulina (Arthrospira platensis). Sk\u0142adniki w 1 tabletce:Bio chlorella (Chlorella vulgaris) &#8211; 250 mgBio spirulina (Arthrospira platensis) &#8211; 250 mg OPISSuplement diety.Algi morskie:oczyszcza organizm z toksyn i metali ci\u0119\u017ckichpobudza przemian\u0119 materiipomaga w zwi\u0119kszeniu odporno\u015bci organizmu ZALECANE SPO\u017bYCIE I INNE UWAGIZalecana porcja do spo\u017cycia w ci\u0105gu dnia niezb\u0119dna do uzyskania korzystnego dzia\u0142ania [&hellip;]<\/p>","protected":false},"featured_media":10274,"comment_status":"closed","ping_status":"open","template":"","meta":{"_acf_changed":false},"product_brand":[],"product_cat":[1497,9057],"product_tag":[],"class_list":{"0":"post-10273","1":"product","2":"type-product","3":"status-publish","4":"has-post-thumbnail","6":"product_cat-kapsulki-tabletki","7":"product_cat-suplementy-diety","8":"pa_ean-matka-7805","9":"pa_gwarancja-przydatnosci-320","10":"pa_ilosc-w-opakowaniu-327","11":"pa_jednostka-podstawowa-szt","12":"pa_kod-cn-2102-20-90","13":"pa_masa-netto-411","14":"pa_objetosc-brutto-4423","15":"pa_producent-biowen-suplementy-diety","16":"pa_producent-nazwa-adres-biodio-lab-sp-z-o-o-ul-choroszczanska-24-15-732-bialystok","17":"pa_tagi-bez-cukru-w-skladnikach","18":"pa_tagi-bez-glutenu-w-skladnikach","19":"pa_tagi-certyfikat-bio","20":"pa_tagi-weganski","21":"pa_tagi-wegetarianski","23":"first","24":"instock","25":"taxable","26":"shipping-taxable","27":"purchasable","28":"product-type-simple"},"acf":[],"_links":{"self":[{"href":"https:\/\/wiejskieprzysmaki.estima.site\/en\/wp-json\/wp\/v2\/product\/10273","targetHints":{"allow":["GET"]}}],"collection":[{"href":"https:\/\/wiejskieprzysmaki.estima.site\/en\/wp-json\/wp\/v2\/product"}],"about":[{"href":"https:\/\/wiejskieprzysmaki.estima.site\/en\/wp-json\/wp\/v2\/types\/product"}],"replies":[{"embeddable":true,"href":"https:\/\/wiejskieprzysmaki.estima.site\/en\/wp-json\/wp\/v2\/comments?post=10273"}],"wp:featuredmedia":[{"embeddable":true,"href":"https:\/\/wiejskieprzysmaki.estima.site\/en\/wp-json\/wp\/v2\/media\/10274"}],"wp:attachment":[{"href":"https:\/\/wiejskieprzysmaki.estima.site\/en\/wp-json\/wp\/v2\/media?parent=10273"}],"wp:term":[{"taxonomy":"product_brand","embeddable":true,"href":"https:\/\/wiejskieprzysmaki.estima.site\/en\/wp-json\/wp\/v2\/product_brand?post=10273"},{"taxonomy":"product_cat","embeddable":true,"href":"https:\/\/wiejskieprzysmaki.estima.site\/en\/wp-json\/wp\/v2\/product_cat?post=10273"},{"taxonomy":"product_tag","embeddable":true,"href":"https:\/\/wiejskieprzysmaki.estima.site\/en\/wp-json\/wp\/v2\/product_tag?post=10273"}],"curies":[{"name":"wp","href":"https:\/\/api.w.org\/{rel}","templated":true}]}}