{"id":10277,"date":"2025-02-18T12:17:53","date_gmt":"2025-02-18T11:17:53","guid":{"rendered":"https:\/\/wiejskieprzysmaki.estima.site\/produkt\/koenzym-q10-bezglutenowy-100-kapsulek-biowen\/"},"modified":"2025-02-20T15:11:49","modified_gmt":"2025-02-20T14:11:49","slug":"koenzym-q10-bezglutenowy-100-kapsulek-biowen","status":"publish","type":"product","link":"https:\/\/wiejskieprzysmaki.estima.site\/en\/product\/koenzym-q10-bezglutenowy-100-kapsulek-biowen\/","title":{"rendered":"KOENZYM Q10 BEZGLUTENOWY 100 KAPSU\u0141EK &#8211; BIOWEN"},"content":{"rendered":"<p>SK\u0141ADNIKI<br \/>Naturalny fermentowany koenzym Q10 (ubichinon), ekstrakt z ziela serdecznika pospolitego (Leonurus cardiaca) [DER 10:1], ekstrakt z owocu granatu standaryzowany na kwas elagowy 40 % [DER 10:1], inulina (korze\u0144 cykorii), otoczka kapsu\u0142ki: hydroksypropylometyloceluloza.&nbsp;<\/p>\n<p>Sk\u0142adniki w 1 kapsu\u0142ce<br \/>Naturalny fermentowany Koenzym Q10 (ubichinon) &#8211; 100 mg<br \/>Ekstrakt z ziela serdecznika pospolitego &#8211; 50 mg<br \/>Ekstrakt z owoc\u00f3w granatu &#8211; 50 mg<br \/>w tym kwas elagowy &#8211; 20 mg<br \/>Inulina (korze\u0144 cykorii) &#8211; 130 mg<\/p>\n<p>OPIS<br \/>Suplement diety.<br \/>Serdecznik <br \/>Wzmacnia serce i uelastycznia naczynia krwiono\u015bne<br \/>Dba o uk\u0142ad kr\u0105\u017cenia i normalizuje ci\u015bnienie<br \/>Dba o uk\u0142ad nerwowy i zmniejsza nadpobudliwo\u015b\u0107<br \/>Dba o uk\u0142ad oddechowy, pomaga si\u0119 rozlu\u017ani\u0107.<\/p>\n<p>ZALECANE SPO\u017bYCIE I INNE UWAGI<br \/>Zalecana porcja do spo\u017cycia w ci\u0105gu dnia niezb\u0119dna do uzyskania korzystnego dzia\u0142ania: 1 kapsu\u0142ka dziennie w trakcie posi\u0142ku.<br \/>Nie nale\u017cy przekracza\u0107 zalecane porcji do spo\u017cycia w ci\u0105gu dnia.<br \/>Suplementy diety nie mog\u0105 by\u0107 stosowane jako substytut (zamiennik) zr\u00f3\u017cnicowanej diety. <br \/>Zr\u00f3\u017cnicowany spos\u00f3b \u017cywienia oraz zdrowy tryb \u017cycia s\u0105 podstaw\u0105 prawid\u0142owego funkcjonowania organizmu.<\/p>\n<p>ZALECANE WARUNKI PRZECHOWYWANIA<br \/>Przechowywa\u0107 w spos\u00f3b niedost\u0119pny dla ma\u0142ych dzieci. Trzyma\u0107 w temperaturze pokojowej. Chroni\u0107 przed wilgoci\u0105 oraz promieniami s\u0142onecznymi.<\/p>","protected":false},"excerpt":{"rendered":"<p>SK\u0141ADNIKINaturalny fermentowany koenzym Q10 (ubichinon), ekstrakt z ziela serdecznika pospolitego (Leonurus cardiaca) [DER 10:1], ekstrakt z owocu granatu standaryzowany na kwas elagowy 40 % [DER 10:1], inulina (korze\u0144 cykorii), otoczka kapsu\u0142ki: hydroksypropylometyloceluloza.&nbsp; Sk\u0142adniki w 1 kapsu\u0142ceNaturalny fermentowany Koenzym Q10 (ubichinon) &#8211; 100 mgEkstrakt z ziela serdecznika pospolitego &#8211; 50 mgEkstrakt z owoc\u00f3w granatu &#8211; 50 [&hellip;]<\/p>","protected":false},"featured_media":10278,"comment_status":"closed","ping_status":"open","template":"","meta":{"_acf_changed":false},"product_brand":[],"product_cat":[1497,9057],"product_tag":[],"class_list":{"0":"post-10277","1":"product","2":"type-product","3":"status-publish","4":"has-post-thumbnail","6":"product_cat-kapsulki-tabletki","7":"product_cat-suplementy-diety","8":"pa_ean-matka-7807","9":"pa_gwarancja-przydatnosci-320","10":"pa_ilosc-w-opakowaniu-327","11":"pa_jednostka-podstawowa-szt","12":"pa_kod-cn-2106-90-92","13":"pa_masa-netto-2222","14":"pa_objetosc-brutto-4423","15":"pa_producent-biowen-suplementy-diety","16":"pa_producent-nazwa-adres-biodio-lab-sp-z-o-o-ul-choroszczanska-24-15-732-bialystok","17":"pa_tagi-bez-cukru-w-skladnikach","18":"pa_tagi-bez-glutenu-deklaracja","19":"pa_tagi-bez-glutenu-w-skladnikach","20":"pa_tagi-weganski","21":"pa_tagi-wegetarianski","23":"first","24":"instock","25":"taxable","26":"shipping-taxable","27":"purchasable","28":"product-type-simple"},"acf":[],"_links":{"self":[{"href":"https:\/\/wiejskieprzysmaki.estima.site\/en\/wp-json\/wp\/v2\/product\/10277","targetHints":{"allow":["GET"]}}],"collection":[{"href":"https:\/\/wiejskieprzysmaki.estima.site\/en\/wp-json\/wp\/v2\/product"}],"about":[{"href":"https:\/\/wiejskieprzysmaki.estima.site\/en\/wp-json\/wp\/v2\/types\/product"}],"replies":[{"embeddable":true,"href":"https:\/\/wiejskieprzysmaki.estima.site\/en\/wp-json\/wp\/v2\/comments?post=10277"}],"wp:featuredmedia":[{"embeddable":true,"href":"https:\/\/wiejskieprzysmaki.estima.site\/en\/wp-json\/wp\/v2\/media\/10278"}],"wp:attachment":[{"href":"https:\/\/wiejskieprzysmaki.estima.site\/en\/wp-json\/wp\/v2\/media?parent=10277"}],"wp:term":[{"taxonomy":"product_brand","embeddable":true,"href":"https:\/\/wiejskieprzysmaki.estima.site\/en\/wp-json\/wp\/v2\/product_brand?post=10277"},{"taxonomy":"product_cat","embeddable":true,"href":"https:\/\/wiejskieprzysmaki.estima.site\/en\/wp-json\/wp\/v2\/product_cat?post=10277"},{"taxonomy":"product_tag","embeddable":true,"href":"https:\/\/wiejskieprzysmaki.estima.site\/en\/wp-json\/wp\/v2\/product_tag?post=10277"}],"curies":[{"name":"wp","href":"https:\/\/api.w.org\/{rel}","templated":true}]}}