{"id":10293,"date":"2025-02-18T12:18:06","date_gmt":"2025-02-18T11:18:06","guid":{"rendered":"https:\/\/wiejskieprzysmaki.estima.site\/produkt\/shot-owocowy-z-12-witaminami-60-ml-rotbackchen\/"},"modified":"2025-02-20T15:11:48","modified_gmt":"2025-02-20T14:11:48","slug":"shot-owocowy-z-12-witaminami-60-ml-rotbackchen","status":"publish","type":"product","link":"https:\/\/wiejskieprzysmaki.estima.site\/en\/product\/shot-owocowy-z-12-witaminami-60-ml-rotbackchen\/","title":{"rendered":"SHOT OWOCOWY Z 12 WITAMINAMI 60 ml &#8211; ROTBACKCHEN"},"content":{"rendered":"<p>SK\u0141ADNIKI<br \/>sok jab\u0142kowy, sok z bia\u0142ych winogron, pulpa mango, pulpa bananowa 4 %, witaminy: B1 (monoazotan tiaminy), B2 (ryboflawina), B6 (chlorowodorek pirydoksyny), B12 (cyjanokobalamina), C (kwas L-askorbinowy), D (cholekalcyferol), E (octan DL-alfa-tokoferylu), K (filochinon), biotyna (D-biotyna), kwas foliowy (kwas pteroilomonoglutaminowy), niacyna (amid kwasu nikotynowego), kwas pantotenowy (D-pantotenian wapnia).<\/p>\n<p>Sk\u0142adniki w porcji 60 ml: <br \/>Witamina B1: 1,1 mg (100 %)* <br \/>Witamina B2: 1,4 mg (100 %)*<br \/>Witamina B6: 1,4 mg (100 %)* <br \/>Witamina B12: 2,5 \u00b5g (100 %)* <br \/>Witamina C: 80 mg (100 %)* <br \/>Witamina D: 5 \u00b5g (100 %)* <br \/>Witamina E: 12 mg (100 %)*<br \/>Witamina K: 75 \u00b5g (100 %)* <br \/>Biotyna: 50 \u00b5g (100 %)*<br \/>Kwas foliowy: 200 \u00b5g (100 %)* <br \/>Niacyna: 16 mg (100 %)* <br \/>Kwas pantotenowy: 6 mg (100 %)* <br \/>*dzienna referencyjna warto\u015b\u0107 spo\u017cycia<\/p>\n<p>OPIS<br \/>Suplement diety. <br \/>Multiwitamina to doskona\u0142e po\u0142\u0105czenie egzotycznych owoc\u00f3w i prawdziwy koktajl witaminowy \u2013 \u017ar\u00f3d\u0142o a\u017c 12 witamin. Najlepszy wyb\u00f3r, gdy chcesz nabra\u0107 energii i naturalnie wzmocni\u0107 sw\u00f3j organizm!<\/p>\n<p>ZALECANE SPO\u017bYCIE I INNE UWAGI<br \/>Spo\u017cywa\u0107 1 x 60 ml na dzie\u0144.<br \/>Nie przekracza\u0107 zalecanej porcji do spo\u017cycia w ci\u0105gu dnia.<br \/>Suplement diety nie mo\u017ce by\u0107 stosowany jako substytut zr\u00f3\u017cnicowanej diety. <br \/>Wa\u017cne jest prowadzenie zdrowego trybu \u017cycia i zr\u00f3wnowa\u017conego sposobu \u017cywienia.&nbsp;<\/p>\n<p>ZALECANE WARUNKI PRZECHOWYWANIA<br \/>Przechowywa\u0107 w suchym i ch\u0142odnym miejscu, w spos\u00f3b niedost\u0119pny dla ma\u0142ych dzieci.<\/p>","protected":false},"excerpt":{"rendered":"<p>SK\u0141ADNIKIsok jab\u0142kowy, sok z bia\u0142ych winogron, pulpa mango, pulpa bananowa 4 %, witaminy: B1 (monoazotan tiaminy), B2 (ryboflawina), B6 (chlorowodorek pirydoksyny), B12 (cyjanokobalamina), C (kwas L-askorbinowy), D (cholekalcyferol), E (octan DL-alfa-tokoferylu), K (filochinon), biotyna (D-biotyna), kwas foliowy (kwas pteroilomonoglutaminowy), niacyna (amid kwasu nikotynowego), kwas pantotenowy (D-pantotenian wapnia). Sk\u0142adniki w porcji 60 ml: Witamina B1: 1,1 [&hellip;]<\/p>","protected":false},"featured_media":10294,"comment_status":"closed","ping_status":"open","template":"","meta":{"_acf_changed":false},"product_brand":[],"product_cat":[3711,9057],"product_tag":[],"class_list":{"0":"post-10293","1":"product","2":"type-product","3":"status-publish","4":"has-post-thumbnail","6":"product_cat-produkty-w-plynie","7":"product_cat-suplementy-diety","8":"pa_ean-matka-7815","9":"pa_gwarancja-przydatnosci-320","10":"pa_ilosc-w-opakowaniu-350","11":"pa_jednostka-podstawowa-szt","12":"pa_kod-cn-2202-99-19","13":"pa_kraj-pochodzenia-skladnikow-turcja","14":"pa_objetosc-brutto-5283","15":"pa_objetosc-netto-4931","16":"pa_producent-rotbackchen-soki-napoje","17":"pa_producent-nazwa-adres-haus-rabenhorst-o-lauffs-gmbh-co-kg-rabenhorststrabe-1-53572-unkel","18":"pa_tagi-bez-cukru-w-skladnikach","19":"pa_tagi-bez-glutenu-w-skladnikach","20":"pa_tagi-weganski","21":"pa_tagi-wegetarianski","23":"first","24":"instock","25":"taxable","26":"shipping-taxable","27":"purchasable","28":"product-type-simple"},"acf":[],"_links":{"self":[{"href":"https:\/\/wiejskieprzysmaki.estima.site\/en\/wp-json\/wp\/v2\/product\/10293","targetHints":{"allow":["GET"]}}],"collection":[{"href":"https:\/\/wiejskieprzysmaki.estima.site\/en\/wp-json\/wp\/v2\/product"}],"about":[{"href":"https:\/\/wiejskieprzysmaki.estima.site\/en\/wp-json\/wp\/v2\/types\/product"}],"replies":[{"embeddable":true,"href":"https:\/\/wiejskieprzysmaki.estima.site\/en\/wp-json\/wp\/v2\/comments?post=10293"}],"wp:featuredmedia":[{"embeddable":true,"href":"https:\/\/wiejskieprzysmaki.estima.site\/en\/wp-json\/wp\/v2\/media\/10294"}],"wp:attachment":[{"href":"https:\/\/wiejskieprzysmaki.estima.site\/en\/wp-json\/wp\/v2\/media?parent=10293"}],"wp:term":[{"taxonomy":"product_brand","embeddable":true,"href":"https:\/\/wiejskieprzysmaki.estima.site\/en\/wp-json\/wp\/v2\/product_brand?post=10293"},{"taxonomy":"product_cat","embeddable":true,"href":"https:\/\/wiejskieprzysmaki.estima.site\/en\/wp-json\/wp\/v2\/product_cat?post=10293"},{"taxonomy":"product_tag","embeddable":true,"href":"https:\/\/wiejskieprzysmaki.estima.site\/en\/wp-json\/wp\/v2\/product_tag?post=10293"}],"curies":[{"name":"wp","href":"https:\/\/api.w.org\/{rel}","templated":true}]}}