{"id":10306,"date":"2025-02-18T12:18:06","date_gmt":"2025-02-18T11:18:06","guid":{"rendered":"https:\/\/wiejskieprzysmaki.estima.site\/produkt\/bulki-pita-bezglutenowe-2-szt-190-g-incola\/"},"modified":"2025-02-18T12:18:25","modified_gmt":"2025-02-18T11:18:25","slug":"bulki-pita-bezglutenowe-2-szt-190-g-incola","status":"publish","type":"product","link":"https:\/\/wiejskieprzysmaki.estima.site\/en\/product\/bulki-pita-bezglutenowe-2-szt-190-g-incola\/","title":{"rendered":"BU\u0141KI PITA BEZGLUTENOWE (2 szt.) 190 g &#8211; INCOLA"},"content":{"rendered":"<p>SK\u0141ADNIKI <br \/>skrobie (tapiokowa, kukurydziana), zakwas (woda, skrobia kukurydziana, m\u0105ka ry\u017cowa, m\u0105ka gryczana), woda, b\u0142onnik z korzenia cykorii, olej rzepakowy, dro\u017cd\u017ce, cukier, emulgator (mono- i diglicerydy kwas\u00f3w t\u0142uszczowych), substancja utrzymuj\u0105ca wilgo\u0107 (glicerol), substancja zag\u0119szczaj\u0105ca (guma ksantanowa), s\u00f3l, wysuszony zakwas ry\u017cowy (produkty przemia\u0142u ry\u017cu), substancja spulchniaj\u0105ca (wodorow\u0119glan sodu). <\/p>\n<p>OPIS <br \/>Bezglutenowa i wega\u0144ska bu\u0142ka pita, to \u015bwietna propozycja do samodzielnego przygotowania fastfooda. Bu\u0142ka po rozkrojeniu tworzy kieszonk\u0119, kt\u00f3ra idealnie nadaje si\u0119 do nadziewania ulubionym farszem. Bu\u0142ka opieczona wcze\u015bniej staje si\u0119 chrupi\u0105ca.<br \/>Produkt pakowany w atmosferze ochronnej. Produkt do bezpo\u015bredniego spo\u017cycia. Mo\u017ce by\u0107 r\u00f3wnie\u017c podgrzewany w piekarniku lub opiekaczu. <\/p>\n<p>WARTO\u015a\u0106 OD\u017bYWCZA W 100 g<br \/>Warto\u015b\u0107 energetyczna: 1254 kJ\/292 kcal<br \/>T\u0142uszcz: 6,7 g<br \/>w tym kwasy t\u0142uszczowe nasycone: 1,8 g<br \/>W\u0119glowodany: 56,5 g<br \/>w tym cukry: 4,9 g<br \/>B\u0142onnik: 3,1 g<br \/>Bia\u0142ko: 1,2 g<br \/>S\u00f3l: 1,8 g<\/p>\n<p>ZALECANE WARUNKI PRZECHOWYWANIA<br \/>Przechowywa\u0107 w suchym i ch\u0142odnym miejscu.<\/p>","protected":false},"excerpt":{"rendered":"<p>SK\u0141ADNIKI skrobie (tapiokowa, kukurydziana), zakwas (woda, skrobia kukurydziana, m\u0105ka ry\u017cowa, m\u0105ka gryczana), woda, b\u0142onnik z korzenia cykorii, olej rzepakowy, dro\u017cd\u017ce, cukier, emulgator (mono- i diglicerydy kwas\u00f3w t\u0142uszczowych), substancja utrzymuj\u0105ca wilgo\u0107 (glicerol), substancja zag\u0119szczaj\u0105ca (guma ksantanowa), s\u00f3l, wysuszony zakwas ry\u017cowy (produkty przemia\u0142u ry\u017cu), substancja spulchniaj\u0105ca (wodorow\u0119glan sodu). OPIS Bezglutenowa i wega\u0144ska bu\u0142ka pita, to \u015bwietna propozycja [&hellip;]<\/p>","protected":false},"featured_media":10307,"comment_status":"closed","ping_status":"open","template":"","meta":{"_acf_changed":false},"product_brand":[],"product_cat":[1437,64],"product_tag":[],"class_list":{"0":"post-10306","1":"product","2":"type-product","3":"status-publish","4":"has-post-thumbnail","6":"product_cat-chleby-bulki","7":"product_cat-pieczywo","8":"pa_ean-matka-7825","9":"pa_gwarancja-przydatnosci-1171","10":"pa_ilosc-w-opakowaniu-331","11":"pa_jednostka-podstawowa-szt","12":"pa_kod-cn-1905-90-80","13":"pa_masa-netto-1057","14":"pa_objetosc-brutto-2544","15":"pa_producent-incola-bezglutenowe-pieczywo-i-wafle","16":"pa_producent-nazwa-adres-gfs-poland-sp-z-o-o-ul-komorowicka-110-43-300-bielsko-biala","17":"pa_tagi-bez-glutenu-deklaracja","18":"pa_tagi-bez-glutenu-w-skladnikach","19":"pa_tagi-weganski","20":"pa_tagi-wegetarianski","22":"first","23":"instock","24":"taxable","25":"shipping-taxable","26":"purchasable","27":"product-type-simple"},"acf":[],"_links":{"self":[{"href":"https:\/\/wiejskieprzysmaki.estima.site\/en\/wp-json\/wp\/v2\/product\/10306","targetHints":{"allow":["GET"]}}],"collection":[{"href":"https:\/\/wiejskieprzysmaki.estima.site\/en\/wp-json\/wp\/v2\/product"}],"about":[{"href":"https:\/\/wiejskieprzysmaki.estima.site\/en\/wp-json\/wp\/v2\/types\/product"}],"replies":[{"embeddable":true,"href":"https:\/\/wiejskieprzysmaki.estima.site\/en\/wp-json\/wp\/v2\/comments?post=10306"}],"wp:featuredmedia":[{"embeddable":true,"href":"https:\/\/wiejskieprzysmaki.estima.site\/en\/wp-json\/wp\/v2\/media\/10307"}],"wp:attachment":[{"href":"https:\/\/wiejskieprzysmaki.estima.site\/en\/wp-json\/wp\/v2\/media?parent=10306"}],"wp:term":[{"taxonomy":"product_brand","embeddable":true,"href":"https:\/\/wiejskieprzysmaki.estima.site\/en\/wp-json\/wp\/v2\/product_brand?post=10306"},{"taxonomy":"product_cat","embeddable":true,"href":"https:\/\/wiejskieprzysmaki.estima.site\/en\/wp-json\/wp\/v2\/product_cat?post=10306"},{"taxonomy":"product_tag","embeddable":true,"href":"https:\/\/wiejskieprzysmaki.estima.site\/en\/wp-json\/wp\/v2\/product_tag?post=10306"}],"curies":[{"name":"wp","href":"https:\/\/api.w.org\/{rel}","templated":true}]}}