{"id":10310,"date":"2025-02-18T12:18:28","date_gmt":"2025-02-18T11:18:28","guid":{"rendered":"https:\/\/wiejskieprzysmaki.estima.site\/produkt\/dressing-do-dan-na-zimno-2-fazowy-bio-250-ml-bio-planete\/"},"modified":"2025-02-18T12:18:29","modified_gmt":"2025-02-18T11:18:29","slug":"dressing-do-dan-na-zimno-2-fazowy-bio-250-ml-bio-planete","status":"publish","type":"product","link":"https:\/\/wiejskieprzysmaki.estima.site\/en\/product\/dressing-do-dan-na-zimno-2-fazowy-bio-250-ml-bio-planete\/","title":{"rendered":"DRESSING DO DA\u0143 NA ZIMNO 2-FAZOWY BIO 250 ml &#8211; BIO PLANETE"},"content":{"rendered":"<p>SK\u0141ADNIKI<br \/>oliwa z oliwek z pierwszego t\u0142oczenia* 35 %, mieszanka oliwy z oliwek i pomara\u0144czy* 30 % (oliwa z oliwek* 99 %, ekstrakt z pomara\u0144czy* 1 %), bia\u0142y ocet balsamiczny* 25 % (koncentrat moszczu winogronowego*, ocet winny*), mieszanka oliwy z oliwek i chili* 10 % (oliwa z oliwek* 99,6 %, ekstrakt z chili* 0,4 %) (*certyfikowany sk\u0142adnik ekologiczny).&nbsp;<\/p>\n<p>OPIS<br \/>Mieszanka oliwy z oliwek (75 %) i bia\u0142ego octu balsamicznego (25 %).<br \/>Gotowy dressing dwufazowy idealnie nadaje si\u0119 do sa\u0142atek z roszponk\u0105 i cykori\u0105. \u0141agodna kwasowo\u015b\u0107 bia\u0142ego octu balsamicznego wspaniale komponuje si\u0119 z oliw\u0105 z oliwek, pomara\u0144cz\u0105 i odrobin\u0105 chili. Nadaje si\u0119 r\u00f3wnie\u017c do marynowania warzyw takich jak buraki czy czerwona kapusta, a jako owocowy, s\u0142odko-kwa\u015bny sk\u0142adnik dobrze komponuje si\u0119 z mocnymi serami w sa\u0142atkach.<br \/>Wstrz\u0105sn\u0105\u0107 przed u\u017cyciem. Nie podgrzewa\u0107. <br \/>Produkt jest naturalny. Rozwarstwienie jest zjawiskiem naturalnym.&nbsp;<\/p>\n<p>WARTO\u015a\u0106 OD\u017bYWCZA w 100 ml<br \/>Warto\u015b\u0107 energetyczna: 2866 kJ \/ 685 kcal<br \/>T\u0142uszcz: 69 g<br \/>w tym kwasy t\u0142uszczowe nasycone: 12 g<br \/>W\u0119glowodany: 17 g<br \/>w tym cukry: 17 g<br \/>Zawiera znikome ilo\u015bci bia\u0142ka i soli.<\/p>\n<p>INFORMACJA ALERGENNA<br \/>Wyprodukowano w zak\u0142adzie, w kt\u00f3rym przetwarzane s\u0105 ORZESZKI ZIEMNE, NASIONA SEZAMU, MIGDA\u0141Y, ORZECHY LASKOWE i ORZECHY w\u0142oskie.<\/p>\n<p>ZALECANE WARUNKI PRZECHOWYWANIA<br \/>Przechowywa\u0107 w temperaturze pokojowej i chroni\u0107 przed \u015bwiat\u0142em.<\/p>","protected":false},"excerpt":{"rendered":"<p>SK\u0141ADNIKIoliwa z oliwek z pierwszego t\u0142oczenia* 35 %, mieszanka oliwy z oliwek i pomara\u0144czy* 30 % (oliwa z oliwek* 99 %, ekstrakt z pomara\u0144czy* 1 %), bia\u0142y ocet balsamiczny* 25 % (koncentrat moszczu winogronowego*, ocet winny*), mieszanka oliwy z oliwek i chili* 10 % (oliwa z oliwek* 99,6 %, ekstrakt z chili* 0,4 %) (*certyfikowany [&hellip;]<\/p>","protected":false},"featured_media":10311,"comment_status":"closed","ping_status":"open","template":"","meta":{"_acf_changed":false},"product_brand":[],"product_cat":[1992,94],"product_tag":[],"class_list":{"0":"post-10310","1":"product","2":"type-product","3":"status-publish","4":"has-post-thumbnail","6":"product_cat-inne-sosy","7":"product_cat-sosy","8":"pa_ean-matka-7828","9":"pa_gwarancja-przydatnosci-311","10":"pa_ilosc-w-opakowaniu-298","11":"pa_jednostka-podstawowa-szt","12":"pa_kod-cn-1517-90-91","13":"pa_objetosc-brutto-1106","14":"pa_objetosc-netto-359","15":"pa_producent-bio-planete-oleje-i-oliwy","16":"pa_producent-nazwa-adres-bio-planete-huilerie-f-j-moog-sa-route-de-limoux-f-11150-bram","17":"pa_tagi-certyfikat-bio","18":"pa_tagi-weganski","19":"pa_tagi-wegetarianski","21":"first","22":"instock","23":"taxable","24":"shipping-taxable","25":"purchasable","26":"product-type-simple"},"acf":[],"_links":{"self":[{"href":"https:\/\/wiejskieprzysmaki.estima.site\/en\/wp-json\/wp\/v2\/product\/10310","targetHints":{"allow":["GET"]}}],"collection":[{"href":"https:\/\/wiejskieprzysmaki.estima.site\/en\/wp-json\/wp\/v2\/product"}],"about":[{"href":"https:\/\/wiejskieprzysmaki.estima.site\/en\/wp-json\/wp\/v2\/types\/product"}],"replies":[{"embeddable":true,"href":"https:\/\/wiejskieprzysmaki.estima.site\/en\/wp-json\/wp\/v2\/comments?post=10310"}],"wp:featuredmedia":[{"embeddable":true,"href":"https:\/\/wiejskieprzysmaki.estima.site\/en\/wp-json\/wp\/v2\/media\/10311"}],"wp:attachment":[{"href":"https:\/\/wiejskieprzysmaki.estima.site\/en\/wp-json\/wp\/v2\/media?parent=10310"}],"wp:term":[{"taxonomy":"product_brand","embeddable":true,"href":"https:\/\/wiejskieprzysmaki.estima.site\/en\/wp-json\/wp\/v2\/product_brand?post=10310"},{"taxonomy":"product_cat","embeddable":true,"href":"https:\/\/wiejskieprzysmaki.estima.site\/en\/wp-json\/wp\/v2\/product_cat?post=10310"},{"taxonomy":"product_tag","embeddable":true,"href":"https:\/\/wiejskieprzysmaki.estima.site\/en\/wp-json\/wp\/v2\/product_tag?post=10310"}],"curies":[{"name":"wp","href":"https:\/\/api.w.org\/{rel}","templated":true}]}}