{"id":10320,"date":"2025-02-18T12:18:28","date_gmt":"2025-02-18T11:18:28","guid":{"rendered":"https:\/\/wiejskieprzysmaki.estima.site\/produkt\/herbatka-hibiskus-pokrzywa-i-lukrecja-detox-bio-20-x-2-g-40-g-clipper\/"},"modified":"2025-02-18T12:18:39","modified_gmt":"2025-02-18T11:18:39","slug":"herbatka-hibiskus-pokrzywa-i-lukrecja-detox-bio-20-x-2-g-40-g-clipper","status":"publish","type":"product","link":"https:\/\/wiejskieprzysmaki.estima.site\/en\/product\/herbatka-hibiskus-pokrzywa-i-lukrecja-detox-bio-20-x-2-g-40-g-clipper\/","title":{"rendered":"HERBATKA HIBISKUS, POKRZYWA I LUKRECJA (DETOX) BIO (20 x 2 g) 40 g &#8211; CLIPPER"},"content":{"rendered":"<p>SK\u0141ADNIKI<br \/>hibiskus* (51 %), pokrzywa* (20 %), korze\u0144 lukrecji* (17 %), r\u00f3\u017ca*, naturalny aromat malinowy, naturalny aromat cytrynowy*, naturalny aromat truskawkowy*.  (*certyfikowany sk\u0142adnik ekologiczny)<\/p>\n<p>OPIS<br \/>Pokrzywa zwyczajna wspomaga funkcj\u0119 wydalnicz\u0105 nerek. <br \/>Zawiera lukrecj\u0119 \u2013 chorzy na nadci\u015bnienie powinni unika\u0107 nadmiernego spo\u017cycia. <br \/>Zalecana porcja produktu do spo\u017cycia w ci\u0105gu dnia niezb\u0119dna do uzyskania korzystnego dzia\u0142ania produktu: 2 &#8211; 3 szklanki. <br \/>Wa\u017cne jest prowadzenie zdrowego trybu \u017cycia i zr\u00f3wnowa\u017conego sposobu \u017cywienia.<\/p>\n<p>SPOS\u00d3B PRZYGOTOWANIA<br \/>Saszetk\u0119 zala\u0107 250 ml wrz\u0105cej wody i zaparza\u0107 przez 3-5 minut.<\/p>\n<p>ZALECANE WARUNKI PRZECHOWYWANIA<br \/>Przechowywa\u0107 w suchym i ch\u0142odnym miejscu.<\/p>","protected":false},"excerpt":{"rendered":"<p>SK\u0141ADNIKIhibiskus* (51 %), pokrzywa* (20 %), korze\u0144 lukrecji* (17 %), r\u00f3\u017ca*, naturalny aromat malinowy, naturalny aromat cytrynowy*, naturalny aromat truskawkowy*. (*certyfikowany sk\u0142adnik ekologiczny) OPISPokrzywa zwyczajna wspomaga funkcj\u0119 wydalnicz\u0105 nerek. Zawiera lukrecj\u0119 \u2013 chorzy na nadci\u015bnienie powinni unika\u0107 nadmiernego spo\u017cycia. Zalecana porcja produktu do spo\u017cycia w ci\u0105gu dnia niezb\u0119dna do uzyskania korzystnego dzia\u0142ania produktu: 2 &#8211; [&hellip;]<\/p>","protected":false},"featured_media":10321,"comment_status":"closed","ping_status":"open","template":"","meta":{"_acf_changed":false},"product_brand":[],"product_cat":[282,478],"product_tag":[],"class_list":{"0":"post-10320","1":"product","2":"type-product","3":"status-publish","4":"has-post-thumbnail","6":"product_cat-herbaty-i-ziola","7":"product_cat-ziolowe-owocowe-mieszanki","8":"pa_ean-matka-7833","9":"pa_gwarancja-przydatnosci-979","10":"pa_ilosc-w-opakowaniu-543","11":"pa_jednostka-podstawowa-szt","12":"pa_kod-cn-2106-90-98","13":"pa_masa-netto-351","14":"pa_objetosc-brutto-4644","15":"pa_producent-clipper-herbaty-i-herbatki","16":"pa_producent-nazwa-adres-2-river-view-meadows-business-park-station-approach-blackwater-camberley-surrey-gu17-9ab-great-britain","17":"pa_tagi-bez-cukru-w-skladnikach","18":"pa_tagi-bez-glutenu-w-skladnikach","19":"pa_tagi-certyfikat-bio","20":"pa_tagi-weganski","21":"pa_tagi-wegetarianski","23":"first","24":"instock","25":"taxable","26":"shipping-taxable","27":"purchasable","28":"product-type-simple"},"acf":[],"_links":{"self":[{"href":"https:\/\/wiejskieprzysmaki.estima.site\/en\/wp-json\/wp\/v2\/product\/10320","targetHints":{"allow":["GET"]}}],"collection":[{"href":"https:\/\/wiejskieprzysmaki.estima.site\/en\/wp-json\/wp\/v2\/product"}],"about":[{"href":"https:\/\/wiejskieprzysmaki.estima.site\/en\/wp-json\/wp\/v2\/types\/product"}],"replies":[{"embeddable":true,"href":"https:\/\/wiejskieprzysmaki.estima.site\/en\/wp-json\/wp\/v2\/comments?post=10320"}],"wp:featuredmedia":[{"embeddable":true,"href":"https:\/\/wiejskieprzysmaki.estima.site\/en\/wp-json\/wp\/v2\/media\/10321"}],"wp:attachment":[{"href":"https:\/\/wiejskieprzysmaki.estima.site\/en\/wp-json\/wp\/v2\/media?parent=10320"}],"wp:term":[{"taxonomy":"product_brand","embeddable":true,"href":"https:\/\/wiejskieprzysmaki.estima.site\/en\/wp-json\/wp\/v2\/product_brand?post=10320"},{"taxonomy":"product_cat","embeddable":true,"href":"https:\/\/wiejskieprzysmaki.estima.site\/en\/wp-json\/wp\/v2\/product_cat?post=10320"},{"taxonomy":"product_tag","embeddable":true,"href":"https:\/\/wiejskieprzysmaki.estima.site\/en\/wp-json\/wp\/v2\/product_tag?post=10320"}],"curies":[{"name":"wp","href":"https:\/\/api.w.org\/{rel}","templated":true}]}}