{"id":10334,"date":"2025-02-18T12:18:54","date_gmt":"2025-02-18T11:18:54","guid":{"rendered":"https:\/\/wiejskieprzysmaki.estima.site\/produkt\/sos-umami-bezglutenowy-bio-145-ml-terrasana\/"},"modified":"2025-02-18T12:18:58","modified_gmt":"2025-02-18T11:18:58","slug":"sos-umami-bezglutenowy-bio-145-ml-terrasana","status":"publish","type":"product","link":"https:\/\/wiejskieprzysmaki.estima.site\/en\/product\/sos-umami-bezglutenowy-bio-145-ml-terrasana\/","title":{"rendered":"SOS UMAMI BEZGLUTENOWY BIO 145 ml &#8211; TERRASANA"},"content":{"rendered":"<p>SK\u0141ADNIKI<br \/>tamari* (woda, ziarna SOI*, s\u00f3l morska, solone shochu*, Aspergillus oryzae), mirin* (s\u0142odki ry\u017c*, shochu*, ry\u017c*, Aspergillus oryzae), koncentrat soku jab\u0142kowego*, ocet z br\u0105zowego ry\u017cu* (woda, ry\u017c br\u0105zowy*, s\u00f3l morska, Aspergillus oryzae), woda, miso genmai* (ziarna SOI*, ry\u017c br\u0105zowy*, s\u00f3l morska, woda, Aspergillus oryzae), czosnek w proszku*, imbir w proszku*, cebula w proszku*, pieprz cayenne*, marchew w proszku*. (*certyfikowany sk\u0142adnik ekologiczny)<\/p>\n<p>OPIS<br \/>Uniwersalna przyprawa s\u0142ona o intensywnym smaku umami.<br \/>Po prostu nalej i ciesz si\u0119 smakiem! U\u017cyj sosu umami jako sosu do makaronu, jako sosu do poke lub miski Buddy, jako dipu do sushi, jako sosu do sa\u0142atek lub jako przyprawy do zup. <br \/>Mo\u017cna w nim nawet marynowa\u0107 tofu lub tempeh. Mo\u017cliwo\u015bci s\u0105 niesko\u0144czone!<\/p>\n<p>WARTO\u015a\u0106 OD\u017bYWCZA w 100 g<br \/>Warto\u015b\u0107 energetyczna: 554 kJ\/132 kcal<br \/>T\u0142uszcz: 0,8 g<br \/>w tym kwasy t\u0142uszczowe nasycone: 0,2 g<br \/>W\u0119glowodany: 23 g<br \/>w tym cukry: 18 g<br \/>B\u0142onnik: 0,6 g<br \/>Bia\u0142ko: 4,9 g<br \/>S\u00f3l: 5,70 g<\/p>\n<p>ZALECANE WARUNKI PRZECHOWYWANIA<br \/>Po otwarciu przechowywa\u0107 w lod\u00f3wce.<\/p>","protected":false},"excerpt":{"rendered":"<p>SK\u0141ADNIKItamari* (woda, ziarna SOI*, s\u00f3l morska, solone shochu*, Aspergillus oryzae), mirin* (s\u0142odki ry\u017c*, shochu*, ry\u017c*, Aspergillus oryzae), koncentrat soku jab\u0142kowego*, ocet z br\u0105zowego ry\u017cu* (woda, ry\u017c br\u0105zowy*, s\u00f3l morska, Aspergillus oryzae), woda, miso genmai* (ziarna SOI*, ry\u017c br\u0105zowy*, s\u00f3l morska, woda, Aspergillus oryzae), czosnek w proszku*, imbir w proszku*, cebula w proszku*, pieprz cayenne*, marchew [&hellip;]<\/p>","protected":false},"featured_media":10335,"comment_status":"closed","ping_status":"open","template":"","meta":{"_acf_changed":false},"product_brand":[],"product_cat":[871,94],"product_tag":[],"class_list":{"0":"post-10334","1":"product","2":"type-product","3":"status-publish","4":"has-post-thumbnail","6":"product_cat-sojowe-i-zamienniki","7":"product_cat-sosy","8":"pa_ean-matka-7840","9":"pa_gwarancja-przydatnosci-324","10":"pa_ilosc-w-opakowaniu-298","11":"pa_jednostka-podstawowa-szt","12":"pa_kod-cn-2103-10-00","13":"pa_objetosc-brutto-353","14":"pa_objetosc-netto-866","15":"pa_producent-terrasana-kremy-makarony-sosy-sojowe-inne","16":"pa_producent-nazwa-adres-terrasana-natuurvoeding-b-v-waaier-10-2451-leimuiden","17":"pa_tagi-bez-glutenu-deklaracja","18":"pa_tagi-bez-glutenu-w-skladnikach","19":"pa_tagi-certyfikat-bio","20":"pa_tagi-weganski","21":"pa_tagi-wegetarianski","23":"first","24":"instock","25":"taxable","26":"shipping-taxable","27":"purchasable","28":"product-type-simple"},"acf":[],"_links":{"self":[{"href":"https:\/\/wiejskieprzysmaki.estima.site\/en\/wp-json\/wp\/v2\/product\/10334","targetHints":{"allow":["GET"]}}],"collection":[{"href":"https:\/\/wiejskieprzysmaki.estima.site\/en\/wp-json\/wp\/v2\/product"}],"about":[{"href":"https:\/\/wiejskieprzysmaki.estima.site\/en\/wp-json\/wp\/v2\/types\/product"}],"replies":[{"embeddable":true,"href":"https:\/\/wiejskieprzysmaki.estima.site\/en\/wp-json\/wp\/v2\/comments?post=10334"}],"wp:featuredmedia":[{"embeddable":true,"href":"https:\/\/wiejskieprzysmaki.estima.site\/en\/wp-json\/wp\/v2\/media\/10335"}],"wp:attachment":[{"href":"https:\/\/wiejskieprzysmaki.estima.site\/en\/wp-json\/wp\/v2\/media?parent=10334"}],"wp:term":[{"taxonomy":"product_brand","embeddable":true,"href":"https:\/\/wiejskieprzysmaki.estima.site\/en\/wp-json\/wp\/v2\/product_brand?post=10334"},{"taxonomy":"product_cat","embeddable":true,"href":"https:\/\/wiejskieprzysmaki.estima.site\/en\/wp-json\/wp\/v2\/product_cat?post=10334"},{"taxonomy":"product_tag","embeddable":true,"href":"https:\/\/wiejskieprzysmaki.estima.site\/en\/wp-json\/wp\/v2\/product_tag?post=10334"}],"curies":[{"name":"wp","href":"https:\/\/api.w.org\/{rel}","templated":true}]}}