{"id":1034,"date":"2025-02-18T10:33:54","date_gmt":"2025-02-18T09:33:54","guid":{"rendered":"https:\/\/wiejskieprzysmaki.estima.site\/produkt\/pomidory-suszone-w-oleju-bio-190-g-sloik-bio-organica-italia\/"},"modified":"2025-02-18T10:34:02","modified_gmt":"2025-02-18T09:34:02","slug":"pomidory-suszone-w-oleju-bio-190-g-sloik-bio-organica-italia","status":"publish","type":"product","link":"https:\/\/wiejskieprzysmaki.estima.site\/en\/product\/pomidory-suszone-w-oleju-bio-190-g-sloik-bio-organica-italia\/","title":{"rendered":"POMIDORY SUSZONE W OLEJU BIO 190 g (S\u0141OIK) &#8211; BIO ORGANICA ITALIA"},"content":{"rendered":"<p>SK\u0141ADNIKI <br \/>pomidory suszone* (65,4 %), olej s\u0142onecznikowy* (26,7 %), oliwa z oliwek extra virgin*, ocet winny*, s\u00f3l, czosnek*, natka pietruszki*, bazylia*, sok z cytryny*. (*certyfikowany sk\u0142adnik ekologiczny)<\/p>\n<p>OPIS <br \/>Produkt pasteryzowany.<\/p>\n<p>WARTO\u015a\u0106 OD\u017bYWCZA W 100 g <br \/>Warto\u015b\u0107 energetyczna: 890 kJ\/213 kcal <br \/>T\u0142uszcz: 14 g <br \/>w tym kwasy t\u0142uszczowe nasycone: 1,8 g <br \/>W\u0119glowodany: 14 g <br \/>w tym cukry: &lt;0,5 g <br \/>Bia\u0142ko: 4,9 g <br \/>S\u00f3l: 2,1 g<\/p>\n<p>ZALECANE WARUNKI PRZECHOWYWANIA <br \/>Po otwarciu przechowywa\u0107 w lod\u00f3wce i spo\u017cy\u0107 w ci\u0105gu 10 dni. <\/p>","protected":false},"excerpt":{"rendered":"<p>SK\u0141ADNIKI pomidory suszone* (65,4 %), olej s\u0142onecznikowy* (26,7 %), oliwa z oliwek extra virgin*, ocet winny*, s\u00f3l, czosnek*, natka pietruszki*, bazylia*, sok z cytryny*. (*certyfikowany sk\u0142adnik ekologiczny) OPIS Produkt pasteryzowany. WARTO\u015a\u0106 OD\u017bYWCZA W 100 g Warto\u015b\u0107 energetyczna: 890 kJ\/213 kcal T\u0142uszcz: 14 g w tym kwasy t\u0142uszczowe nasycone: 1,8 g W\u0119glowodany: 14 g w tym [&hellip;]<\/p>","protected":false},"featured_media":1035,"comment_status":"closed","ping_status":"open","template":"","meta":{"_acf_changed":false},"product_brand":[],"product_cat":[1061,180],"product_tag":[],"class_list":{"0":"post-1034","1":"product","2":"type-product","3":"status-publish","4":"has-post-thumbnail","6":"product_cat-marynowane-kiszone","7":"product_cat-warzywa-i-grzyby-przetworzone","8":"pa_ean-matka-1062","9":"pa_gwarancja-przydatnosci-301","10":"pa_ilosc-w-opakowaniu-366","11":"pa_jednostka-podstawowa-szt","12":"pa_kod-cn-2002-10-90","13":"pa_kraj-pochodzenia-skladnikow-wlochy","14":"pa_masa-netto-1057","15":"pa_objetosc-brutto-426","16":"pa_producent-bio-organica-italia-przetwory-warzywne","17":"pa_producent-nazwa-adres-bio-organica-nuova-italia-s-r-l-via-antonio-gramsci-107-71122-foggia","18":"pa_tagi-bez-cukru-w-skladnikach","19":"pa_tagi-bez-glutenu-w-skladnikach","20":"pa_tagi-certyfikat-bio","21":"pa_tagi-weganski","22":"pa_tagi-wegetarianski","24":"first","25":"instock","26":"taxable","27":"shipping-taxable","28":"purchasable","29":"product-type-simple"},"acf":[],"_links":{"self":[{"href":"https:\/\/wiejskieprzysmaki.estima.site\/en\/wp-json\/wp\/v2\/product\/1034","targetHints":{"allow":["GET"]}}],"collection":[{"href":"https:\/\/wiejskieprzysmaki.estima.site\/en\/wp-json\/wp\/v2\/product"}],"about":[{"href":"https:\/\/wiejskieprzysmaki.estima.site\/en\/wp-json\/wp\/v2\/types\/product"}],"replies":[{"embeddable":true,"href":"https:\/\/wiejskieprzysmaki.estima.site\/en\/wp-json\/wp\/v2\/comments?post=1034"}],"wp:featuredmedia":[{"embeddable":true,"href":"https:\/\/wiejskieprzysmaki.estima.site\/en\/wp-json\/wp\/v2\/media\/1035"}],"wp:attachment":[{"href":"https:\/\/wiejskieprzysmaki.estima.site\/en\/wp-json\/wp\/v2\/media?parent=1034"}],"wp:term":[{"taxonomy":"product_brand","embeddable":true,"href":"https:\/\/wiejskieprzysmaki.estima.site\/en\/wp-json\/wp\/v2\/product_brand?post=1034"},{"taxonomy":"product_cat","embeddable":true,"href":"https:\/\/wiejskieprzysmaki.estima.site\/en\/wp-json\/wp\/v2\/product_cat?post=1034"},{"taxonomy":"product_tag","embeddable":true,"href":"https:\/\/wiejskieprzysmaki.estima.site\/en\/wp-json\/wp\/v2\/product_tag?post=1034"}],"curies":[{"name":"wp","href":"https:\/\/api.w.org\/{rel}","templated":true}]}}