{"id":10342,"date":"2025-02-18T12:18:54","date_gmt":"2025-02-18T11:18:54","guid":{"rendered":"https:\/\/wiejskieprzysmaki.estima.site\/produkt\/orzechy-macadamia-prazone-i-solone-bio-100-g-horizon\/"},"modified":"2025-02-20T15:19:34","modified_gmt":"2025-02-20T14:19:34","slug":"orzechy-macadamia-prazone-i-solone-bio-100-g-horizon","status":"publish","type":"product","link":"https:\/\/wiejskieprzysmaki.estima.site\/en\/product\/orzechy-macadamia-prazone-i-solone-bio-100-g-horizon\/","title":{"rendered":"ORZECHY MACADAMIA PRA\u017bONE I SOLONE BIO 100 g &#8211; HORIZON"},"content":{"rendered":"<p>SK\u0141ADNIKI<br \/>ORZECHY MAKADAMIA*, s\u00f3l morska. (*certyfikowany sk\u0142adnik ekologiczny)<\/p>\n<p>OPIS<br \/>Pakowano w atmosferze ochronnej. <\/p>\n<p>WARTO\u015a\u0106 OD\u017bYWCZA w 100 g<br \/>Warto\u015b\u0107 energetyczna: 3040 kJ\/737 kcal<br \/>T\u0142uszcz: 74 g<br \/>w tym kwasy t\u0142uszczowe nasycone: 10 g<br \/>W\u0119glowodany: 8,0 g<br \/>w tym cukry: 5,0 g<br \/>Bia\u0142ko: 9,0 g<br \/>S\u00f3l: 0,66 g<\/p>\n<p>INFORMACJA ALERGENNA<br \/>Mo\u017ce zawiera\u0107 inne ORZECHY, NASIONA SEZAMU, ORZESZKI ZIEMNE.<\/p>\n<p>ZALECANE WARUNKI PRZECHOWYWANIA<br \/>Przechowywa\u0107 w suchym, ch\u0142odnym i zacienionym miejscu.<\/p>","protected":false},"excerpt":{"rendered":"<p>SK\u0141ADNIKIORZECHY MAKADAMIA*, s\u00f3l morska. (*certyfikowany sk\u0142adnik ekologiczny) OPISPakowano w atmosferze ochronnej. WARTO\u015a\u0106 OD\u017bYWCZA w 100 gWarto\u015b\u0107 energetyczna: 3040 kJ\/737 kcalT\u0142uszcz: 74 gw tym kwasy t\u0142uszczowe nasycone: 10 gW\u0119glowodany: 8,0 gw tym cukry: 5,0 gBia\u0142ko: 9,0 gS\u00f3l: 0,66 g INFORMACJA ALERGENNAMo\u017ce zawiera\u0107 inne ORZECHY, NASIONA SEZAMU, ORZESZKI ZIEMNE. ZALECANE WARUNKI PRZECHOWYWANIAPrzechowywa\u0107 w suchym, ch\u0142odnym i zacienionym [&hellip;]<\/p>","protected":false},"featured_media":10343,"comment_status":"closed","ping_status":"open","template":"","meta":{"_acf_changed":false},"product_brand":[],"product_cat":[830,810],"product_tag":[],"class_list":{"0":"post-10342","1":"product","2":"type-product","3":"status-publish","4":"has-post-thumbnail","6":"product_cat-orzechy-i-owoce-suszone","7":"product_cat-orzechy-kasztany-wiorki-kokosowe","8":"pa_ean-matka-7846","9":"pa_gwarancja-przydatnosci-535","10":"pa_ilosc-w-opakowaniu-374","11":"pa_jednostka-podstawowa-szt","12":"pa_kod-cn-2008-19-92","13":"pa_masa-netto-242","14":"pa_objetosc-brutto-7844","15":"pa_producent-horizon-syropy-kremy-orzechowe","16":"pa_producent-nazwa-adres-horizon-natuurvoeding-bv-lage-dijk-noord-20a-3401-va-ijsselstein","17":"pa_tagi-bez-cukru-w-skladnikach","18":"pa_tagi-bez-glutenu-w-skladnikach","19":"pa_tagi-certyfikat-bio","20":"pa_tagi-weganski","21":"pa_tagi-wegetarianski","23":"first","24":"instock","25":"taxable","26":"shipping-taxable","27":"purchasable","28":"product-type-simple"},"acf":[],"_links":{"self":[{"href":"https:\/\/wiejskieprzysmaki.estima.site\/en\/wp-json\/wp\/v2\/product\/10342","targetHints":{"allow":["GET"]}}],"collection":[{"href":"https:\/\/wiejskieprzysmaki.estima.site\/en\/wp-json\/wp\/v2\/product"}],"about":[{"href":"https:\/\/wiejskieprzysmaki.estima.site\/en\/wp-json\/wp\/v2\/types\/product"}],"replies":[{"embeddable":true,"href":"https:\/\/wiejskieprzysmaki.estima.site\/en\/wp-json\/wp\/v2\/comments?post=10342"}],"wp:featuredmedia":[{"embeddable":true,"href":"https:\/\/wiejskieprzysmaki.estima.site\/en\/wp-json\/wp\/v2\/media\/10343"}],"wp:attachment":[{"href":"https:\/\/wiejskieprzysmaki.estima.site\/en\/wp-json\/wp\/v2\/media?parent=10342"}],"wp:term":[{"taxonomy":"product_brand","embeddable":true,"href":"https:\/\/wiejskieprzysmaki.estima.site\/en\/wp-json\/wp\/v2\/product_brand?post=10342"},{"taxonomy":"product_cat","embeddable":true,"href":"https:\/\/wiejskieprzysmaki.estima.site\/en\/wp-json\/wp\/v2\/product_cat?post=10342"},{"taxonomy":"product_tag","embeddable":true,"href":"https:\/\/wiejskieprzysmaki.estima.site\/en\/wp-json\/wp\/v2\/product_tag?post=10342"}],"curies":[{"name":"wp","href":"https:\/\/api.w.org\/{rel}","templated":true}]}}