{"id":10344,"date":"2025-02-18T12:18:54","date_gmt":"2025-02-18T11:18:54","guid":{"rendered":"https:\/\/wiejskieprzysmaki.estima.site\/produkt\/chleb-omega-3-krojony-bio-300-g-terrasana\/"},"modified":"2025-02-18T12:19:12","modified_gmt":"2025-02-18T11:19:12","slug":"chleb-omega-3-krojony-bio-300-g-terrasana","status":"publish","type":"product","link":"https:\/\/wiejskieprzysmaki.estima.site\/en\/product\/chleb-omega-3-krojony-bio-300-g-terrasana\/","title":{"rendered":"CHLEB OMEGA-3 KROJONY BIO 300 g &#8211; TERRASANA"},"content":{"rendered":"<p>SK\u0141ADNIKI<br \/>woda, OWIES* 29 %, nasiona s\u0142onecznika* 13 %, ocet jab\u0142kowy*, siemi\u0119 lniane* 9 %, pestki dyni* 7 %, nasiona babki p\u0142esznik*, s\u00f3l morska. (*certyfikowany sk\u0142adnik ekologiczny)<\/p>\n<p>OPIS<br \/>Je\u015bli jeste\u015b mi\u0142o\u015bnikiem chleba i unikasz PSZENICY, wybierz t\u0119 doskona\u0142\u0105 alternatyw\u0119. Ten specjalny chleb omega-3 zawiera wi\u0119cej sk\u0142adnik\u00f3w od\u017cywczych ni\u017c chleb PSZENNY lub orkiszowy. <br \/>Jest starannie zbilansowany, aby zapewni\u0107 70 % zalecanego dziennego spo\u017cycia ALA, je\u015bli spo\u017cywasz oko\u0142o 2000 kcal dziennie. Ten chleb bogaty w kwasy omega-3 spe\u0142nia wszystkie wymagania. <br \/>Jest od\u017cywczy, wygl\u0105da i smakuje zdrowo, ma wysok\u0105 zawarto\u015b\u0107 b\u0142onnika, zawiera 11 g bia\u0142ka i niezb\u0119dne t\u0142uszcze omega-3. T\u0142uszcze, kt\u00f3rych cz\u0119sto brakuje w typowej diecie. <br \/>Zastanawiasz si\u0119, z czego sk\u0142ada si\u0119 ten chleb omega-3? Przede wszystkim OWIES i nasiona, a nasiona lnu dostarczaj\u0105 najwi\u0119cej dobroci omega-3.<br \/>Opakowanie zawiera 5 kromek.<\/p>\n<p>WARTO\u015a\u0106 OD\u017bYWCZA w 100 g <br \/>Warto\u015b\u0107 energetyczna: 1231 kJ\/296 kcal<br \/>T\u0142uszcz: 18 g<br \/>w tym kwasy t\u0142uszczowe nasycone: 2,5 g<br \/>W\u0119glowodany: 18 g<br \/>w tym cukry: 0,7 g<br \/>B\u0142onnik: 8,1 g<br \/>Bia\u0142ko: 11 g<br \/>S\u00f3l: 1,0 g<br \/>kwas alfa-linolenowy: 2,3 g<\/p>\n<p>INFORMACJA ALERGENNA<br \/>Mo\u017ce zawiera\u0107 SOJ\u0118, NASIONA SEZAMU i orzechy.<\/p>\n<p>ZALECANE WARUNKI PRZECHOWYWANIA<br \/>Przechowywa\u0107 w suchym i ch\u0142odnym miejscu.<\/p>","protected":false},"excerpt":{"rendered":"<p>SK\u0141ADNIKIwoda, OWIES* 29 %, nasiona s\u0142onecznika* 13 %, ocet jab\u0142kowy*, siemi\u0119 lniane* 9 %, pestki dyni* 7 %, nasiona babki p\u0142esznik*, s\u00f3l morska. (*certyfikowany sk\u0142adnik ekologiczny) OPISJe\u015bli jeste\u015b mi\u0142o\u015bnikiem chleba i unikasz PSZENICY, wybierz t\u0119 doskona\u0142\u0105 alternatyw\u0119. Ten specjalny chleb omega-3 zawiera wi\u0119cej sk\u0142adnik\u00f3w od\u017cywczych ni\u017c chleb PSZENNY lub orkiszowy. Jest starannie zbilansowany, aby zapewni\u0107 [&hellip;]<\/p>","protected":false},"featured_media":10345,"comment_status":"closed","ping_status":"open","template":"","meta":{"_acf_changed":false},"product_brand":[],"product_cat":[1437,64],"product_tag":[],"class_list":{"0":"post-10344","1":"product","2":"type-product","3":"status-publish","4":"has-post-thumbnail","6":"product_cat-chleby-bulki","7":"product_cat-pieczywo","8":"pa_ean-matka-7847","9":"pa_gwarancja-przydatnosci-311","10":"pa_ilosc-w-opakowaniu-401","11":"pa_jednostka-podstawowa-szt","12":"pa_kod-cn-1905-90-30","13":"pa_masa-netto-207","14":"pa_objetosc-brutto-2065","15":"pa_producent-terrasana-kremy-makarony-sosy-sojowe-inne","16":"pa_producent-nazwa-adres-terrasana-natuurvoeding-b-v-waaier-10-2451-leimuiden","17":"pa_tagi-bez-cukru-w-skladnikach","18":"pa_tagi-certyfikat-bio","19":"pa_tagi-weganski","20":"pa_tagi-wegetarianski","22":"first","23":"instock","24":"taxable","25":"shipping-taxable","26":"purchasable","27":"product-type-simple"},"acf":[],"_links":{"self":[{"href":"https:\/\/wiejskieprzysmaki.estima.site\/en\/wp-json\/wp\/v2\/product\/10344","targetHints":{"allow":["GET"]}}],"collection":[{"href":"https:\/\/wiejskieprzysmaki.estima.site\/en\/wp-json\/wp\/v2\/product"}],"about":[{"href":"https:\/\/wiejskieprzysmaki.estima.site\/en\/wp-json\/wp\/v2\/types\/product"}],"replies":[{"embeddable":true,"href":"https:\/\/wiejskieprzysmaki.estima.site\/en\/wp-json\/wp\/v2\/comments?post=10344"}],"wp:featuredmedia":[{"embeddable":true,"href":"https:\/\/wiejskieprzysmaki.estima.site\/en\/wp-json\/wp\/v2\/media\/10345"}],"wp:attachment":[{"href":"https:\/\/wiejskieprzysmaki.estima.site\/en\/wp-json\/wp\/v2\/media?parent=10344"}],"wp:term":[{"taxonomy":"product_brand","embeddable":true,"href":"https:\/\/wiejskieprzysmaki.estima.site\/en\/wp-json\/wp\/v2\/product_brand?post=10344"},{"taxonomy":"product_cat","embeddable":true,"href":"https:\/\/wiejskieprzysmaki.estima.site\/en\/wp-json\/wp\/v2\/product_cat?post=10344"},{"taxonomy":"product_tag","embeddable":true,"href":"https:\/\/wiejskieprzysmaki.estima.site\/en\/wp-json\/wp\/v2\/product_tag?post=10344"}],"curies":[{"name":"wp","href":"https:\/\/api.w.org\/{rel}","templated":true}]}}