{"id":10356,"date":"2025-02-18T12:19:14","date_gmt":"2025-02-18T11:19:14","guid":{"rendered":"https:\/\/wiejskieprzysmaki.estima.site\/produkt\/oliwa-z-oliwek-extra-virgin-bio-500-ml-campomar-nature\/"},"modified":"2025-02-18T12:19:19","modified_gmt":"2025-02-18T11:19:19","slug":"oliwa-z-oliwek-extra-virgin-bio-500-ml-campomar-nature","status":"publish","type":"product","link":"https:\/\/wiejskieprzysmaki.estima.site\/en\/product\/oliwa-z-oliwek-extra-virgin-bio-500-ml-campomar-nature\/","title":{"rendered":"OLIWA Z OLIWEK EXTRA VIRGIN BIO 500 ml &#8211; CAMPOMAR NATURE"},"content":{"rendered":"<p>SK\u0141ADNIKI<br \/>oliwa z oliwek extra virgin*. (*certyfikowany sk\u0142adnik ekologiczny)<\/p>\n<p>OPIS<br \/>Oliwa z oliwek najwy\u017cszej jako\u015bci z pierwszego t\u0142oczenia. Najwy\u017csza kategoria oliwy z oliwek, uzyskana bezpo\u015brednio z oliwek i wy\u0142\u0105cznie za pomoc\u0105 \u015brodk\u00f3w mechanicznych.<\/p>\n<p>WARTO\u015a\u0106 OD\u017bYWCZA W 100 g<br \/>Warto\u015b\u0107 energetyczna: 3700 kJ\/888 kcal<br \/>T\u0142uszcz: 100 g<br \/>w tym kwasy t\u0142uszczowe nasycone: 14,2 g<br \/>W\u0119glowodany: 0 g<br \/>w tym cukry: 0 g<br \/>B\u0142onnik: 0 g<br \/>Bia\u0142ko: 0 g<br \/>S\u00f3l: 0 g<\/p>\n<p>ZALECANE WARUNKI PRZECHOWYWANIA<br \/>Przechowywa\u0107 w ciemnym i ch\u0142odnym miejscu.<\/p>","protected":false},"excerpt":{"rendered":"<p>SK\u0141ADNIKIoliwa z oliwek extra virgin*. (*certyfikowany sk\u0142adnik ekologiczny) OPISOliwa z oliwek najwy\u017cszej jako\u015bci z pierwszego t\u0142oczenia. Najwy\u017csza kategoria oliwy z oliwek, uzyskana bezpo\u015brednio z oliwek i wy\u0142\u0105cznie za pomoc\u0105 \u015brodk\u00f3w mechanicznych. WARTO\u015a\u0106 OD\u017bYWCZA W 100 gWarto\u015b\u0107 energetyczna: 3700 kJ\/888 kcalT\u0142uszcz: 100 gw tym kwasy t\u0142uszczowe nasycone: 14,2 gW\u0119glowodany: 0 gw tym cukry: 0 gB\u0142onnik: 0 [&hellip;]<\/p>","protected":false},"featured_media":10357,"comment_status":"closed","ping_status":"open","template":"","meta":{"_acf_changed":false},"product_brand":[],"product_cat":[993,1100],"product_tag":[],"class_list":{"0":"post-10356","1":"product","2":"type-product","3":"status-publish","4":"has-post-thumbnail","6":"product_cat-oleje-i-oliwy","7":"product_cat-oliwy","8":"pa_ean-matka-7856","9":"pa_gwarancja-przydatnosci-320","10":"pa_ilosc-w-opakowaniu-374","11":"pa_jednostka-podstawowa-szt","12":"pa_kod-cn-1509-20-00","13":"pa_objetosc-brutto-4299","14":"pa_objetosc-netto-376","15":"pa_producent-campomar-nature-oliwki-oliwa-miod","16":"pa_producent-nazwa-adres-campomar-nature-s-l-calle-asteroide-10-03007-alicante","17":"pa_tagi-bez-cukru-w-skladnikach","18":"pa_tagi-bez-glutenu-w-skladnikach","19":"pa_tagi-certyfikat-bio","20":"pa_tagi-weganski","21":"pa_tagi-wegetarianski","23":"first","24":"instock","25":"taxable","26":"shipping-taxable","27":"purchasable","28":"product-type-simple"},"acf":[],"_links":{"self":[{"href":"https:\/\/wiejskieprzysmaki.estima.site\/en\/wp-json\/wp\/v2\/product\/10356","targetHints":{"allow":["GET"]}}],"collection":[{"href":"https:\/\/wiejskieprzysmaki.estima.site\/en\/wp-json\/wp\/v2\/product"}],"about":[{"href":"https:\/\/wiejskieprzysmaki.estima.site\/en\/wp-json\/wp\/v2\/types\/product"}],"replies":[{"embeddable":true,"href":"https:\/\/wiejskieprzysmaki.estima.site\/en\/wp-json\/wp\/v2\/comments?post=10356"}],"wp:featuredmedia":[{"embeddable":true,"href":"https:\/\/wiejskieprzysmaki.estima.site\/en\/wp-json\/wp\/v2\/media\/10357"}],"wp:attachment":[{"href":"https:\/\/wiejskieprzysmaki.estima.site\/en\/wp-json\/wp\/v2\/media?parent=10356"}],"wp:term":[{"taxonomy":"product_brand","embeddable":true,"href":"https:\/\/wiejskieprzysmaki.estima.site\/en\/wp-json\/wp\/v2\/product_brand?post=10356"},{"taxonomy":"product_cat","embeddable":true,"href":"https:\/\/wiejskieprzysmaki.estima.site\/en\/wp-json\/wp\/v2\/product_cat?post=10356"},{"taxonomy":"product_tag","embeddable":true,"href":"https:\/\/wiejskieprzysmaki.estima.site\/en\/wp-json\/wp\/v2\/product_tag?post=10356"}],"curies":[{"name":"wp","href":"https:\/\/api.w.org\/{rel}","templated":true}]}}