{"id":10358,"date":"2025-02-18T12:19:14","date_gmt":"2025-02-18T11:19:14","guid":{"rendered":"https:\/\/wiejskieprzysmaki.estima.site\/produkt\/sos-waniliowy-bezglutenowy-bio-2-x-16-g-32-g-biovegan\/"},"modified":"2025-02-18T12:19:19","modified_gmt":"2025-02-18T11:19:19","slug":"sos-waniliowy-bezglutenowy-bio-2-x-16-g-32-g-biovegan","status":"publish","type":"product","link":"https:\/\/wiejskieprzysmaki.estima.site\/en\/product\/sos-waniliowy-bezglutenowy-bio-2-x-16-g-32-g-biovegan\/","title":{"rendered":"SOS WANILIOWY BEZGLUTENOWY BIO (2 x 16 g) 32 g &#8211; BIOVEGAN"},"content":{"rendered":"<p>SK\u0141ADNIKI<br \/>skrobia kukurydziana*, wanilia Bourbon* (2,7%), s\u00f3l. (*certyfikowany sk\u0142adnik ekologiczny)<\/p>\n<p>OPIS<br \/>Sos waniliowy doskonale komponuje si\u0119 ze strudlem jab\u0142kowym, lodami i \u015bwie\u017cymi owocami. <br \/>Do przygotowania sosu uprzednio przygotuj: 400 ml napoju ro\u015blinnego lub MLEKA oraz 2 \u0142y\u017cki cukru trzcinowego. <\/p>\n<p>SPOS\u00d3B PRZYGOTOWANIA<br \/>Wymieszaj 5 \u0142y\u017cek napoju ro\u015blinnego\/mleka z 1 torebk\u0105 proszku na g\u0142adk\u0105 mas\u0119. Pozosta\u0142y p\u0142yn zagotuj z 2 \u0142y\u017ckami cukru trzcinowego. Dodaj wymieszany proszek i gotuj na wolnym ogniu, ca\u0142y czas mieszaj\u0105c. Przed podaniem ubij trzepaczk\u0105 (zapobiegnie to tworzeniu si\u0119 ko\u017cucha).<br \/>Porada: Aby uzyska\u0107 bardziej sztywn\u0105 konsystencj\u0119, u\u017cyj mniej p\u0142ynu. Konsystencja mo\u017ce si\u0119 znacznie r\u00f3\u017cni\u0107 w przypadku stosowania niekt\u00f3rych napoj\u00f3w ro\u015blinnych (np. napoj\u00f3w ry\u017cowych)<br \/>Sos waniliowy mo\u017cna je\u015b\u0107 na zimno lub na ciep\u0142o.<\/p>\n<p>WARTO\u015a\u0106 OD\u017bYWCZA W 100 g proszku<br \/>Warto\u015b\u0107 energetyczna: 1483 kJ\/354 kcal<br \/>T\u0142uszcz: &lt;0,5 g<br \/>w tym kwasy t\u0142uszczowe nasycone: &lt;0,1 g<br \/>W\u0119glowodany: 86 g<br \/>w tym cukry: &lt;0,5 g<br \/>B\u0142onnik: 0,7 g<br \/>Bia\u0142ko: 0,5 g<br \/>S\u00f3l: 1,3 g<\/p>\n<p>INFORMACJA ALERGENNA<br \/>Mo\u017ce zawiera\u0107 ORZECHY, SELER, GORCZYC\u0118, SOJ\u0118, \u0142ubin<\/p>\n<p>ZALECANE WARUNKI PRZECHOWYWANIA<br \/>Przechowywa\u0107 w suchym miejscu, chroni\u0107 przed ciep\u0142em. <\/p>","protected":false},"excerpt":{"rendered":"<p>SK\u0141ADNIKIskrobia kukurydziana*, wanilia Bourbon* (2,7%), s\u00f3l. (*certyfikowany sk\u0142adnik ekologiczny) OPISSos waniliowy doskonale komponuje si\u0119 ze strudlem jab\u0142kowym, lodami i \u015bwie\u017cymi owocami. Do przygotowania sosu uprzednio przygotuj: 400 ml napoju ro\u015blinnego lub MLEKA oraz 2 \u0142y\u017cki cukru trzcinowego. SPOS\u00d3B PRZYGOTOWANIAWymieszaj 5 \u0142y\u017cek napoju ro\u015blinnego\/mleka z 1 torebk\u0105 proszku na g\u0142adk\u0105 mas\u0119. Pozosta\u0142y p\u0142yn zagotuj z 2 [&hellip;]<\/p>","protected":false},"featured_media":10359,"comment_status":"closed","ping_status":"open","template":"","meta":{"_acf_changed":false},"product_brand":[],"product_cat":[36],"product_tag":[],"class_list":{"0":"post-10358","1":"product","2":"type-product","3":"status-publish","4":"has-post-thumbnail","6":"product_cat-dodatki-do-wypiekow-i-deserow","7":"pa_ean-matka-7858","8":"pa_ilosc-w-opakowaniu-694","9":"pa_jednostka-podstawowa-szt","10":"pa_kod-cn-2103-90-90","11":"pa_masa-netto-2302","12":"pa_objetosc-brutto-4512","13":"pa_producent-nazwa-adres-biovegan-gmbh-biovegan-allee-1-56579-bonefeld","14":"pa_tagi-bez-cukru-w-skladnikach","15":"pa_tagi-bez-glutenu-deklaracja","16":"pa_tagi-bez-glutenu-w-skladnikach","17":"pa_tagi-certyfikat-bio","18":"pa_tagi-weganski","19":"pa_tagi-wegetarianski","20":"pa_termin-przydatnosci-31-01-2027","22":"first","23":"instock","24":"taxable","25":"shipping-taxable","26":"purchasable","27":"product-type-simple"},"acf":[],"_links":{"self":[{"href":"https:\/\/wiejskieprzysmaki.estima.site\/en\/wp-json\/wp\/v2\/product\/10358","targetHints":{"allow":["GET"]}}],"collection":[{"href":"https:\/\/wiejskieprzysmaki.estima.site\/en\/wp-json\/wp\/v2\/product"}],"about":[{"href":"https:\/\/wiejskieprzysmaki.estima.site\/en\/wp-json\/wp\/v2\/types\/product"}],"replies":[{"embeddable":true,"href":"https:\/\/wiejskieprzysmaki.estima.site\/en\/wp-json\/wp\/v2\/comments?post=10358"}],"wp:featuredmedia":[{"embeddable":true,"href":"https:\/\/wiejskieprzysmaki.estima.site\/en\/wp-json\/wp\/v2\/media\/10359"}],"wp:attachment":[{"href":"https:\/\/wiejskieprzysmaki.estima.site\/en\/wp-json\/wp\/v2\/media?parent=10358"}],"wp:term":[{"taxonomy":"product_brand","embeddable":true,"href":"https:\/\/wiejskieprzysmaki.estima.site\/en\/wp-json\/wp\/v2\/product_brand?post=10358"},{"taxonomy":"product_cat","embeddable":true,"href":"https:\/\/wiejskieprzysmaki.estima.site\/en\/wp-json\/wp\/v2\/product_cat?post=10358"},{"taxonomy":"product_tag","embeddable":true,"href":"https:\/\/wiejskieprzysmaki.estima.site\/en\/wp-json\/wp\/v2\/product_tag?post=10358"}],"curies":[{"name":"wp","href":"https:\/\/api.w.org\/{rel}","templated":true}]}}