{"id":10370,"date":"2025-02-18T12:19:26","date_gmt":"2025-02-18T11:19:26","guid":{"rendered":"https:\/\/wiejskieprzysmaki.estima.site\/produkt\/roslinna-alternatywa-sera-parmezan-150-g-serio\/"},"modified":"2025-02-18T12:19:31","modified_gmt":"2025-02-18T11:19:31","slug":"roslinna-alternatywa-sera-parmezan-150-g-serio","status":"publish","type":"product","link":"https:\/\/wiejskieprzysmaki.estima.site\/en\/product\/roslinna-alternatywa-sera-parmezan-150-g-serio\/","title":{"rendered":"RO\u015aLINNA ALTERNATYWA SERA PARMEZAN 150 g &#8211; SERIO"},"content":{"rendered":"<p>SK\u0141ADNIKI<br \/>\u0141UBIN (55 %), olej kokosowy, nieaktywne p\u0142atki dro\u017cd\u017cowe, m\u0105ka ziemniaczana, syrop z agawy, b\u0142onnik bambusowy, s\u00f3l, czosnek w proszku, regulatory kwasowo\u015bci (kwas cytrynowy, chlorek potasu), naturalny aromat.<\/p>\n<p>OPIS<br \/>\u201cKr\u00f3l Ser\u00f3w\u201d, czyli ro\u015blinna alternatywa dla parmezanu to odpowiednik sera, kt\u00f3rego wszystkim nam brakowa\u0142o. Twardy, o g\u0142\u0119bokim smaku i kruchej konsystencji. Idealny do starcia na tarce i do posypania ulubionych w\u0142oskich da\u0144.<br \/>Produkt ro\u015blinny na bazie nasion \u0141UBINU pakowany pr\u00f3\u017cniowo.<\/p>\n<p>WARTO\u015a\u0106 OD\u017bYWCZA w 100 g <br \/>Warto\u015b\u0107 energetyczna: 1275 kJ \/ 304 kcal<br \/>T\u0142uszcz: 21 g<br \/>w tym kwasy t\u0142uszczowe nasycone: 17 g<br \/>W\u0119glowodany: 16 g<br \/>w tym cukry: 0,8 g<br \/>B\u0142onnik: 5,1 g<br \/>Bia\u0142ko: 15 g<br \/>S\u00f3l: 1,4 g<\/p>\n<p>INFORMACJA ALERGENNA<br \/>Mo\u017ce zawiera\u0107 MIGDA\u0141Y i SOJ\u0118. <\/p>\n<p>ZALECANE WARUNKI PRZECHOWYWANIA<br \/>Przechowywa\u0107 w temperaturze od +2 do +6\u00b0C. Po otwarciu spo\u017cy\u0107 w ci\u0105gu 4 dni. <\/p>","protected":false},"excerpt":{"rendered":"<p>SK\u0141ADNIKI\u0141UBIN (55 %), olej kokosowy, nieaktywne p\u0142atki dro\u017cd\u017cowe, m\u0105ka ziemniaczana, syrop z agawy, b\u0142onnik bambusowy, s\u00f3l, czosnek w proszku, regulatory kwasowo\u015bci (kwas cytrynowy, chlorek potasu), naturalny aromat. OPIS\u201cKr\u00f3l Ser\u00f3w\u201d, czyli ro\u015blinna alternatywa dla parmezanu to odpowiednik sera, kt\u00f3rego wszystkim nam brakowa\u0142o. Twardy, o g\u0142\u0119bokim smaku i kruchej konsystencji. Idealny do starcia na tarce i do [&hellip;]<\/p>","protected":false},"featured_media":10371,"comment_status":"closed","ping_status":"open","template":"","meta":{"_acf_changed":false},"product_brand":[],"product_cat":[274,484],"product_tag":[],"class_list":{"0":"post-10370","1":"product","2":"type-product","3":"status-publish","4":"has-post-thumbnail","6":"product_cat-lodowka-inne","7":"product_cat-roslinne-alternatywy-sera-miesa","8":"pa_ean-matka-7867","9":"pa_gwarancja-przydatnosci-7864","10":"pa_ilosc-w-opakowaniu-2472","11":"pa_jednostka-podstawowa-szt","12":"pa_kod-cn-2106-90-98","13":"pa_masa-netto-197","14":"pa_objetosc-brutto-6121","15":"pa_producent-serio-sery-roslinne","16":"pa_producent-nazwa-adres-serio-sp-z-o-o-bohaterow-wrzesnia-9-bud-31-02-389-warszawa","17":"pa_tagi-bez-glutenu-w-skladnikach","18":"pa_tagi-weganski","19":"pa_tagi-wegetarianski","21":"first","22":"instock","23":"taxable","24":"shipping-taxable","25":"purchasable","26":"product-type-simple"},"acf":[],"_links":{"self":[{"href":"https:\/\/wiejskieprzysmaki.estima.site\/en\/wp-json\/wp\/v2\/product\/10370","targetHints":{"allow":["GET"]}}],"collection":[{"href":"https:\/\/wiejskieprzysmaki.estima.site\/en\/wp-json\/wp\/v2\/product"}],"about":[{"href":"https:\/\/wiejskieprzysmaki.estima.site\/en\/wp-json\/wp\/v2\/types\/product"}],"replies":[{"embeddable":true,"href":"https:\/\/wiejskieprzysmaki.estima.site\/en\/wp-json\/wp\/v2\/comments?post=10370"}],"wp:featuredmedia":[{"embeddable":true,"href":"https:\/\/wiejskieprzysmaki.estima.site\/en\/wp-json\/wp\/v2\/media\/10371"}],"wp:attachment":[{"href":"https:\/\/wiejskieprzysmaki.estima.site\/en\/wp-json\/wp\/v2\/media?parent=10370"}],"wp:term":[{"taxonomy":"product_brand","embeddable":true,"href":"https:\/\/wiejskieprzysmaki.estima.site\/en\/wp-json\/wp\/v2\/product_brand?post=10370"},{"taxonomy":"product_cat","embeddable":true,"href":"https:\/\/wiejskieprzysmaki.estima.site\/en\/wp-json\/wp\/v2\/product_cat?post=10370"},{"taxonomy":"product_tag","embeddable":true,"href":"https:\/\/wiejskieprzysmaki.estima.site\/en\/wp-json\/wp\/v2\/product_tag?post=10370"}],"curies":[{"name":"wp","href":"https:\/\/api.w.org\/{rel}","templated":true}]}}