{"id":1038,"date":"2025-02-18T10:33:54","date_gmt":"2025-02-18T09:33:54","guid":{"rendered":"https:\/\/wiejskieprzysmaki.estima.site\/produkt\/guarana-sproszkowana-bio-surowiec-20-kg\/"},"modified":"2025-02-20T15:14:06","modified_gmt":"2025-02-20T14:14:06","slug":"guarana-sproszkowana-bio-surowiec-20-kg","status":"publish","type":"product","link":"https:\/\/wiejskieprzysmaki.estima.site\/en\/product\/guarana-sproszkowana-bio-surowiec-20-kg\/","title":{"rendered":"GUARANA SPROSZKOWANA BIO (SUROWIEC) (20 kg)"},"content":{"rendered":"<p>SK\u0141ADNIKI<br \/>ekologiczna guarana sproszkowana 100 %.<\/p>\n<p>OPIS<br \/>Ekologiczna sproszkowana guarana zawiera naturaln\u0105 kofein\u0119, w zwi\u0105zku z czym doskonale zast\u0105pi tradycyjn\u0105 kaw\u0119. Ceniona za swe energetyzuj\u0105ce w\u0142a\u015bciwo\u015bci, zyskuje coraz wi\u0119ksz\u0105 popularno\u015b\u0107 nie tylko w krajach Ameryki Po\u0142udniowej. <\/p>\n<p>SPOS\u00d3B PRZYGOTOWANIA<br \/>ok. 5 g dziennie (ma\u0142a \u0142y\u017ceczka). Polecamy jako dodatek do koktajli, sok\u00f3w, jogurt\u00f3w, musli i innych deser\u00f3w. Znakomicie smakuje r\u00f3wnie\u017c z zielon\u0105 herbat\u0105. <\/p>\n<p>UWAGA<br \/>Nie zaleca si\u0119 stosowania u dzieci i kobiet w ci\u0105\u017cy.\t<\/p>\n<p>WARTO\u015a\u0106 OD\u017bYWCZA W 100 g<br \/>Warto\u015b\u0107 energetyczna \t1360 kJ\/324 kcal<br \/>T\u0142uszcz \t2,9 g<br \/>w tym kwasy t\u0142uszczowe nasycone \t0,5 g<br \/>W\u0119glowodany \t47 g<br \/>w tym cukry \t2,2 g<br \/>B\u0142onnik \t27 g<br \/>Bia\u0142ko \t14 g<br \/>S\u00f3l \t0 g<br \/>Kofeina\t5,0 g<\/p>\n<p>ZALECANE WARUNKI PRZECHOWYWANIA<br \/>Przechowywa\u0107 w suchym i ch\u0142odnym miejscu.<\/p>","protected":false},"excerpt":{"rendered":"<p>SK\u0141ADNIKIekologiczna guarana sproszkowana 100 %. OPISEkologiczna sproszkowana guarana zawiera naturaln\u0105 kofein\u0119, w zwi\u0105zku z czym doskonale zast\u0105pi tradycyjn\u0105 kaw\u0119. Ceniona za swe energetyzuj\u0105ce w\u0142a\u015bciwo\u015bci, zyskuje coraz wi\u0119ksz\u0105 popularno\u015b\u0107 nie tylko w krajach Ameryki Po\u0142udniowej. SPOS\u00d3B PRZYGOTOWANIAok. 5 g dziennie (ma\u0142a \u0142y\u017ceczka). Polecamy jako dodatek do koktajli, sok\u00f3w, jogurt\u00f3w, musli i innych deser\u00f3w. Znakomicie smakuje r\u00f3wnie\u017c [&hellip;]<\/p>","protected":false},"featured_media":1039,"comment_status":"closed","ping_status":"open","template":"","meta":{"_acf_changed":false},"product_brand":[],"product_cat":[290,9057],"product_tag":[],"class_list":{"0":"post-1038","1":"product","2":"type-product","3":"status-publish","4":"has-post-thumbnail","6":"product_cat-produkty-sproszkowane","7":"product_cat-suplementy-diety","8":"pa_ean-matka-1064","9":"pa_gwarancja-przydatnosci-311","10":"pa_ilosc-w-opakowaniu-327","11":"pa_jednostka-podstawowa-kg","12":"pa_kod-cn-1212-99-95","13":"pa_kraj-pochodzenia-skladnikow-brazylia","14":"pa_masa-netto-209","15":"pa_producent-horeca-bio-surowce","16":"pa_producent-nazwa-adres-bio-planet-s-a-wilkowa-wies-7-05-084-leszno","17":"pa_tagi-bez-cukru-w-skladnikach","18":"pa_tagi-bez-glutenu-w-skladnikach","19":"pa_tagi-certyfikat-bio","20":"pa_tagi-weganski","21":"pa_tagi-wegetarianski","23":"first","24":"instock","25":"taxable","26":"shipping-taxable","27":"purchasable","28":"product-type-simple"},"acf":[],"_links":{"self":[{"href":"https:\/\/wiejskieprzysmaki.estima.site\/en\/wp-json\/wp\/v2\/product\/1038","targetHints":{"allow":["GET"]}}],"collection":[{"href":"https:\/\/wiejskieprzysmaki.estima.site\/en\/wp-json\/wp\/v2\/product"}],"about":[{"href":"https:\/\/wiejskieprzysmaki.estima.site\/en\/wp-json\/wp\/v2\/types\/product"}],"replies":[{"embeddable":true,"href":"https:\/\/wiejskieprzysmaki.estima.site\/en\/wp-json\/wp\/v2\/comments?post=1038"}],"wp:featuredmedia":[{"embeddable":true,"href":"https:\/\/wiejskieprzysmaki.estima.site\/en\/wp-json\/wp\/v2\/media\/1039"}],"wp:attachment":[{"href":"https:\/\/wiejskieprzysmaki.estima.site\/en\/wp-json\/wp\/v2\/media?parent=1038"}],"wp:term":[{"taxonomy":"product_brand","embeddable":true,"href":"https:\/\/wiejskieprzysmaki.estima.site\/en\/wp-json\/wp\/v2\/product_brand?post=1038"},{"taxonomy":"product_cat","embeddable":true,"href":"https:\/\/wiejskieprzysmaki.estima.site\/en\/wp-json\/wp\/v2\/product_cat?post=1038"},{"taxonomy":"product_tag","embeddable":true,"href":"https:\/\/wiejskieprzysmaki.estima.site\/en\/wp-json\/wp\/v2\/product_tag?post=1038"}],"curies":[{"name":"wp","href":"https:\/\/api.w.org\/{rel}","templated":true}]}}