{"id":10382,"date":"2025-02-18T12:19:26","date_gmt":"2025-02-18T11:19:26","guid":{"rendered":"https:\/\/wiejskieprzysmaki.estima.site\/produkt\/guma-do-zucia-z-ksylitolem-o-smaku-owocowym-bez-dodatku-cukrow-28-g-birkengold\/"},"modified":"2025-02-18T12:19:44","modified_gmt":"2025-02-18T11:19:44","slug":"guma-do-zucia-z-ksylitolem-o-smaku-owocowym-bez-dodatku-cukrow-28-g-birkengold","status":"publish","type":"product","link":"https:\/\/wiejskieprzysmaki.estima.site\/en\/product\/guma-do-zucia-z-ksylitolem-o-smaku-owocowym-bez-dodatku-cukrow-28-g-birkengold\/","title":{"rendered":"GUMA DO \u017bUCIA Z KSYLITOLEM O SMAKU OWOCOWYM BEZ DODATKU CUKR\u00d3W 28 g &#8211; BIRKENGOLD"},"content":{"rendered":"<p>SK\u0141ADNIKI<br \/>Xylitol, Manilkara Zapota Wood Extract, Aroma, Glycerin, Candelilla Cera, Acacia Senegal Gum, Citric Acid, Stevia Rebaudiana Extract, Copernicia Cerifera Cera, Linalool*. (*naturalny sk\u0142adnik aromatu)<\/p>\n<p>OPIS<br \/>\u017bucie gumy z ksylitolem to doskona\u0142e uzupe\u0142nienie codziennej higieny jamy ustnej. Badania kliniczne potwierdzi\u0142y, \u017ce \u017cucie gumy zwi\u0119ksza wydzielanie \u015bliny, neutralizuje kwasy, zapobiega odk\u0142adaniu si\u0119 p\u0142ytki bakteryjnej oraz redukuje pr\u00f3chnicotw\u00f3rcz\u0105 flor\u0119 bakteryjn\u0105 i remineralizuje szkliwo.&nbsp;<\/p>\n<p>Zalety ksylitolu:<br \/>&#8211; stymuluje i zwi\u0119ksza produkcj\u0119 \u015bliny w jamie ustnej (sucho\u015b\u0107 jamy ustnej)<br \/>&#8211; zapobiega osadzaniu si\u0119 z\u0142og\u00f3w naz\u0119bnych<br \/>&#8211; redukuje osad i kwasotw\u00f3rcze bakterie<br \/>&#8211; wp\u0142ywa na remineralizacj\u0119 szkliwa<br \/>&#8211; mo\u017ce by\u0107 stosowany przez diabetyk\u00f3w<br \/>&#8211; do stosowania przy niewielkich stanach zapalnych w jamie ustnej<\/p>\n<p>SPOS\u00d3B U\u017bYCIA<br \/>\u017bu\u0107 3 gumy dziennie, najlepiej po posi\u0142ku. Gumy nie nale\u017cy po\u0142yka\u0107.<\/p>\n<p>ZALECANE WARUNKI PRZECHOWYWANIA<br \/>Przechowywa\u0107 w suchym miejscu, w temperaturze 12 &#8211; 25 \u2103. Po otwarciu zu\u017cy\u0107 w ci\u0105gu 4 tygodni. <br \/><\/p>","protected":false},"excerpt":{"rendered":"<p>SK\u0141ADNIKIXylitol, Manilkara Zapota Wood Extract, Aroma, Glycerin, Candelilla Cera, Acacia Senegal Gum, Citric Acid, Stevia Rebaudiana Extract, Copernicia Cerifera Cera, Linalool*. (*naturalny sk\u0142adnik aromatu) OPIS\u017bucie gumy z ksylitolem to doskona\u0142e uzupe\u0142nienie codziennej higieny jamy ustnej. Badania kliniczne potwierdzi\u0142y, \u017ce \u017cucie gumy zwi\u0119ksza wydzielanie \u015bliny, neutralizuje kwasy, zapobiega odk\u0142adaniu si\u0119 p\u0142ytki bakteryjnej oraz redukuje pr\u00f3chnicotw\u00f3rcz\u0105 flor\u0119 [&hellip;]<\/p>","protected":false},"featured_media":10383,"comment_status":"closed","ping_status":"open","template":"","meta":{"_acf_changed":false},"product_brand":[],"product_cat":[4623,139],"product_tag":[],"class_list":{"0":"post-10382","1":"product","2":"type-product","3":"status-publish","4":"has-post-thumbnail","6":"product_cat-gumy-do-zucia","7":"product_cat-slodycze-i-przekaski","8":"pa_ean-matka-7881","9":"pa_gwarancja-przydatnosci-522","10":"pa_ilosc-w-opakowaniu-374","11":"pa_jednostka-podstawowa-szt","12":"pa_kod-cn-2106-90-92","13":"pa_masa-netto-2188","14":"pa_objetosc-brutto-4615","15":"pa_producent-birkengold-musy-ciastka-gumy","16":"pa_producent-nazwa-adres-birkengold","17":"pa_tagi-bez-cukru-w-skladnikach","18":"pa_tagi-bez-glutenu-w-skladnikach","19":"pa_tagi-weganski","20":"pa_tagi-wegetarianski","22":"first","23":"instock","24":"taxable","25":"shipping-taxable","26":"purchasable","27":"product-type-simple"},"acf":[],"_links":{"self":[{"href":"https:\/\/wiejskieprzysmaki.estima.site\/en\/wp-json\/wp\/v2\/product\/10382","targetHints":{"allow":["GET"]}}],"collection":[{"href":"https:\/\/wiejskieprzysmaki.estima.site\/en\/wp-json\/wp\/v2\/product"}],"about":[{"href":"https:\/\/wiejskieprzysmaki.estima.site\/en\/wp-json\/wp\/v2\/types\/product"}],"replies":[{"embeddable":true,"href":"https:\/\/wiejskieprzysmaki.estima.site\/en\/wp-json\/wp\/v2\/comments?post=10382"}],"wp:featuredmedia":[{"embeddable":true,"href":"https:\/\/wiejskieprzysmaki.estima.site\/en\/wp-json\/wp\/v2\/media\/10383"}],"wp:attachment":[{"href":"https:\/\/wiejskieprzysmaki.estima.site\/en\/wp-json\/wp\/v2\/media?parent=10382"}],"wp:term":[{"taxonomy":"product_brand","embeddable":true,"href":"https:\/\/wiejskieprzysmaki.estima.site\/en\/wp-json\/wp\/v2\/product_brand?post=10382"},{"taxonomy":"product_cat","embeddable":true,"href":"https:\/\/wiejskieprzysmaki.estima.site\/en\/wp-json\/wp\/v2\/product_cat?post=10382"},{"taxonomy":"product_tag","embeddable":true,"href":"https:\/\/wiejskieprzysmaki.estima.site\/en\/wp-json\/wp\/v2\/product_tag?post=10382"}],"curies":[{"name":"wp","href":"https:\/\/api.w.org\/{rel}","templated":true}]}}