{"id":10414,"date":"2025-02-18T12:20:05","date_gmt":"2025-02-18T11:20:05","guid":{"rendered":"https:\/\/wiejskieprzysmaki.estima.site\/produkt\/czekolada-ciemna-70-z-orzechami-pekan-bio-40-g-cocoa\/"},"modified":"2025-02-18T12:20:10","modified_gmt":"2025-02-18T11:20:10","slug":"czekolada-ciemna-70-z-orzechami-pekan-bio-40-g-cocoa","status":"publish","type":"product","link":"https:\/\/wiejskieprzysmaki.estima.site\/en\/product\/czekolada-ciemna-70-z-orzechami-pekan-bio-40-g-cocoa\/","title":{"rendered":"CZEKOLADA CIEMNA 70 % Z ORZECHAMI PEKAN BIO 40 g &#8211; COCOA"},"content":{"rendered":"<p>SK\u0141ADNIKI<br \/>niepra\u017cone ziarno kakaowca*, cukier z kwiatu palmy kokosowej*, t\u0142uszcz kakaowy*, ORZECHY PEKAN* 15 %, ORZECHY LASKOWE*. (*certyfikowany sk\u0142adnik ekologiczny)<br \/>Zawarto\u015b\u0107 masy kakaowej minimum 70 %.<\/p>\n<p>OPIS<br \/>Nasza autorska surowa czekolada to prawdziwa gratka dla mi\u0142o\u015bnik\u00f3w czekolad! Jest subtelna w smaku i pozbawiona mocnej goryczy. Surowa czekolada zapewnia nam intensywny smak ziaren peruwia\u0144skiego kakaowca, kt\u00f3re \u015bwietnie komponuj\u0105 si\u0119 ze delikatno\u015bci\u0105 orzech\u00f3w pekan. Gwarantujemy, \u017ce ta kombinacja zaskoczy\u0142a pozytywnie ju\u017c niejednego smakosza s\u0142odkich przek\u0105sek!<\/p>\n<p>WARTO\u015a\u0106 OD\u017bYWCZA W 100 g<br \/>Warto\u015b\u0107 energetyczna: 2500 kJ\/604 kcal<br \/>T\u0142uszcz: 46 g<br \/>w tym kwasy t\u0142uszczowe nasycone: 26 g<br \/>W\u0119glowodany: 27 g<br \/>w tym cukry: 26 g<br \/>B\u0142onnik: 10 g<br \/>Bia\u0142ko: 9,0 g<br \/>S\u00f3l: 0,2 g<\/p>\n<p>ZALECANE WARUNKI PRZECHOWYWANIA<br \/>Przechowywa\u0107 w suchym i ch\u0142odnym miejscu.<\/p>","protected":false},"excerpt":{"rendered":"<p>SK\u0141ADNIKIniepra\u017cone ziarno kakaowca*, cukier z kwiatu palmy kokosowej*, t\u0142uszcz kakaowy*, ORZECHY PEKAN* 15 %, ORZECHY LASKOWE*. (*certyfikowany sk\u0142adnik ekologiczny)Zawarto\u015b\u0107 masy kakaowej minimum 70 %. OPISNasza autorska surowa czekolada to prawdziwa gratka dla mi\u0142o\u015bnik\u00f3w czekolad! Jest subtelna w smaku i pozbawiona mocnej goryczy. Surowa czekolada zapewnia nam intensywny smak ziaren peruwia\u0144skiego kakaowca, kt\u00f3re \u015bwietnie komponuj\u0105 si\u0119 [&hellip;]<\/p>","protected":false},"featured_media":10415,"comment_status":"closed","ping_status":"open","template":"","meta":{"_acf_changed":false},"product_brand":[],"product_cat":[1187,139],"product_tag":[],"class_list":{"0":"post-10414","1":"product","2":"type-product","3":"status-publish","4":"has-post-thumbnail","6":"product_cat-czekolady-i-czekoladki","7":"product_cat-slodycze-i-przekaski","8":"pa_ean-matka-7901","9":"pa_gwarancja-przydatnosci-324","10":"pa_ilosc-w-opakowaniu-350","11":"pa_jednostka-podstawowa-szt","12":"pa_kod-cn-1806-32-10","13":"pa_masa-netto-351","14":"pa_objetosc-brutto-2480","15":"pa_producent-cocoa-czekolady-i-bakalie-w-surowej-czekoladzie","16":"pa_producent-nazwa-adres-surovital-m-rendak-k-szwed-s-c","17":"pa_tagi-bez-glutenu-w-skladnikach","18":"pa_tagi-certyfikat-bio","19":"pa_tagi-weganski","20":"pa_tagi-wegetarianski","22":"first","23":"instock","24":"taxable","25":"shipping-taxable","26":"purchasable","27":"product-type-simple"},"acf":[],"_links":{"self":[{"href":"https:\/\/wiejskieprzysmaki.estima.site\/en\/wp-json\/wp\/v2\/product\/10414","targetHints":{"allow":["GET"]}}],"collection":[{"href":"https:\/\/wiejskieprzysmaki.estima.site\/en\/wp-json\/wp\/v2\/product"}],"about":[{"href":"https:\/\/wiejskieprzysmaki.estima.site\/en\/wp-json\/wp\/v2\/types\/product"}],"replies":[{"embeddable":true,"href":"https:\/\/wiejskieprzysmaki.estima.site\/en\/wp-json\/wp\/v2\/comments?post=10414"}],"wp:featuredmedia":[{"embeddable":true,"href":"https:\/\/wiejskieprzysmaki.estima.site\/en\/wp-json\/wp\/v2\/media\/10415"}],"wp:attachment":[{"href":"https:\/\/wiejskieprzysmaki.estima.site\/en\/wp-json\/wp\/v2\/media?parent=10414"}],"wp:term":[{"taxonomy":"product_brand","embeddable":true,"href":"https:\/\/wiejskieprzysmaki.estima.site\/en\/wp-json\/wp\/v2\/product_brand?post=10414"},{"taxonomy":"product_cat","embeddable":true,"href":"https:\/\/wiejskieprzysmaki.estima.site\/en\/wp-json\/wp\/v2\/product_cat?post=10414"},{"taxonomy":"product_tag","embeddable":true,"href":"https:\/\/wiejskieprzysmaki.estima.site\/en\/wp-json\/wp\/v2\/product_tag?post=10414"}],"curies":[{"name":"wp","href":"https:\/\/api.w.org\/{rel}","templated":true}]}}