{"id":10430,"date":"2025-02-18T12:20:28","date_gmt":"2025-02-18T11:20:28","guid":{"rendered":"https:\/\/wiejskieprzysmaki.estima.site\/produkt\/pesto-ala-genovese-bio-125-g-byodo\/"},"modified":"2025-02-18T12:20:30","modified_gmt":"2025-02-18T11:20:30","slug":"pesto-ala-genovese-bio-125-g-byodo","status":"publish","type":"product","link":"https:\/\/wiejskieprzysmaki.estima.site\/en\/product\/pesto-ala-genovese-bio-125-g-byodo\/","title":{"rendered":"PESTO A&#8217;LA GENOVESE BIO 125 g &#8211; BYODO"},"content":{"rendered":"<p>SK\u0141ADNIKI <br \/>olej s\u0142onecznikowy*, bazylia* (24 %), woda, szpinak*, TWARDY SER* (6 %), ORZECHY NERKOWCA*, s\u00f3l morska, odt\u0142uszczone MLEKO w proszku*, surowy cukier trzcinowy*, czosnek*, kurkuma*, skrobia kukurydziana*, bia\u0142ko bobu*, koncentrat soku cytrynowego*, naturalny olejek bazyliowy*, substancja zag\u0119szczaj\u0105ca: guma guar* (*certyfikowany sk\u0142adnik ekologiczny)<\/p>\n<p>OPIS <br \/>Dzi\u0119ki kremowej konsystencji i intensywnemu smakowi bazylii Byodo Pesto alla Genovese doskonale komponuje si\u0119 z makaronem lub ziemniakami. Idealnie nadaje si\u0119 r\u00f3wnie\u017c do marynowania mi\u0119s oraz jako dodatek do RYB i warzyw. Pyszna pasta z bazylii idealnie nadaje si\u0119 r\u00f3wnie\u017c do chleba lub do aromatyzowania sos\u00f3w.<\/p>\n<p>WARTO\u015a\u0106 OD\u017bYWCZA W 100 g <br \/>Warto\u015b\u0107 energetyczna: 1619 kJ\/387 kcal <br \/>T\u0142uszcz: 38 g <br \/>w tym kwasy t\u0142uszczowe nasycone: 5,0 g <br \/>W\u0119glowodany: 7,6 g <br \/>w tym cukry: 5,3 g <br \/>Bia\u0142ko: 5,5 g <br \/>S\u00f3l: 2,6 g <\/p>\n<p>INFORMACJA ALERGENNA<br \/>Mo\u017ce zawiera\u0107 ORZESZKI ZIEMNE, inne ORZECHY, SELER, GORCZYC\u0118 i soj\u0119.<\/p>\n<p>ZALECANE WARUNKI PRZECHOWYWANIA<br \/>Po otwarciu przechowywa\u0107 w lod\u00f3wce.<\/p>","protected":false},"excerpt":{"rendered":"<p>SK\u0141ADNIKI olej s\u0142onecznikowy*, bazylia* (24 %), woda, szpinak*, TWARDY SER* (6 %), ORZECHY NERKOWCA*, s\u00f3l morska, odt\u0142uszczone MLEKO w proszku*, surowy cukier trzcinowy*, czosnek*, kurkuma*, skrobia kukurydziana*, bia\u0142ko bobu*, koncentrat soku cytrynowego*, naturalny olejek bazyliowy*, substancja zag\u0119szczaj\u0105ca: guma guar* (*certyfikowany sk\u0142adnik ekologiczny) OPIS Dzi\u0119ki kremowej konsystencji i intensywnemu smakowi bazylii Byodo Pesto alla Genovese doskonale [&hellip;]<\/p>","protected":false},"featured_media":10431,"comment_status":"closed","ping_status":"open","template":"","meta":{"_acf_changed":false},"product_brand":[],"product_cat":[1992,94],"product_tag":[],"class_list":{"0":"post-10430","1":"product","2":"type-product","3":"status-publish","4":"has-post-thumbnail","6":"product_cat-inne-sosy","7":"product_cat-sosy","8":"pa_ean-matka-7913","9":"pa_gwarancja-przydatnosci-320","10":"pa_ilosc-w-opakowaniu-298","11":"pa_jednostka-podstawowa-szt","12":"pa_kod-cn-2103-90-90","13":"pa_masa-netto-811","14":"pa_objetosc-brutto-6111","15":"pa_producent-byodo-sosy-majonezy-musztardy","16":"pa_producent-nazwa-adres-byodo-naturkost-gmbh-leisederstrasse-284453-muehldorf-germany","17":"pa_tagi-bez-glutenu-w-skladnikach","18":"pa_tagi-certyfikat-bio","19":"pa_tagi-wegetarianski","21":"first","22":"instock","23":"taxable","24":"shipping-taxable","25":"purchasable","26":"product-type-simple"},"acf":[],"_links":{"self":[{"href":"https:\/\/wiejskieprzysmaki.estima.site\/en\/wp-json\/wp\/v2\/product\/10430","targetHints":{"allow":["GET"]}}],"collection":[{"href":"https:\/\/wiejskieprzysmaki.estima.site\/en\/wp-json\/wp\/v2\/product"}],"about":[{"href":"https:\/\/wiejskieprzysmaki.estima.site\/en\/wp-json\/wp\/v2\/types\/product"}],"replies":[{"embeddable":true,"href":"https:\/\/wiejskieprzysmaki.estima.site\/en\/wp-json\/wp\/v2\/comments?post=10430"}],"wp:featuredmedia":[{"embeddable":true,"href":"https:\/\/wiejskieprzysmaki.estima.site\/en\/wp-json\/wp\/v2\/media\/10431"}],"wp:attachment":[{"href":"https:\/\/wiejskieprzysmaki.estima.site\/en\/wp-json\/wp\/v2\/media?parent=10430"}],"wp:term":[{"taxonomy":"product_brand","embeddable":true,"href":"https:\/\/wiejskieprzysmaki.estima.site\/en\/wp-json\/wp\/v2\/product_brand?post=10430"},{"taxonomy":"product_cat","embeddable":true,"href":"https:\/\/wiejskieprzysmaki.estima.site\/en\/wp-json\/wp\/v2\/product_cat?post=10430"},{"taxonomy":"product_tag","embeddable":true,"href":"https:\/\/wiejskieprzysmaki.estima.site\/en\/wp-json\/wp\/v2\/product_tag?post=10430"}],"curies":[{"name":"wp","href":"https:\/\/api.w.org\/{rel}","templated":true}]}}