{"id":10454,"date":"2025-02-18T12:20:41","date_gmt":"2025-02-18T11:20:41","guid":{"rendered":"https:\/\/wiejskieprzysmaki.estima.site\/produkt\/sos-pomidorowy-arrabbiata-bio-375-g-eden\/"},"modified":"2025-02-18T12:20:44","modified_gmt":"2025-02-18T11:20:44","slug":"sos-pomidorowy-arrabbiata-bio-375-g-eden","status":"publish","type":"product","link":"https:\/\/wiejskieprzysmaki.estima.site\/en\/product\/sos-pomidorowy-arrabbiata-bio-375-g-eden\/","title":{"rendered":"SOS POMIDOROWY ARRABBIATA BIO 375 g &#8211; EDEN"},"content":{"rendered":"<p>SK\u0141ADNIKI <br \/>86 % pomidory*, 8 % koncentrat pomidorowy*, cebula*, 1,3 % oliwa z oliwek z pierwszego t\u0142oczenia*, 1 % czerwona s\u0142odka papryka*, przyprawy* (czosnek*, papryka*, pieprz*), s\u00f3l morska, 0,4 % natka pietruszki*, 0,1 % chili*, koncentrat soku z cytryny*. (*certyfikowany sk\u0142adnik ekologiczny)<\/p>\n<p>SPOS\u00d3B PRZYGOTOWANIA <br \/>Podgrza\u0107 w garnku lub w kuchence mikrofalowej przez 1 minut\u0119<\/p>\n<p>WARTO\u015a\u0106 OD\u017bYWCZA W 100 g <br \/>Warto\u015b\u0107 energetyczna: 187 kJ\/ 45 kcal<br \/>T\u0142uszcz: 1,5 g<br \/>w tym kwasy t\u0142uszczowe nasycone: 0,3 g<br \/>W\u0119glowodany: 5,0 g<br \/>w tym cukry: 4,8 g<br \/>Bia\u0142ko: 1,5 g<br \/>S\u00f3l: 0,9 g<\/p>\n<p>INFORMACJA ALERGENNA<br \/>Mo\u017ce zawiera\u0107 ZBO\u017bA ZAWIERAJ\u0104CE GLUTEN, MLEKO, ORZECHY NERKOWCA, SELER, soj\u0119<\/p>\n<p>ZALECANE WARUNKI PRZECHOWYWANIA<br \/>Przechowywa\u0107 w suchym i ch\u0142odnym miejscu, w temperaturze do 25\u2103. Po otwarciu przechowywa\u0107 w lod\u00f3wce i zu\u017cy\u0107 w ci\u0105gu kilku dni.  <\/p>","protected":false},"excerpt":{"rendered":"<p>SK\u0141ADNIKI 86 % pomidory*, 8 % koncentrat pomidorowy*, cebula*, 1,3 % oliwa z oliwek z pierwszego t\u0142oczenia*, 1 % czerwona s\u0142odka papryka*, przyprawy* (czosnek*, papryka*, pieprz*), s\u00f3l morska, 0,4 % natka pietruszki*, 0,1 % chili*, koncentrat soku z cytryny*. (*certyfikowany sk\u0142adnik ekologiczny) SPOS\u00d3B PRZYGOTOWANIA Podgrza\u0107 w garnku lub w kuchence mikrofalowej przez 1 minut\u0119 WARTO\u015a\u0106 [&hellip;]<\/p>","protected":false},"featured_media":10455,"comment_status":"closed","ping_status":"open","template":"","meta":{"_acf_changed":false},"product_brand":[],"product_cat":[95,94],"product_tag":[],"class_list":{"0":"post-10454","1":"product","2":"type-product","3":"status-publish","4":"has-post-thumbnail","6":"product_cat-ketchupy-koncentraty-sosy-pomidorowe","7":"product_cat-sosy","8":"pa_ean-matka-7933","9":"pa_gwarancja-przydatnosci-324","10":"pa_ilosc-w-opakowaniu-298","11":"pa_jednostka-podstawowa-szt","12":"pa_kod-cn-2103-90-90","13":"pa_masa-netto-416","14":"pa_objetosc-brutto-7928","15":"pa_producent-eden-sosy-dania-weganskie","16":"pa_producent-nazwa-adres-ali-big-industria-alimentare-s-r-l-via-per-airuno-n-25-brivio-lc-italy","17":"pa_tagi-bez-cukru-w-skladnikach","18":"pa_tagi-bez-glutenu-w-skladnikach","19":"pa_tagi-certyfikat-bio","20":"pa_tagi-weganski","21":"pa_tagi-wegetarianski","23":"first","24":"instock","25":"taxable","26":"shipping-taxable","27":"purchasable","28":"product-type-simple"},"acf":[],"_links":{"self":[{"href":"https:\/\/wiejskieprzysmaki.estima.site\/en\/wp-json\/wp\/v2\/product\/10454","targetHints":{"allow":["GET"]}}],"collection":[{"href":"https:\/\/wiejskieprzysmaki.estima.site\/en\/wp-json\/wp\/v2\/product"}],"about":[{"href":"https:\/\/wiejskieprzysmaki.estima.site\/en\/wp-json\/wp\/v2\/types\/product"}],"replies":[{"embeddable":true,"href":"https:\/\/wiejskieprzysmaki.estima.site\/en\/wp-json\/wp\/v2\/comments?post=10454"}],"wp:featuredmedia":[{"embeddable":true,"href":"https:\/\/wiejskieprzysmaki.estima.site\/en\/wp-json\/wp\/v2\/media\/10455"}],"wp:attachment":[{"href":"https:\/\/wiejskieprzysmaki.estima.site\/en\/wp-json\/wp\/v2\/media?parent=10454"}],"wp:term":[{"taxonomy":"product_brand","embeddable":true,"href":"https:\/\/wiejskieprzysmaki.estima.site\/en\/wp-json\/wp\/v2\/product_brand?post=10454"},{"taxonomy":"product_cat","embeddable":true,"href":"https:\/\/wiejskieprzysmaki.estima.site\/en\/wp-json\/wp\/v2\/product_cat?post=10454"},{"taxonomy":"product_tag","embeddable":true,"href":"https:\/\/wiejskieprzysmaki.estima.site\/en\/wp-json\/wp\/v2\/product_tag?post=10454"}],"curies":[{"name":"wp","href":"https:\/\/api.w.org\/{rel}","templated":true}]}}