{"id":1048,"date":"2025-02-18T10:33:54","date_gmt":"2025-02-18T09:33:54","guid":{"rendered":"https:\/\/wiejskieprzysmaki.estima.site\/produkt\/krazki-kukurydziane-z-quinoa-bezglutenowe-bio-50-g-fiorentini\/"},"modified":"2025-02-18T10:34:10","modified_gmt":"2025-02-18T09:34:10","slug":"krazki-kukurydziane-z-quinoa-bezglutenowe-bio-50-g-fiorentini","status":"publish","type":"product","link":"https:\/\/wiejskieprzysmaki.estima.site\/en\/product\/krazki-kukurydziane-z-quinoa-bezglutenowe-bio-50-g-fiorentini\/","title":{"rendered":"KR\u0104\u017bKI KUKURYDZIANE Z QUINOA BEZGLUTENOWE BIO 50 g &#8211; FIORENTINI"},"content":{"rendered":"<p>SK\u0141ADNIKI<br \/>kukurydza* (77,3 %), olej kukurydziany*, quinoa* (10 %), s\u00f3l morska (*certyfikowany sk\u0142adnik ekologiczny)<\/p>\n<p>WARTO\u015a\u0106 OD\u017bYWCZA W 100 g<br \/>Warto\u015b\u0107 energetyczna 1777 kJ\/421 kcal  <br \/>T\u0142uszcz: 9,2 g  <br \/>w tym kwasy nasycone: 1,2 g  <br \/>W\u0119glowodany: 76,9 g  <br \/>w tym cukry: 0,7 g  <br \/>Bia\u0142ko: 6,7 g  <br \/>S\u00f3l: 1,9 g<\/p>\n<p>ZALECANE WARUNKI PRZECHOWYWANIA<br \/>Przechowywa\u0107 w suchym i ch\u0142odnym miejscu<\/p>","protected":false},"excerpt":{"rendered":"<p>SK\u0141ADNIKIkukurydza* (77,3 %), olej kukurydziany*, quinoa* (10 %), s\u00f3l morska (*certyfikowany sk\u0142adnik ekologiczny) WARTO\u015a\u0106 OD\u017bYWCZA W 100 gWarto\u015b\u0107 energetyczna 1777 kJ\/421 kcal T\u0142uszcz: 9,2 g w tym kwasy nasycone: 1,2 g W\u0119glowodany: 76,9 g w tym cukry: 0,7 g Bia\u0142ko: 6,7 g S\u00f3l: 1,9 g ZALECANE WARUNKI PRZECHOWYWANIAPrzechowywa\u0107 w suchym i ch\u0142odnym miejscu<\/p>","protected":false},"featured_media":1049,"comment_status":"closed","ping_status":"open","template":"","meta":{"_acf_changed":false},"product_brand":[],"product_cat":[422,139],"product_tag":[],"class_list":{"0":"post-1048","1":"product","2":"type-product","3":"status-publish","4":"has-post-thumbnail","6":"product_cat-chipsy-chrupki-popcorn","7":"product_cat-slodycze-i-przekaski","8":"pa_ean-matka-1077","9":"pa_gwarancja-przydatnosci-324","10":"pa_ilosc-w-opakowaniu-674","11":"pa_jednostka-podstawowa-szt","12":"pa_kod-cn-1904-10-90","13":"pa_masa-netto-461","14":"pa_objetosc-brutto-782","15":"pa_producent-fiorentini-przekaski-bezglutenowe","16":"pa_producent-nazwa-adres-fiorentini-alimentari-spa-strada-del-francese-156-10156-torino","17":"pa_tagi-bez-cukru-w-skladnikach","18":"pa_tagi-bez-glutenu-deklaracja","19":"pa_tagi-bez-glutenu-w-skladnikach","20":"pa_tagi-certyfikat-bio","21":"pa_tagi-weganski","22":"pa_tagi-wegetarianski","24":"first","25":"instock","26":"taxable","27":"shipping-taxable","28":"purchasable","29":"product-type-simple"},"acf":[],"_links":{"self":[{"href":"https:\/\/wiejskieprzysmaki.estima.site\/en\/wp-json\/wp\/v2\/product\/1048","targetHints":{"allow":["GET"]}}],"collection":[{"href":"https:\/\/wiejskieprzysmaki.estima.site\/en\/wp-json\/wp\/v2\/product"}],"about":[{"href":"https:\/\/wiejskieprzysmaki.estima.site\/en\/wp-json\/wp\/v2\/types\/product"}],"replies":[{"embeddable":true,"href":"https:\/\/wiejskieprzysmaki.estima.site\/en\/wp-json\/wp\/v2\/comments?post=1048"}],"wp:featuredmedia":[{"embeddable":true,"href":"https:\/\/wiejskieprzysmaki.estima.site\/en\/wp-json\/wp\/v2\/media\/1049"}],"wp:attachment":[{"href":"https:\/\/wiejskieprzysmaki.estima.site\/en\/wp-json\/wp\/v2\/media?parent=1048"}],"wp:term":[{"taxonomy":"product_brand","embeddable":true,"href":"https:\/\/wiejskieprzysmaki.estima.site\/en\/wp-json\/wp\/v2\/product_brand?post=1048"},{"taxonomy":"product_cat","embeddable":true,"href":"https:\/\/wiejskieprzysmaki.estima.site\/en\/wp-json\/wp\/v2\/product_cat?post=1048"},{"taxonomy":"product_tag","embeddable":true,"href":"https:\/\/wiejskieprzysmaki.estima.site\/en\/wp-json\/wp\/v2\/product_tag?post=1048"}],"curies":[{"name":"wp","href":"https:\/\/api.w.org\/{rel}","templated":true}]}}