{"id":1050,"date":"2025-02-18T10:33:54","date_gmt":"2025-02-18T09:33:54","guid":{"rendered":"https:\/\/wiejskieprzysmaki.estima.site\/produkt\/wafle-kukurydziane-z-chia-bezglutenowe-bio-120-g-fiorentini\/"},"modified":"2025-02-18T10:34:11","modified_gmt":"2025-02-18T09:34:11","slug":"wafle-kukurydziane-z-chia-bezglutenowe-bio-120-g-fiorentini","status":"publish","type":"product","link":"https:\/\/wiejskieprzysmaki.estima.site\/en\/product\/wafle-kukurydziane-z-chia-bezglutenowe-bio-120-g-fiorentini\/","title":{"rendered":"WAFLE KUKURYDZIANE Z CHIA BEZGLUTENOWE BIO 120 g &#8211; FIORENTINI"},"content":{"rendered":"<p>SK\u0141ADNIKI<br \/>kukurydza* (89 %), nasiona chia &#8211;  nasiona sza\u0142wii hiszpa\u0144skiej (Salvia hispanica)* (10 %), olej kukurydziany*, s\u00f3l morska (*certyfikowany sk\u0142adnik ekologiczny)<\/p>\n<p>WARTO\u015a\u0106 OD\u017bYWCZA W 100 g<br \/>Warto\u015b\u0107 energetyczna: 1666 kJ\/394 kcal  <br \/>T\u0142uszcz: 4,2 g<br \/>w tym kwasy nasycone: 0,5 g<br \/>W\u0119glowodany: 78,3 g<br \/>w tym cukry: 0,4 g<br \/>Bia\u0142ko: 7,9 g<br \/>S\u00f3l: 0,3 g<\/p>\n<p>ZALECANE WARUNKI PRZECHOWYWANIA  <br \/>Przechowywa\u0107 w suchym i ch\u0142odnym miejscu.<\/p>","protected":false},"excerpt":{"rendered":"<p>SK\u0141ADNIKIkukurydza* (89 %), nasiona chia &#8211; nasiona sza\u0142wii hiszpa\u0144skiej (Salvia hispanica)* (10 %), olej kukurydziany*, s\u00f3l morska (*certyfikowany sk\u0142adnik ekologiczny) WARTO\u015a\u0106 OD\u017bYWCZA W 100 gWarto\u015b\u0107 energetyczna: 1666 kJ\/394 kcal T\u0142uszcz: 4,2 gw tym kwasy nasycone: 0,5 gW\u0119glowodany: 78,3 gw tym cukry: 0,4 gBia\u0142ko: 7,9 gS\u00f3l: 0,3 g ZALECANE WARUNKI PRZECHOWYWANIA Przechowywa\u0107 w suchym i ch\u0142odnym [&hellip;]<\/p>","protected":false},"featured_media":1051,"comment_status":"closed","ping_status":"open","template":"","meta":{"_acf_changed":false},"product_brand":[],"product_cat":[64,1079],"product_tag":[],"class_list":{"0":"post-1050","1":"product","2":"type-product","3":"status-publish","4":"has-post-thumbnail","6":"product_cat-pieczywo","7":"product_cat-pieczywo-chrupkie","8":"pa_ean-matka-1078","9":"pa_gwarancja-przydatnosci-324","10":"pa_ilosc-w-opakowaniu-374","11":"pa_jednostka-podstawowa-szt","12":"pa_kod-cn-1904-10-90","13":"pa_masa-netto-411","14":"pa_objetosc-brutto-414","15":"pa_producent-fiorentini-przekaski-bezglutenowe","16":"pa_producent-nazwa-adres-fiorentini-alimentari-spa-strada-del-francese-156-10156-torino","17":"pa_tagi-bez-cukru-w-skladnikach","18":"pa_tagi-bez-glutenu-deklaracja","19":"pa_tagi-bez-glutenu-w-skladnikach","20":"pa_tagi-certyfikat-bio","21":"pa_tagi-weganski","22":"pa_tagi-wegetarianski","24":"first","25":"instock","26":"taxable","27":"shipping-taxable","28":"purchasable","29":"product-type-simple"},"acf":[],"_links":{"self":[{"href":"https:\/\/wiejskieprzysmaki.estima.site\/en\/wp-json\/wp\/v2\/product\/1050","targetHints":{"allow":["GET"]}}],"collection":[{"href":"https:\/\/wiejskieprzysmaki.estima.site\/en\/wp-json\/wp\/v2\/product"}],"about":[{"href":"https:\/\/wiejskieprzysmaki.estima.site\/en\/wp-json\/wp\/v2\/types\/product"}],"replies":[{"embeddable":true,"href":"https:\/\/wiejskieprzysmaki.estima.site\/en\/wp-json\/wp\/v2\/comments?post=1050"}],"wp:featuredmedia":[{"embeddable":true,"href":"https:\/\/wiejskieprzysmaki.estima.site\/en\/wp-json\/wp\/v2\/media\/1051"}],"wp:attachment":[{"href":"https:\/\/wiejskieprzysmaki.estima.site\/en\/wp-json\/wp\/v2\/media?parent=1050"}],"wp:term":[{"taxonomy":"product_brand","embeddable":true,"href":"https:\/\/wiejskieprzysmaki.estima.site\/en\/wp-json\/wp\/v2\/product_brand?post=1050"},{"taxonomy":"product_cat","embeddable":true,"href":"https:\/\/wiejskieprzysmaki.estima.site\/en\/wp-json\/wp\/v2\/product_cat?post=1050"},{"taxonomy":"product_tag","embeddable":true,"href":"https:\/\/wiejskieprzysmaki.estima.site\/en\/wp-json\/wp\/v2\/product_tag?post=1050"}],"curies":[{"name":"wp","href":"https:\/\/api.w.org\/{rel}","templated":true}]}}