{"id":10546,"date":"2025-02-18T12:21:38","date_gmt":"2025-02-18T11:21:38","guid":{"rendered":"https:\/\/wiejskieprzysmaki.estima.site\/produkt\/drozdze-aktywne-suszone-bio-9-g-bioreal\/"},"modified":"2025-02-18T12:21:42","modified_gmt":"2025-02-18T11:21:42","slug":"drozdze-aktywne-suszone-bio-9-g-bioreal","status":"publish","type":"product","link":"https:\/\/wiejskieprzysmaki.estima.site\/en\/product\/drozdze-aktywne-suszone-bio-9-g-bioreal\/","title":{"rendered":"DRO\u017bD\u017bE AKTYWNE SUSZONE BIO 9 g &#8211; BIOREAL"},"content":{"rendered":"<p>SK\u0141ADNIKI<br \/>ekologiczne dro\u017cd\u017ce.<\/p>\n<p>OPIS<br \/>Pakowane w atmosferze ochronnej. <br \/>Dro\u017cd\u017ce wymieszaj z m\u0105k\u0105 &#8211; nie rozpuszcza\u0107 w wodzie. Post\u0119powa\u0107 wed\u0142ug przepisu. 9 g na 500 g m\u0105ki. <\/p>\n<p>WARTO\u015a\u0106 OD\u017bYWCZA w 100 g <br \/>Warto\u015b\u0107 energetyczna: 1263 kJ \/ 302 kcal<br \/>T\u0142uszcz: 4,0 g<br \/>w tym kwasy t\u0142uszczowe nasycone: 1,0 g<br \/>W\u0119glowodany: 17 g<br \/>w tym cukry: &lt;0,5 g<br \/>B\u0142onnik: 31 g<br \/>Bia\u0142ko: 34 g<br \/>S\u00f3l: 1,0 g<\/p>\n<p>INFORMACJA ALERGENNA<br \/>Mo\u017ce zawiera\u0107 gluten<\/p>\n<p>ZALECANE WARUNKI PRZECHOWYWANIA<br \/>Przechowywa\u0107 w suchym i ch\u0142odnym miejscu.<\/p>","protected":false},"excerpt":{"rendered":"<p>SK\u0141ADNIKIekologiczne dro\u017cd\u017ce. OPISPakowane w atmosferze ochronnej. Dro\u017cd\u017ce wymieszaj z m\u0105k\u0105 &#8211; nie rozpuszcza\u0107 w wodzie. Post\u0119powa\u0107 wed\u0142ug przepisu. 9 g na 500 g m\u0105ki. WARTO\u015a\u0106 OD\u017bYWCZA w 100 g Warto\u015b\u0107 energetyczna: 1263 kJ \/ 302 kcalT\u0142uszcz: 4,0 gw tym kwasy t\u0142uszczowe nasycone: 1,0 gW\u0119glowodany: 17 gw tym cukry: &lt;0,5 gB\u0142onnik: 31 gBia\u0142ko: 34 gS\u00f3l: 1,0 [&hellip;]<\/p>","protected":false},"featured_media":10547,"comment_status":"closed","ping_status":"open","template":"","meta":{"_acf_changed":false},"product_brand":[],"product_cat":[36],"product_tag":[],"class_list":{"0":"post-10546","1":"product","2":"type-product","3":"status-publish","4":"has-post-thumbnail","6":"product_cat-dodatki-do-wypiekow-i-deserow","7":"pa_ean-matka-7989","8":"pa_gwarancja-przydatnosci-324","9":"pa_ilosc-w-opakowaniu-7988","10":"pa_jednostka-podstawowa-szt","11":"pa_kod-cn-2102-10-31","12":"pa_masa-netto-707","13":"pa_objetosc-brutto-4248","14":"pa_producent-bioreal-drozdze-swieze-i-suszone","15":"pa_producent-nazwa-adres-agrano-gmbh-co-kg-bahnhofstrase-35-79359-riegel-am-kaiserstuhl","16":"pa_tagi-bez-cukru-w-skladnikach","17":"pa_tagi-bez-glutenu-w-skladnikach","18":"pa_tagi-certyfikat-bio","19":"pa_tagi-weganski","20":"pa_tagi-wegetarianski","22":"first","23":"instock","24":"taxable","25":"shipping-taxable","26":"purchasable","27":"product-type-simple"},"acf":[],"_links":{"self":[{"href":"https:\/\/wiejskieprzysmaki.estima.site\/en\/wp-json\/wp\/v2\/product\/10546","targetHints":{"allow":["GET"]}}],"collection":[{"href":"https:\/\/wiejskieprzysmaki.estima.site\/en\/wp-json\/wp\/v2\/product"}],"about":[{"href":"https:\/\/wiejskieprzysmaki.estima.site\/en\/wp-json\/wp\/v2\/types\/product"}],"replies":[{"embeddable":true,"href":"https:\/\/wiejskieprzysmaki.estima.site\/en\/wp-json\/wp\/v2\/comments?post=10546"}],"wp:featuredmedia":[{"embeddable":true,"href":"https:\/\/wiejskieprzysmaki.estima.site\/en\/wp-json\/wp\/v2\/media\/10547"}],"wp:attachment":[{"href":"https:\/\/wiejskieprzysmaki.estima.site\/en\/wp-json\/wp\/v2\/media?parent=10546"}],"wp:term":[{"taxonomy":"product_brand","embeddable":true,"href":"https:\/\/wiejskieprzysmaki.estima.site\/en\/wp-json\/wp\/v2\/product_brand?post=10546"},{"taxonomy":"product_cat","embeddable":true,"href":"https:\/\/wiejskieprzysmaki.estima.site\/en\/wp-json\/wp\/v2\/product_cat?post=10546"},{"taxonomy":"product_tag","embeddable":true,"href":"https:\/\/wiejskieprzysmaki.estima.site\/en\/wp-json\/wp\/v2\/product_tag?post=10546"}],"curies":[{"name":"wp","href":"https:\/\/api.w.org\/{rel}","templated":true}]}}